{"id":16823,"date":"2023-05-30T12:36:00","date_gmt":"2023-05-30T10:36:00","guid":{"rendered":"https:\/\/pawz.rs\/?post_type=product&#038;p=16823"},"modified":"2024-05-13T13:11:36","modified_gmt":"2024-05-13T11:11:36","slug":"trainer-natural-medium-maxi-adult-weight-care-belo-meso","status":"publish","type":"product","link":"https:\/\/pawz.rs\/en\/trainer-natural-medium-maxi-adult-weight-care-belo-meso\/","title":{"rendered":"Trainer Natural Medium\/Maxi Adult Light In Fat \u0106uretina"},"content":{"rendered":"<p><strong>Trainer Natural Medium\/Maxi Adult Light In Fat \u0106uretina<\/strong><\/p>\n<p>Kompletna, dehidrirana, potpuna balansirana hrana za odrasle pse srednjih i velikih rasa sa tendencijom prekomerne te\u017eine.<\/p>\n<p>Zahvaljujuc\u0301i omega-3 iz lanenog semena i algi, bosvellia serrata i magnezijumu poma\u017ee u odr\u017eavanju zglobova.<\/p>\n<p>Zahvaljujuc\u0301i spirulini, proteinima, mineralima i vitaminima poma\u017ee u odr\u017eavanju vitalnosti psa. 36% manje masti, L-karnitina i nisko kalori\u010dni sadr\u017eaj.<\/p>\n<p>Njegova prilago\u0111ena formula sadr\u017ei biljna vlakna, minerale i ekstrakt lista bodljikave kru\u0161ke koji poma\u017eu u smanjenju apsorpcije masti.<\/p>\n<p>Sadr\u017ei biljna vlakna, poput lignoceluloze, p\u0161eni\u010dnih mekinja i vlakana gra\u0161ka.<\/p>\n<p><strong>Sastav:<\/strong><br \/>\nDehidrirani proteini piletine i c\u0301uretine, kukuruz, sve\u017ee belo meso (piletina i c\u0301uretina) 15%, kukuruzni obrok \u201efioretto\u201c, pirina\u010d, p\u0161eni\u010dne mekinje 4,5%, hidrolizovani \u017eivotinjski proteini, dehidrirani svinjski proteini, pulpa repe, laneno seme 2%, vlakna gra\u0161ka 1,5 %, lignoceluloza 1,5%, autolizat kvasca, ekstrakt su\u0161enog korena cikorije (izvor inulina), dehidrirani proteini ribe, minerali, ekstrakt li\u0161c\u0301a Neunpun osu\u0161eni listovi fikus-indika 0,14%, peptidi bioaktivnih kolagena 0,06%, spirulina (Arthrospira platensis) 0,02%<\/p>\n<p><strong>Nutritivni dodaci:<br \/>\n<\/strong>Vitamin A 26000 IU, vitamin D\u2083 1350 IU, vitamin E 555 mg, L-karnitin 375 mg, bakar (II) sulfat pentahidrat 49,13 mg (bakar 12,5 mg), gvo\u017e\u0111e (II) karbonat 310,5 mg (gvo\u017e\u0111e 150 mg) , oblo\u017eeni granulirani anhidrovani kalcijum jodat 3,85 mg (jod 2,5 mg), natrijum selenit 0,44 mg (selen 0,2 mg), cinkov oksid 193,4 mg (cink 156 mg), mangan (II) oksid 45,1 mg (mangan 35 mg)<\/p>\n<p><strong>Senzorni aditivi: <\/strong><br \/>\nSu\u0161eni ekstrakt Bosvellia serrata 600 mg .<br \/>\nMo\u017ee sadr\u017eati tragove drugih \u017eivotinjskih proteina.<\/p>\n<p><strong>Tehnolo\u0161ki dodaci:<\/strong><br \/>\nKlinoptilolit sedimentnog porekla 4000 mg, sirovi proteini 28%, sirove masti 9,5%, sirova vlakna 5%, sirovi pepeo 6,5%, magnezijum 0,1%, omega 3 0,8%.<\/p>\n<p>Serve food in dry form with available fresh water.<br \/>\nFor your pet&#039;s health, consult a veterinarian regularly.<\/p>\n<p>Store the product in a dry, dark and cool place.<\/p>\n<p>Proizvo\u0111a\u010d: Novafoods<br \/>\nZemlja porekla: Italija<\/p>\n\n    <div class=\"xs_social_share_widget xs_share_url after_content \t\tmain_content  wslu-style-1 wslu-share-box-shaped wslu-fill-colored wslu-none wslu-share-horizontal wslu-theme-font-no wslu-main_content\">\n\n\t\t\n        <ul>\n\t\t\t        <\/ul>\n    <\/div>","protected":false},"excerpt":{"rendered":"<p>Trainer Natural Medium\/Maxi Adult Weight Care sa belim mesom je hrana namenjena odraslim psima srednjih i velikih rasa.<\/p>","protected":false},"featured_media":16896,"comment_status":"open","ping_status":"closed","template":"","meta":{"_acf_changed":false},"pwb-brand":[604],"product_cat":[47,48,49],"product_tag":[],"class_list":{"0":"post-16823","1":"product","2":"type-product","3":"status-publish","4":"has-post-thumbnail","6":"pwb-brand-natural-trainer","7":"product_cat-psi","8":"product_cat-hrana-za-pse","9":"product_cat-granule-za-pse","11":"first","12":"instock","13":"taxable","14":"shipping-taxable","15":"purchasable","16":"product-type-variable","17":"has-default-attributes"},"acf":[],"brands":[{"id":604,"name":"Natural Trainer","slug":"natural-trainer"}],"_links":{"self":[{"href":"https:\/\/pawz.rs\/en\/wp-json\/wp\/v2\/product\/16823","targetHints":{"allow":["GET"]}}],"collection":[{"href":"https:\/\/pawz.rs\/en\/wp-json\/wp\/v2\/product"}],"about":[{"href":"https:\/\/pawz.rs\/en\/wp-json\/wp\/v2\/types\/product"}],"replies":[{"embeddable":true,"href":"https:\/\/pawz.rs\/en\/wp-json\/wp\/v2\/comments?post=16823"}],"wp:featuredmedia":[{"embeddable":true,"href":"https:\/\/pawz.rs\/en\/wp-json\/wp\/v2\/media\/16896"}],"wp:attachment":[{"href":"https:\/\/pawz.rs\/en\/wp-json\/wp\/v2\/media?parent=16823"}],"wp:term":[{"taxonomy":"pwb-brand","embeddable":true,"href":"https:\/\/pawz.rs\/en\/wp-json\/wp\/v2\/pwb-brand?post=16823"},{"taxonomy":"product_cat","embeddable":true,"href":"https:\/\/pawz.rs\/en\/wp-json\/wp\/v2\/product_cat?post=16823"},{"taxonomy":"product_tag","embeddable":true,"href":"https:\/\/pawz.rs\/en\/wp-json\/wp\/v2\/product_tag?post=16823"}],"curies":[{"name":"wp","href":"https:\/\/api.w.org\/{rel}","templated":true}]}}