{"id":16834,"date":"2023-05-30T13:03:33","date_gmt":"2023-05-30T11:03:33","guid":{"rendered":"https:\/\/pawz.rs\/?post_type=product&#038;p=16834"},"modified":"2024-12-06T15:24:41","modified_gmt":"2024-12-06T14:24:41","slug":"trainer-natural-small-toy-adult-sensitive-no-gluten-losos","status":"publish","type":"product","link":"https:\/\/pawz.rs\/en\/trainer-natural-small-toy-adult-sensitive-no-gluten-losos\/","title":{"rendered":"Trainer Natural Small &#038; Toy Adult Sensitive No Gluten Losos"},"content":{"rendered":"<p><strong>Trainer Natural Small &amp; Toy Adult Sensitive No Gluten Losos<\/strong><\/p>\n<p>Trainer Natural Small &amp; Toy Adult Sensitive No Gluten Losos, namenjena je odraslim psima malih rasa.<\/p>\n<p>Zbog Iucca schidigera i prebiotika koji poma\u017eu u smanjenju mirisa psec\u0301ih fekalija.<\/p>\n<p>Zahvaljujuc\u0301i spirulinu, proteinima, mineralima i vitaminima koji poma\u017eu u odr\u017eavanju vitalnosti psa.<\/p>\n<p>Njegova prilago\u0111ena formula koja sadr\u017ei integralne \u017eitarice, prebiotike i 100% prirodni ekstrakt ananasa poma\u017ee digestivnoj funkcionalnosti.<\/p>\n<p>Formuliran je sa jednim izvorom \u017eivotinjskih proteina (lososa), alternativnim naj\u010de\u0161c\u0301im.<\/p>\n<p>Formulirano bez sastojka koji sadr\u017ei gluten.<\/p>\n<p>Formulisano sa jednim jedinim izvorom \u017eivotinjskih proteina.<\/p>\n<p><strong>Sastav:<\/strong><br \/>\nDehidrirani proteini lososa 11,5%, ceo kukuruz 11%, pirina\u010d, proteini kukuruza, gra\u0161ak, kukuruzno bra\u0161no \u201efioretto\u201c, pirin\u010dani dodaci, losos 6,5%, sme\u0111i pirina\u010d 4%, laneno seme, mast \u017eivotinjskog porekla, kukuruzno ulje, minerali, aroma bez \u017eivotinjskih proteina, su\u0161eni ekstrakt korena cikorije (izvor inulina) 0,7%, lignoceluloza, ekstrakt su\u0161enog stabla ananasa 0,1%, su\u0161eni ekstrakt juke \u0161idigere 0,025%, spirulina (Arthrospira platensis) 0,02%<\/p>\n<p><strong>Nutritivni dodaci:<br \/>\n<\/strong>Vitamin A 26000 IU, vitamin D\u2083 1350 IU, vitamin E 555 mg, bakar (II) sulfat pentahidrat 49,13 mg (bakar 12,5 mg), gvo\u017e\u0111e (II) karbonat 310,5 mg (gvo\u017e\u0111e 150 mg), oblo\u017eeni granulirani anhidrovani kalcijum jodat 3,85 mg (jod 2,5 mg), natrijum selenit 0,44 mg (selen 0,2 mg), cinkov oksid 193,4 mg (cink 156 mg), mangan (II) oksid 45,1 mg (mangan 35 mg)<\/p>\n<p><strong>Tehnolo\u0161ki dodaci:<\/strong><br \/>\nSirovi proteini 25%, sirove masti 15%, sirova vlakna 2,5%, sirovi pepeo 7%<\/p>\n<p>Serve food in dry form with available fresh water.<br \/>\nFor your pet&#039;s health, consult a veterinarian regularly.<\/p>\n<p>Store the product in a dry, dark and cool place.<\/p>\n<p>Proizvo\u0111a\u010d: Novafoods<br \/>\nZemlja porekla: Italija<\/p>\n\n    <div class=\"xs_social_share_widget xs_share_url after_content \t\tmain_content  wslu-style-1 wslu-share-box-shaped wslu-fill-colored wslu-none wslu-share-horizontal wslu-theme-font-no wslu-main_content\">\n\n\t\t\n        <ul>\n\t\t\t        <\/ul>\n    <\/div>","protected":false},"excerpt":{"rendered":"<p>Trainer Natural Small &amp; Toy Adult Sensitive No Gluten Losos, namenjena je odraslim psima malih rasa.<\/p>","protected":false},"featured_media":16918,"comment_status":"open","ping_status":"closed","template":"","meta":{"_acf_changed":false},"pwb-brand":[604],"product_cat":[47,48,49],"product_tag":[209],"class_list":{"0":"post-16834","1":"product","2":"type-product","3":"status-publish","4":"has-post-thumbnail","6":"pwb-brand-natural-trainer","7":"product_cat-psi","8":"product_cat-hrana-za-pse","9":"product_cat-granule-za-pse","10":"product_tag-bez-glutena","12":"first","13":"instock","14":"taxable","15":"shipping-taxable","16":"purchasable","17":"product-type-variable","18":"has-default-attributes"},"acf":[],"brands":[{"id":604,"name":"Natural Trainer","slug":"natural-trainer"}],"_links":{"self":[{"href":"https:\/\/pawz.rs\/en\/wp-json\/wp\/v2\/product\/16834","targetHints":{"allow":["GET"]}}],"collection":[{"href":"https:\/\/pawz.rs\/en\/wp-json\/wp\/v2\/product"}],"about":[{"href":"https:\/\/pawz.rs\/en\/wp-json\/wp\/v2\/types\/product"}],"replies":[{"embeddable":true,"href":"https:\/\/pawz.rs\/en\/wp-json\/wp\/v2\/comments?post=16834"}],"wp:featuredmedia":[{"embeddable":true,"href":"https:\/\/pawz.rs\/en\/wp-json\/wp\/v2\/media\/16918"}],"wp:attachment":[{"href":"https:\/\/pawz.rs\/en\/wp-json\/wp\/v2\/media?parent=16834"}],"wp:term":[{"taxonomy":"pwb-brand","embeddable":true,"href":"https:\/\/pawz.rs\/en\/wp-json\/wp\/v2\/pwb-brand?post=16834"},{"taxonomy":"product_cat","embeddable":true,"href":"https:\/\/pawz.rs\/en\/wp-json\/wp\/v2\/product_cat?post=16834"},{"taxonomy":"product_tag","embeddable":true,"href":"https:\/\/pawz.rs\/en\/wp-json\/wp\/v2\/product_tag?post=16834"}],"curies":[{"name":"wp","href":"https:\/\/api.w.org\/{rel}","templated":true}]}}