{"id":16838,"date":"2023-05-30T13:10:21","date_gmt":"2023-05-30T11:10:21","guid":{"rendered":"https:\/\/pawz.rs\/?post_type=product&#038;p=16838"},"modified":"2024-10-28T09:50:37","modified_gmt":"2024-10-28T08:50:37","slug":"trainer-natural-sensitive-no-gluten-zecetina-2","status":"publish","type":"product","link":"https:\/\/pawz.rs\/en\/trainer-natural-sensitive-no-gluten-zecetina-2\/","title":{"rendered":"Trainer Natural Small &#038; Toy Sensitive No Gluten Ze\u010detina"},"content":{"rendered":"<p><strong>Trainer Natural Small &amp; Toy Sensitive No Gluten Ze\u010detina<\/strong><\/p>\n<p>Trainer Natural Sensitive No Gluten Ze\u010detina, namenjena je odraslim psima malih rasa.<\/p>\n<p>Nutritivno kompletna hrana za kuc\u0301ne ljubimce formulisana sa jednim izvorom \u017eivotinjskih proteina (zec), jednim izvotom ugljenih hidrata (pirina\u010d) i jednim izvorom biljnih masti (kukuruzno ulje). 100% prirodni ekstrakt dobija pomo\u0107u ananasa, pirin\u010da i prebiotika prirodnog porekla koji poti\u010du iz ekstrakta korena cikorije.<\/p>\n<p>Tako\u0111e sadr\u017ei ekstrakt lista masline bogat antioksidantima, omega 6 i cinkom. Formulisano bez sastojaka koji sadr\u017ee gluten. Zahvaljujuc\u0301i spirulini, proteinima, mineralima i vitaminima koji poma\u017eu u odr\u017eavanju vitalnosti psa. Iucca schidigera poma\u017ee u smanjenju mirisa psec\u0301ih fekalija.<\/p>\n<p><strong>Sastav:<\/strong><br \/>\nPirina\u010d 45%, dehidrirani proteini zeca 15%, proteini pirin\u010da, kukuruzno ulje 8%, pirin\u010dani dodaci, minerali, laneno seme, aroma bez \u017eivotinjskih proteina, su\u0161eni ekstrakt korena cikorije (izvor inulina) 0,77%, lignoceluloza, ekstrakt su\u0161enog stabla ananasa 0,1% , su\u0161eni ekstrakt listova masline 0,05%, su\u0161eni ekstrakt iucca schidigera 0,025%, spirulina (Arthrospira platensis) 0,02%<\/p>\n<p><strong>Nutritivni dodaci:<br \/>\n<\/strong>vitamin A 26000 IU, vitamin D\u2083 1350 IU, vitamin E 555 mg, biotin 0,8 mg, bakar (II) sulfat pentahidrat 49,13 mg (bakar 12,5 mg), gvo\u017e\u0111e (II) karbonat 310,5 mg (gvo\u017e\u0111e 150 mg), oblo\u017eeni granulirani bezvodni kalcijum jodat 3,85 mg (jod 2,5 mg), natrijum selenit 0,44 mg (selen 0,2 mg), cinkov oksid 193,4 mg (cink 156 mg), mangan (II) oksid 45,1 mg (mangan 35 mg) Mo\u017ee sadr\u017eati tragove drugih \u017eivotinjski proteini.<\/p>\n<p><strong>Tehnolo\u0161ki dodaci:<\/strong><br \/>\nSirovi proteini 24,5%, sirove masti 14%, sirova vlakna 2,5%, sirovi pepeo 7%, omega 3 0,95%, omega 6 4,5%<\/p>\n<p>Serve food in dry form with available fresh water.<br \/>\nFor your pet&#039;s health, consult a veterinarian regularly.<\/p>\n<p>Store the product in a dry, dark and cool place.<\/p>\n<p>Proizvo\u0111a\u010d: Novafoods<br \/>\nZemlja porekla: Italija<\/p>\n\n    <div class=\"xs_social_share_widget xs_share_url after_content \t\tmain_content  wslu-style-1 wslu-share-box-shaped wslu-fill-colored wslu-none wslu-share-horizontal wslu-theme-font-no wslu-main_content\">\n\n\t\t\n        <ul>\n\t\t\t        <\/ul>\n    <\/div>","protected":false},"excerpt":{"rendered":"<p>Trainer Natural Sensitive No Gluten Ze\u010detina, namenjena je odraslim psima malih rasa.<\/p>","protected":false},"featured_media":16916,"comment_status":"open","ping_status":"closed","template":"","meta":{"_acf_changed":false},"pwb-brand":[604],"product_cat":[49,48,47],"product_tag":[209],"class_list":{"0":"post-16838","1":"product","2":"type-product","3":"status-publish","4":"has-post-thumbnail","6":"pwb-brand-natural-trainer","7":"product_cat-granule-za-pse","8":"product_cat-hrana-za-pse","9":"product_cat-psi","10":"product_tag-bez-glutena","12":"first","13":"instock","14":"taxable","15":"shipping-taxable","16":"purchasable","17":"product-type-variable","18":"has-default-attributes"},"acf":[],"brands":[{"id":604,"name":"Natural Trainer","slug":"natural-trainer"}],"_links":{"self":[{"href":"https:\/\/pawz.rs\/en\/wp-json\/wp\/v2\/product\/16838","targetHints":{"allow":["GET"]}}],"collection":[{"href":"https:\/\/pawz.rs\/en\/wp-json\/wp\/v2\/product"}],"about":[{"href":"https:\/\/pawz.rs\/en\/wp-json\/wp\/v2\/types\/product"}],"replies":[{"embeddable":true,"href":"https:\/\/pawz.rs\/en\/wp-json\/wp\/v2\/comments?post=16838"}],"wp:featuredmedia":[{"embeddable":true,"href":"https:\/\/pawz.rs\/en\/wp-json\/wp\/v2\/media\/16916"}],"wp:attachment":[{"href":"https:\/\/pawz.rs\/en\/wp-json\/wp\/v2\/media?parent=16838"}],"wp:term":[{"taxonomy":"pwb-brand","embeddable":true,"href":"https:\/\/pawz.rs\/en\/wp-json\/wp\/v2\/pwb-brand?post=16838"},{"taxonomy":"product_cat","embeddable":true,"href":"https:\/\/pawz.rs\/en\/wp-json\/wp\/v2\/product_cat?post=16838"},{"taxonomy":"product_tag","embeddable":true,"href":"https:\/\/pawz.rs\/en\/wp-json\/wp\/v2\/product_tag?post=16838"}],"curies":[{"name":"wp","href":"https:\/\/api.w.org\/{rel}","templated":true}]}}