{"id":16845,"date":"2023-05-30T13:28:23","date_gmt":"2023-05-30T11:28:23","guid":{"rendered":"https:\/\/pawz.rs\/?post_type=product&#038;p=16845"},"modified":"2024-05-13T12:56:28","modified_gmt":"2024-05-13T10:56:28","slug":"trainer-natural-small-toy-adult-weight-care-belo-meso","status":"publish","type":"product","link":"https:\/\/pawz.rs\/en\/trainer-natural-small-toy-adult-weight-care-belo-meso\/","title":{"rendered":"Trainer Natural Small &amp; Toy Adult Weight Care Belo Meso"},"content":{"rendered":"<p><strong>Trainer Natural Small &amp; Toy Adult Weight Care Belo Meso<\/strong><\/p>\n<p>Trainer NaturalSmall &amp; Toy Adult Weight Care sa belim mesom je hrana namenjena odraslim psima malih rasa.<\/p>\n<p>Zbog Iucca schidigera i prebiotika poma\u017ee u smanjenju mirisa psec\u0301ih fekalija.<\/p>\n<p>Zahvaljujuc\u0301i spirulini, proteinima, mineralima i vitaminima poma\u017ee u odr\u017eavanju vitalnosti psa. 36% manje masti, L-karnitina i nisko kalori\u010dni sadr\u017eaj.<\/p>\n<p>Njegova prilago\u0111ena formula sadr\u017ei biljna vlakna, minerale i ekstrakt lista bodljikave kru\u0161ke koji poma\u017eu u smanjenju apsorpcije masti.<\/p>\n<p>Sadr\u017ei biljna vlakna, poput lignoceluloze, p\u0161eni\u010dnih mekinja i vlakana gra\u0161ka.<\/p>\n<p><strong>Sastav:<\/strong><br \/>\nDehidrirani proteini piletine i c\u0301uretine, sve\u017ee belo meso (piletina i c\u0301uretina) 15%, kukuruz, pirina\u010d, kukuruzno bra\u0161no &#8220;fioretto&#8221;, proteini kukuruza, p\u0161eni\u010dne mekinje 5%, pulpa repe, dehidrirani svinjski proteini, hidrolizovani \u017eivotinjski proteini, vlakna gra\u0161ka 2% , laneno seme *, lignoceluloza 1,5%, minerali, masti \u017eivotinjskog porekla, autolizat kvasca, ekstrakt su\u0161enog korena cikorije (izvor inulina) 0,7%, dehidrirani proteini ribe, NeOpuntia\u00ae su\u0161eni ekstrakt listova Opuntia ficus-indica 0,14%, bioaktivni peptidi kolagena, su\u0161eni ekstrakt Iucca schidigera 0,025%, spirulina (Arthrospira platensis) 0,02%<\/p>\n<p><strong>Nutritivni dodaci:<br \/>\n<\/strong>Vitamin A 26000 IU, vitamin D\u2083 1350 IU, vitamin E 555 mg, L-karnitin 375 mg, bakar (II) sulfat pentahidrat 49,13 mg (bakar 12,5 mg), gvo\u017e\u0111e (II) karbonat 310,5 mg (gvo\u017e\u0111e 150 mg) , oblo\u017eeni granulirani anhidrovani kalcijum jodat 3,85 mg (jod 2,5 mg), natrijum selenit 0,44 mg (selen 0,2 mg), cinkov oksid 193,4 mg (cink 156 mg), mangan (II) oksid 45,1 mg (mangan 35 mg)<\/p>\n<p><strong>Tehnolo\u0161ki dodaci:<\/strong><br \/>\nKlinoptilolit sedimentnog porekla 4000 mg, sirovi proteini 29%, sirove masti 10%, sirova vlakna 5%, sirovi pepeo 7%.<\/p>\n<p>Serve food in dry form with available fresh water.<br \/>\nFor your pet&#039;s health, consult a veterinarian regularly.<\/p>\n<p>Store the product in a dry, dark and cool place.<\/p>\n<p>Proizvo\u0111a\u010d: Novafoods<br \/>\nZemlja porekla: Italija<\/p>\n\n    <div class=\"xs_social_share_widget xs_share_url after_content \t\tmain_content  wslu-style-1 wslu-share-box-shaped wslu-fill-colored wslu-none wslu-share-horizontal wslu-theme-font-no wslu-main_content\">\n\n\t\t\n        <ul>\n\t\t\t        <\/ul>\n    <\/div>","protected":false},"excerpt":{"rendered":"<p>Trainer Natural Small &amp; Toy Adult Weight Care sa belim mesom je hrana namenjena odraslim psima malih rasa.<\/p>","protected":false},"featured_media":16913,"comment_status":"open","ping_status":"closed","template":"","meta":{"_acf_changed":false},"pwb-brand":[604],"product_cat":[47,48,49],"product_tag":[],"class_list":{"0":"post-16845","1":"product","2":"type-product","3":"status-publish","4":"has-post-thumbnail","6":"pwb-brand-natural-trainer","7":"product_cat-psi","8":"product_cat-hrana-za-pse","9":"product_cat-granule-za-pse","11":"first","12":"instock","13":"taxable","14":"shipping-taxable","15":"purchasable","16":"product-type-variable","17":"has-default-attributes"},"acf":[],"brands":[{"id":604,"name":"Natural Trainer","slug":"natural-trainer"}],"_links":{"self":[{"href":"https:\/\/pawz.rs\/en\/wp-json\/wp\/v2\/product\/16845","targetHints":{"allow":["GET"]}}],"collection":[{"href":"https:\/\/pawz.rs\/en\/wp-json\/wp\/v2\/product"}],"about":[{"href":"https:\/\/pawz.rs\/en\/wp-json\/wp\/v2\/types\/product"}],"replies":[{"embeddable":true,"href":"https:\/\/pawz.rs\/en\/wp-json\/wp\/v2\/comments?post=16845"}],"wp:featuredmedia":[{"embeddable":true,"href":"https:\/\/pawz.rs\/en\/wp-json\/wp\/v2\/media\/16913"}],"wp:attachment":[{"href":"https:\/\/pawz.rs\/en\/wp-json\/wp\/v2\/media?parent=16845"}],"wp:term":[{"taxonomy":"pwb-brand","embeddable":true,"href":"https:\/\/pawz.rs\/en\/wp-json\/wp\/v2\/pwb-brand?post=16845"},{"taxonomy":"product_cat","embeddable":true,"href":"https:\/\/pawz.rs\/en\/wp-json\/wp\/v2\/product_cat?post=16845"},{"taxonomy":"product_tag","embeddable":true,"href":"https:\/\/pawz.rs\/en\/wp-json\/wp\/v2\/product_tag?post=16845"}],"curies":[{"name":"wp","href":"https:\/\/api.w.org\/{rel}","templated":true}]}}