{"id":16851,"date":"2023-05-31T08:27:49","date_gmt":"2023-05-31T06:27:49","guid":{"rendered":"https:\/\/pawz.rs\/?post_type=product&#038;p=16851"},"modified":"2024-05-13T12:52:15","modified_gmt":"2024-05-13T10:52:15","slug":"trainer-natural-medium-maxi-mature-sensitive-no-gluten-losos-3-kg","status":"publish","type":"product","link":"https:\/\/pawz.rs\/en\/trainer-natural-medium-maxi-mature-sensitive-no-gluten-losos-3-kg\/","title":{"rendered":"Trainer Natural Medium\/Maxi Mature Sensitive No Gluten Losos"},"content":{"rendered":"<p><strong>Trainer Natural Medium\/Maxi Mature Sensitive No Gluten Losos<\/strong><\/p>\n<p>Trainer Natural Medium\/Maxi Mature Sensitive No Gluten sa lososom, namenjena je starijim psima srednjih i velikih rasa.<\/p>\n<p><strong>Sastav:<\/strong><br \/>\nDehidrirani proteini lososa 12%, celo zrno kukuruza 11,5%, ri\u017ea, kukuruzno bra\u0161no FIORETTO,protein kukuruza, gra\u0161ak, losos 6,5%, braon ri\u017ea 4,5%, kukuruzno ulje, salo \u017eivotinjskog porekla, laneno seme 2,8%, poja\u010diva\u010d ukusa bez animalnog proteina, minerali, dehid.ekstrakt korena cikorije 0,7%, lignoceluloza, dehid.ekstrakt stabljike ananasa 0,1%, ekstrakt kvasc 0,03%, morska trava 0,08%.<\/p>\n<p><strong>Nutritivni dodaci:<br \/>\n<\/strong>Vitamin A 26.000 UI\/kg, vitamin D3 1.350 UI\/kg, vitamin E 555 mg\/kg,vitamin C 80mg,vitamin B2 20mg, vitamin B12 0,15mg, bakar sulfat pentahidrat (bakar) 49,13 mg\/kg, gvozdje karbonat (gvo\u017e\u0111e) 310,5 mg\/kg, kalcijum jodid bezvodni 3,85mg, natrijum selenit 0,44mg, cink oksid 193,4 mg, manganov oksid 45,1 mg<\/p>\n<p><strong>Senzorni aditivi: <\/strong><br \/>\nDeh.ekstrakt tamjana 600mg, deh.ekstrakt djavolje kand\u017ee 100mg.<\/p>\n<p><strong>Tehnolo\u0161ki dodaci:<\/strong><br \/>\nSirovi proteini 23%,sirove masti 13%,sirova vlakna 3%,sirovi pepeo 6,5%,magnezijum 0,1%, omega 3 1,5%.<\/p>\n<p>Serve food in dry form with available fresh water.<br \/>\nFor your pet&#039;s health, consult a veterinarian regularly.<\/p>\n<p>Store the product in a dry, dark and cool place.<\/p>\n<p>Proizvo\u0111a\u010d: Novafoods<br \/>\nZemlja porekla: Italija<\/p>\n\n    <div class=\"xs_social_share_widget xs_share_url after_content \t\tmain_content  wslu-style-1 wslu-share-box-shaped wslu-fill-colored wslu-none wslu-share-horizontal wslu-theme-font-no wslu-main_content\">\n\n\t\t\n        <ul>\n\t\t\t        <\/ul>\n    <\/div>","protected":false},"excerpt":{"rendered":"<p>Trainer Natural Medium\/Maxi Mature Sensitive No Gluten sa lososom, namenjena je starijim psima srednjih i velikih rasa.<\/p>","protected":false},"featured_media":16900,"comment_status":"open","ping_status":"closed","template":"","meta":{"_acf_changed":false},"pwb-brand":[604],"product_cat":[47,48,49],"product_tag":[209],"class_list":{"0":"post-16851","1":"product","2":"type-product","3":"status-publish","4":"has-post-thumbnail","6":"pwb-brand-natural-trainer","7":"product_cat-psi","8":"product_cat-hrana-za-pse","9":"product_cat-granule-za-pse","10":"product_tag-bez-glutena","12":"first","13":"instock","14":"taxable","15":"shipping-taxable","16":"purchasable","17":"product-type-variable","18":"has-default-attributes"},"acf":[],"brands":[{"id":604,"name":"Natural Trainer","slug":"natural-trainer"}],"_links":{"self":[{"href":"https:\/\/pawz.rs\/en\/wp-json\/wp\/v2\/product\/16851","targetHints":{"allow":["GET"]}}],"collection":[{"href":"https:\/\/pawz.rs\/en\/wp-json\/wp\/v2\/product"}],"about":[{"href":"https:\/\/pawz.rs\/en\/wp-json\/wp\/v2\/types\/product"}],"replies":[{"embeddable":true,"href":"https:\/\/pawz.rs\/en\/wp-json\/wp\/v2\/comments?post=16851"}],"wp:featuredmedia":[{"embeddable":true,"href":"https:\/\/pawz.rs\/en\/wp-json\/wp\/v2\/media\/16900"}],"wp:attachment":[{"href":"https:\/\/pawz.rs\/en\/wp-json\/wp\/v2\/media?parent=16851"}],"wp:term":[{"taxonomy":"pwb-brand","embeddable":true,"href":"https:\/\/pawz.rs\/en\/wp-json\/wp\/v2\/pwb-brand?post=16851"},{"taxonomy":"product_cat","embeddable":true,"href":"https:\/\/pawz.rs\/en\/wp-json\/wp\/v2\/product_cat?post=16851"},{"taxonomy":"product_tag","embeddable":true,"href":"https:\/\/pawz.rs\/en\/wp-json\/wp\/v2\/product_tag?post=16851"}],"curies":[{"name":"wp","href":"https:\/\/api.w.org\/{rel}","templated":true}]}}