{"id":16987,"date":"2023-06-01T12:24:10","date_gmt":"2023-06-01T10:24:10","guid":{"rendered":"https:\/\/pawz.rs\/?post_type=product&#038;p=16987"},"modified":"2025-05-28T14:32:14","modified_gmt":"2025-05-28T12:32:14","slug":"purina-adventuros-nuggets-za-pse","status":"publish","type":"product","link":"https:\/\/pawz.rs\/en\/purina-adventuros-nuggets-za-pse\/","title":{"rendered":"Purina Adventuros Nuggets Za Pse"},"content":{"rendered":"<p><strong>Purina Adventuros Nuggets Za Pse<\/strong><\/p>\n<p>Dopunska hrana za odrasle pse sa divljom aromom vepra.<br \/>\nUkusni medaljoni za pse s prirodnim ose\u0107ajem za pustolovinu!<\/p>\n<p><strong>Sastav:<br \/>\n<\/strong>\u017ditarice, glicerol, meso i prera\u0111evine \u017eivotinjskog porekla (8%)*, razni \u0161e\u0107eri, kvasci, minerali, ulja i masti.<br \/>\n*Jednako je 16% rehidrirovanog mesa i prera\u0111evina \u017eivotinjskog porekla, s min. 14% mesa.<\/p>\n<p><strong>Analytical composition:<br \/>\n<\/strong>Vitamin A: 13 200, Vitamin D3; 900; mg\/kg: anhidrovani kalcijum jodat: 3,4; mangan sulfat monohidrat: 19; cink sulfat monohidrat: 438; natrijum selenit: 0,47.<\/p>\n<p><strong>Arome: mg\/kg:<\/strong><br \/>\nAroma mesa vepra: 3000 mg\/kg<\/p>\n<p>Sadr\u017ei boje i konzervanse.<\/p>\n<p><strong>Uputstvo za hranjenje:<\/strong><br \/>\n7 kg-3 g<br \/>\n15 kg-7 g<br \/>\n30 kg-12 g<\/p>\n<p>Molimo da u skladu s tim prilagodite glavni obrok.<br \/>\nSve\u017ea voda uvek treba da je dostupna.<br \/>\n\u010cuvati na hladnom i suvom mestu.<\/p>\n<p>Proizvo\u0111a\u010d: Nestle Purina PetCare Deutschland<br \/>\nCountry of origin: Germany<\/p>\n\n    <div class=\"xs_social_share_widget xs_share_url after_content \t\tmain_content  wslu-style-1 wslu-share-box-shaped wslu-fill-colored wslu-none wslu-share-horizontal wslu-theme-font-no wslu-main_content\">\n\n\t\t\n        <ul>\n\t\t\t        <\/ul>\n    <\/div>","protected":false},"excerpt":{"rendered":"<p>Purina Adventuros Nuggets Za Pse predstavlja dopunsku hranu za odrasle pse sa divljom aromom vepra.<\/p>","protected":false},"featured_media":17088,"comment_status":"open","ping_status":"closed","template":"","meta":{"_acf_changed":false},"pwb-brand":[639],"product_cat":[48,103,47],"product_tag":[],"class_list":{"0":"post-16987","1":"product","2":"type-product","3":"status-publish","4":"has-post-thumbnail","6":"pwb-brand-purina-poslastice-za-pse","7":"product_cat-hrana-za-pse","8":"product_cat-poslastice-za-pse","9":"product_cat-psi","11":"first","12":"instock","13":"taxable","14":"shipping-taxable","15":"purchasable","16":"product-type-variable","17":"has-default-attributes"},"acf":[],"brands":[{"id":639,"name":"Purina Dog Treats","slug":"purina-poslastice-za-pse"}],"_links":{"self":[{"href":"https:\/\/pawz.rs\/en\/wp-json\/wp\/v2\/product\/16987","targetHints":{"allow":["GET"]}}],"collection":[{"href":"https:\/\/pawz.rs\/en\/wp-json\/wp\/v2\/product"}],"about":[{"href":"https:\/\/pawz.rs\/en\/wp-json\/wp\/v2\/types\/product"}],"replies":[{"embeddable":true,"href":"https:\/\/pawz.rs\/en\/wp-json\/wp\/v2\/comments?post=16987"}],"wp:featuredmedia":[{"embeddable":true,"href":"https:\/\/pawz.rs\/en\/wp-json\/wp\/v2\/media\/17088"}],"wp:attachment":[{"href":"https:\/\/pawz.rs\/en\/wp-json\/wp\/v2\/media?parent=16987"}],"wp:term":[{"taxonomy":"pwb-brand","embeddable":true,"href":"https:\/\/pawz.rs\/en\/wp-json\/wp\/v2\/pwb-brand?post=16987"},{"taxonomy":"product_cat","embeddable":true,"href":"https:\/\/pawz.rs\/en\/wp-json\/wp\/v2\/product_cat?post=16987"},{"taxonomy":"product_tag","embeddable":true,"href":"https:\/\/pawz.rs\/en\/wp-json\/wp\/v2\/product_tag?post=16987"}],"curies":[{"name":"wp","href":"https:\/\/api.w.org\/{rel}","templated":true}]}}