{"id":16993,"date":"2023-06-01T13:59:57","date_gmt":"2023-06-01T11:59:57","guid":{"rendered":"https:\/\/pawz.rs\/?post_type=product&#038;p=16993"},"modified":"2025-10-18T21:44:57","modified_gmt":"2025-10-18T19:44:57","slug":"purina-dentalife-za-velike-rase","status":"publish","type":"product","link":"https:\/\/pawz.rs\/en\/purina-dentalife-za-velike-rase\/","title":{"rendered":"Purina Dentalife Za Velike Rase"},"content":{"rendered":"<p><strong>Purina Dentalife Za Velike Rase<br \/>\n<\/strong><\/p>\n<p>Dopunska hrana za ku\u0107ne ljubimce, za odrasle pse velike rase.<br \/>\nPakovanje sadr\u017ei 4 \u0161tapi\u0107a.<\/p>\n<p><strong>Sastav:<br \/>\n<\/strong>\u017ditarice (60% ekstrudirano kukuruzno bra\u0161no, 5% p\u0161eni\u010dno bra\u0161no), Glicerol, Minerali, Kvasci, Meso i prera\u0111evine \u017eivotinjskog porekla (1,2%*), Ulja i masti.<br \/>\n*jednako je 4% rehidrisanog mesa i prera\u0111evina \u017eivotinjskog porekla (4% piletine).<\/p>\n<p><b>Nutritivni dodaci:<br \/>\n<\/b>Vit. A: 8500; Vit. D3: 570; Vit. E: 60; mg\/kg: Kalcijumjodat anhidrovani: 2,2; Mangan-(II)-sulfat monohidrat: 12,5; Cink sulfat monohidrat: 280; Natrijumselenit: 0,31. Antioksidansi: E310, E320, E321.<\/p>\n<p><b>Analytical composition:<br \/>\n<\/b>Vlaga: 14,5%, Proteini: 7,0%, Sadr\u017eaj masti: 2,5%, Sirovi pepeo: 4,5%, Sirova vlakna: 0,7%, Kalcijum: 1,1%.<br \/>\nIzra\u0111eno po proizvo\u0111a\u010dkoj specifikaciji.<\/p>\n<p><strong>Uputstvo za hranjenje:<\/strong><br \/>\nVeliki psi 25 &#8211; 40 kg: 1 \u0161tapi\u0107.<\/p>\n<p>Sve\u017ea voda uvek treba da je dostupna.<br \/>\n\u010cuvati na hladnom i suvom mestu.<\/p>\n<p>Proizvo\u0111a\u010d: Nestle Purina PetCare Deutschland<br \/>\nCountry of origin: Germany<\/p>\n\n    <div class=\"xs_social_share_widget xs_share_url after_content \t\tmain_content  wslu-style-1 wslu-share-box-shaped wslu-fill-colored wslu-none wslu-share-horizontal wslu-theme-font-no wslu-main_content\">\n\n\t\t\n        <ul>\n\t\t\t        <\/ul>\n    <\/div>","protected":false},"excerpt":{"rendered":"<p>Purina Dentalife Za Velike Rase predstavlja dopunsku hranu za ku\u0107ne ljubimce, velikih rasa.<\/p>","protected":false},"featured_media":17082,"comment_status":"open","ping_status":"closed","template":"","meta":{"_acf_changed":false},"pwb-brand":[639],"product_cat":[47,48,103],"product_tag":[],"class_list":{"0":"post-16993","1":"product","2":"type-product","3":"status-publish","4":"has-post-thumbnail","6":"pwb-brand-purina-poslastice-za-pse","7":"product_cat-psi","8":"product_cat-hrana-za-pse","9":"product_cat-poslastice-za-pse","11":"first","12":"instock","13":"taxable","14":"shipping-taxable","15":"purchasable","16":"product-type-variable","17":"has-default-attributes"},"acf":[],"brands":[{"id":639,"name":"Purina Dog Treats","slug":"purina-poslastice-za-pse"}],"_links":{"self":[{"href":"https:\/\/pawz.rs\/en\/wp-json\/wp\/v2\/product\/16993","targetHints":{"allow":["GET"]}}],"collection":[{"href":"https:\/\/pawz.rs\/en\/wp-json\/wp\/v2\/product"}],"about":[{"href":"https:\/\/pawz.rs\/en\/wp-json\/wp\/v2\/types\/product"}],"replies":[{"embeddable":true,"href":"https:\/\/pawz.rs\/en\/wp-json\/wp\/v2\/comments?post=16993"}],"wp:featuredmedia":[{"embeddable":true,"href":"https:\/\/pawz.rs\/en\/wp-json\/wp\/v2\/media\/17082"}],"wp:attachment":[{"href":"https:\/\/pawz.rs\/en\/wp-json\/wp\/v2\/media?parent=16993"}],"wp:term":[{"taxonomy":"pwb-brand","embeddable":true,"href":"https:\/\/pawz.rs\/en\/wp-json\/wp\/v2\/pwb-brand?post=16993"},{"taxonomy":"product_cat","embeddable":true,"href":"https:\/\/pawz.rs\/en\/wp-json\/wp\/v2\/product_cat?post=16993"},{"taxonomy":"product_tag","embeddable":true,"href":"https:\/\/pawz.rs\/en\/wp-json\/wp\/v2\/product_tag?post=16993"}],"curies":[{"name":"wp","href":"https:\/\/api.w.org\/{rel}","templated":true}]}}