{"id":17017,"date":"2023-06-02T08:58:20","date_gmt":"2023-06-02T06:58:20","guid":{"rendered":"https:\/\/pawz.rs\/?post_type=product&#038;p=17017"},"modified":"2026-02-14T13:41:24","modified_gmt":"2026-02-14T12:41:24","slug":"moksi-hrana-za-pse-pacetina-u-zeleu-4-x-100-g","status":"publish","type":"product","link":"https:\/\/pawz.rs\/en\/moksi-hrana-za-pse-pacetina-u-zeleu-4-x-100-g\/","title":{"rendered":"Moksi Hrana Za Pse Pa\u010detina U \u017deleu 4 x 100 g"},"content":{"rendered":"<p><strong>Moksi Hrana Za Pse Pa\u010detina U \u017deleu 4 x 100 g<\/strong><\/p>\n<p><b data-path-to-node=\"1\" data-index-in-node=\"0\">Minimalna Kupovina 4 komada<\/b><\/p>\n<p>Kompletna hrana za odrasle pse u \u017eeleu<\/p>\n<p><strong>Sastav:<br \/>\n<\/strong>Meso i mesne prera\u0111evine 42%, uklju\u010duju\u0107i 4% pa\u010detine, derivati biljnog porekla, minerali<\/p>\n<p><b>Analytical composition:<br \/>\n<\/b>Sirovi proteini 8%, sirova mast 5%, neorganske materije 2%, sirova vlakna 0,40%, vlaga 82%, kalcijum 0,40%, fosfor 0,40%<\/p>\n<p><strong>Aditivi:<\/strong><br \/>\nVitamin E (DL-alfa tokoferil acetat) 100 mg, cink (cink sulfat monohidrat) 30 mg, mangan (mangan sulfat monohidrat) 2 mg, jod (kalijum jodid) 0,5 mg, bakar (bakar II sulfat pentahidrat) 2 mg, vitamin D3 (holekalciferol) 300 IU<\/p>\n<p><strong>Tehnolo\u0161ki aditivi:<\/strong><br \/>\nKasija guma: 2400 mg<\/p>\n<p><strong>Uputstvo za upotrebu:<br \/>\n<\/strong>Preliv poslu\u017eiti na sobnoj temperaturi<br \/>\nNakon otvaranja \u010duvati u fri\u017eideru i potro\u0161iti u roku od dva dana.<\/p>\n<p>Sve\u017ea voda uvek treba da je dostupna.<br \/>\n\u010cuvati na hladnom i suvom mestu.<\/p>\n<p>Proizvo\u0111a\u010d: United Petfood Radom Sp z.o.o.<br \/>\nZemlja porekla: Poljska<\/p>\n\n    <div class=\"xs_social_share_widget xs_share_url after_content \t\tmain_content  wslu-style-1 wslu-share-box-shaped wslu-fill-colored wslu-none wslu-share-horizontal wslu-theme-font-no wslu-main_content\">\n\n\t\t\n        <ul>\n\t\t\t        <\/ul>\n    <\/div>","protected":false},"excerpt":{"rendered":"<p>Moksi kesice predstavljaju kompletnu hranu za odrasle pse u \u017eeleu, sa pa\u010detinom.<\/p>","protected":false},"featured_media":25726,"comment_status":"open","ping_status":"closed","template":"","meta":{"_acf_changed":false,"_aa_vp_cena":"","_aa_online_cena":""},"pwb-brand":[894],"product_cat":[48,47,50],"product_tag":[],"class_list":{"0":"post-17017","1":"product","2":"type-product","3":"status-publish","4":"has-post-thumbnail","6":"pwb-brand-moksi","7":"product_cat-hrana-za-pse","8":"product_cat-psi","9":"product_cat-vlazna-hrana-za-pse","11":"first","12":"instock","13":"taxable","14":"shipping-taxable","15":"purchasable","16":"product-type-simple"},"acf":[],"brands":[{"id":894,"name":"Moksi","slug":"moksi"}],"_links":{"self":[{"href":"https:\/\/pawz.rs\/en\/wp-json\/wp\/v2\/product\/17017","targetHints":{"allow":["GET"]}}],"collection":[{"href":"https:\/\/pawz.rs\/en\/wp-json\/wp\/v2\/product"}],"about":[{"href":"https:\/\/pawz.rs\/en\/wp-json\/wp\/v2\/types\/product"}],"replies":[{"embeddable":true,"href":"https:\/\/pawz.rs\/en\/wp-json\/wp\/v2\/comments?post=17017"}],"wp:featuredmedia":[{"embeddable":true,"href":"https:\/\/pawz.rs\/en\/wp-json\/wp\/v2\/media\/25726"}],"wp:attachment":[{"href":"https:\/\/pawz.rs\/en\/wp-json\/wp\/v2\/media?parent=17017"}],"wp:term":[{"taxonomy":"pwb-brand","embeddable":true,"href":"https:\/\/pawz.rs\/en\/wp-json\/wp\/v2\/pwb-brand?post=17017"},{"taxonomy":"product_cat","embeddable":true,"href":"https:\/\/pawz.rs\/en\/wp-json\/wp\/v2\/product_cat?post=17017"},{"taxonomy":"product_tag","embeddable":true,"href":"https:\/\/pawz.rs\/en\/wp-json\/wp\/v2\/product_tag?post=17017"}],"curies":[{"name":"wp","href":"https:\/\/api.w.org\/{rel}","templated":true}]}}