{"id":17039,"date":"2023-06-02T11:58:40","date_gmt":"2023-06-02T09:58:40","guid":{"rendered":"https:\/\/pawz.rs\/?post_type=product&#038;p=17039"},"modified":"2024-01-18T08:08:41","modified_gmt":"2024-01-18T07:08:41","slug":"klesta-za-krpelje-plastika","status":"publish","type":"product","link":"https:\/\/pawz.rs\/en\/klesta-za-krpelje-plastika\/","title":{"rendered":"Kle\u0161ta Za Krpelje, plastika"},"content":{"rendered":"<p><strong>Kle\u0161ta Za Krpelje, plastika<\/strong><\/p>\n<p><strong>Uputstvo za kori\u0161\u0107enje:<br \/>\n<\/strong>Pomerite krzno Va\u0161eg ljubimca oko krpelja. Dr\u017eite glavu krpelja vrhovima bez stiskanja.<br \/>\nPa\u017eljivo izvucite ili izvrnite krpelja, a nakon toga brzo i temeljno dezinfikujte to podru\u010dje ko\u017ee.<br \/>\nAko se krpelj ne mo\u017ee ukloniti u jednom komadu, onda se posavetujte sa veterinarom.<\/p>\n<p>Proizvo\u0111a\u010d: Trixie GmbH&amp;co<br \/>\nZemlja porekla: Nema\u010dka.<\/p>\n\n    <div class=\"xs_social_share_widget xs_share_url after_content \t\tmain_content  wslu-style-1 wslu-share-box-shaped wslu-fill-colored wslu-none wslu-share-horizontal wslu-theme-font-no wslu-main_content\">\n\n\t\t\n        <ul>\n\t\t\t        <\/ul>\n    <\/div>","protected":false},"excerpt":{"rendered":"<p>Kle\u0161ta za krpelje, od plastike<\/p>","protected":false},"featured_media":17052,"comment_status":"open","ping_status":"closed","template":"","meta":{"_acf_changed":false},"pwb-brand":[465],"product_cat":[23,80,388,47,104,389],"product_tag":[],"class_list":{"0":"post-17039","1":"product","2":"type-product","3":"status-publish","4":"has-post-thumbnail","6":"pwb-brand-trixie","7":"product_cat-macke","8":"product_cat-higijena-nega-macaka","9":"product_cat-higijenski-proizvodi","10":"product_cat-psi","11":"product_cat-higijena-i-nega-pasa","12":"product_cat-higijenski-proizvodi-higijena-i-nega-pasa","14":"first","15":"instock","16":"taxable","17":"shipping-taxable","18":"purchasable","19":"product-type-simple"},"acf":[],"brands":[{"id":465,"name":"Trixie","slug":"trixie"}],"_links":{"self":[{"href":"https:\/\/pawz.rs\/en\/wp-json\/wp\/v2\/product\/17039","targetHints":{"allow":["GET"]}}],"collection":[{"href":"https:\/\/pawz.rs\/en\/wp-json\/wp\/v2\/product"}],"about":[{"href":"https:\/\/pawz.rs\/en\/wp-json\/wp\/v2\/types\/product"}],"replies":[{"embeddable":true,"href":"https:\/\/pawz.rs\/en\/wp-json\/wp\/v2\/comments?post=17039"}],"wp:featuredmedia":[{"embeddable":true,"href":"https:\/\/pawz.rs\/en\/wp-json\/wp\/v2\/media\/17052"}],"wp:attachment":[{"href":"https:\/\/pawz.rs\/en\/wp-json\/wp\/v2\/media?parent=17039"}],"wp:term":[{"taxonomy":"pwb-brand","embeddable":true,"href":"https:\/\/pawz.rs\/en\/wp-json\/wp\/v2\/pwb-brand?post=17039"},{"taxonomy":"product_cat","embeddable":true,"href":"https:\/\/pawz.rs\/en\/wp-json\/wp\/v2\/product_cat?post=17039"},{"taxonomy":"product_tag","embeddable":true,"href":"https:\/\/pawz.rs\/en\/wp-json\/wp\/v2\/product_tag?post=17039"}],"curies":[{"name":"wp","href":"https:\/\/api.w.org\/{rel}","templated":true}]}}