{"id":17040,"date":"2023-06-02T12:21:21","date_gmt":"2023-06-02T10:21:21","guid":{"rendered":"https:\/\/pawz.rs\/?post_type=product&#038;p=17040"},"modified":"2024-05-04T11:10:21","modified_gmt":"2024-05-04T09:10:21","slug":"plasticni-cesalj-za-buve-bez-drske","status":"publish","type":"product","link":"https:\/\/pawz.rs\/en\/plasticni-cesalj-za-buve-bez-drske\/","title":{"rendered":"Plasti\u010dni \u010ce\u0161alj Za Buve Bez Dr\u0161ke"},"content":{"rendered":"<p><strong>Plasti\u010dni \u010ce\u0161alj Za Buve Bez Dr\u0161ke<\/strong><\/p>\n<p>Plasti\u010dni \u010de\u0161alj bez dr\u0161ke, za uklanjanje buva<\/p>\n<p>Proizvo\u0111a\u010d: Ferribiella S.p.a.<br \/>\nZemlja porekla: Italija<\/p>\n\n    <div class=\"xs_social_share_widget xs_share_url after_content \t\tmain_content  wslu-style-1 wslu-share-box-shaped wslu-fill-colored wslu-none wslu-share-horizontal wslu-theme-font-no wslu-main_content\">\n\n\t\t\n        <ul>\n\t\t\t        <\/ul>\n    <\/div>","protected":false},"excerpt":{"rendered":"<p>Plasti\u010dni \u010de\u0161alj bez dr\u0161ke, za uklanjanje buva<\/p>","protected":false},"featured_media":17053,"comment_status":"open","ping_status":"closed","template":"","meta":{"_acf_changed":false},"pwb-brand":[],"product_cat":[80,104,388,389,23,47],"product_tag":[],"class_list":{"0":"post-17040","1":"product","2":"type-product","3":"status-publish","4":"has-post-thumbnail","6":"product_cat-higijena-nega-macaka","7":"product_cat-higijena-i-nega-pasa","8":"product_cat-higijenski-proizvodi","9":"product_cat-higijenski-proizvodi-higijena-i-nega-pasa","10":"product_cat-macke","11":"product_cat-psi","13":"first","14":"outofstock","15":"taxable","16":"shipping-taxable","17":"purchasable","18":"product-type-simple"},"acf":[],"brands":[],"_links":{"self":[{"href":"https:\/\/pawz.rs\/en\/wp-json\/wp\/v2\/product\/17040","targetHints":{"allow":["GET"]}}],"collection":[{"href":"https:\/\/pawz.rs\/en\/wp-json\/wp\/v2\/product"}],"about":[{"href":"https:\/\/pawz.rs\/en\/wp-json\/wp\/v2\/types\/product"}],"replies":[{"embeddable":true,"href":"https:\/\/pawz.rs\/en\/wp-json\/wp\/v2\/comments?post=17040"}],"wp:featuredmedia":[{"embeddable":true,"href":"https:\/\/pawz.rs\/en\/wp-json\/wp\/v2\/media\/17053"}],"wp:attachment":[{"href":"https:\/\/pawz.rs\/en\/wp-json\/wp\/v2\/media?parent=17040"}],"wp:term":[{"taxonomy":"pwb-brand","embeddable":true,"href":"https:\/\/pawz.rs\/en\/wp-json\/wp\/v2\/pwb-brand?post=17040"},{"taxonomy":"product_cat","embeddable":true,"href":"https:\/\/pawz.rs\/en\/wp-json\/wp\/v2\/product_cat?post=17040"},{"taxonomy":"product_tag","embeddable":true,"href":"https:\/\/pawz.rs\/en\/wp-json\/wp\/v2\/product_tag?post=17040"}],"curies":[{"name":"wp","href":"https:\/\/api.w.org\/{rel}","templated":true}]}}