{"id":17067,"date":"2023-06-05T15:08:56","date_gmt":"2023-06-05T13:08:56","guid":{"rendered":"https:\/\/pawz.rs\/?post_type=product&#038;p=17067"},"modified":"2025-12-06T11:22:47","modified_gmt":"2025-12-06T10:22:47","slug":"dog-chow-sensitive-losos-14-kg","status":"publish","type":"product","link":"https:\/\/pawz.rs\/en\/dog-chow-sensitive-losos-14-kg\/","title":{"rendered":"Dog Chow Sensitive Losos 14 Kg"},"content":{"rendered":"<p><strong>Dog Chow Sensitive Losos 14 Kg<\/strong><\/p>\n<p>Briketi za pse SENSITIVE ADULT sa lososom je potpuna hrana za odrasle pse sa osetljivom ko\u017eom, dlakom i sistemom za varenje.<\/p>\n<ul>\n<li>Dog Chow recepti bogati su mesom \u0161to psi trebaju i instinktivno preferiraju. Sa lososom kao prirodnim izvorom proteina i pa\u017eljivo izbalansiran sa celovitim \u017eitaricama. Dog Chow je stru\u010dno razvijen od strane nutricionista za svaku \u017eivotno doba i stil \u017eivota Va\u0161eg psa.<\/li>\n<li>U odr\u017eavanju idealne telesne te\u017eine Va\u0161eg psa poma\u017ee odgovaraju\u0107a nivo energije iz kvalitetnih proteina.<\/li>\n<li>Granule dveju razli\u010ditih veli\u010dina poma\u017eu dobro oralno zdravlje. Dog Chow granule su specijalno formirane da poti\u010du \u017evakanje i odr\u017eavaju dobro oralno zdravlje. Ku\u0107ni ljubimci na\u0161ih nutricionista, kao i uzgajiva\u010da pa\u017eljivo su testirani ovom kombinacijom granula kako bi se osigurala prikladnost i u\u017eitak za odrasle pse razli\u010ditih rasa.<\/li>\n<li><strong>Varenje:<\/strong> Dog Chow Sensitive sadr\u017ei visoko kvalitetne proteine iz lososa, a formulisana je od odabranih sastojaka za pomo\u0107 u ja\u010danju tolerancije na hranu.<\/li>\n<li><strong>Imuni sistem:<\/strong> Dog Chow Sensitive recept sadr\u017ei vitamin E i C, koji deluju kao antioksidanti u borbi protiv slobodnih radikala i poma\u017eu u odr\u017eavanju zdravlja imunolo\u0161kog sistema.<\/li>\n<li><strong>Omega 3 i 6 masne kiseline za zdravu ko\u017eu i krzno:<\/strong> Dog Chow Sensitive sadr\u017ei omega-3 i 6 masne kiseline prirodnog porekla, kao i vitamin A za pomo\u0107 u odr\u017eavanju zdrave ko\u017ee i sjajne dlake.<\/li>\n<\/ul>\n<p><strong>Sastav:<\/strong><br \/>\n\u017ditarice, meso i \u017eivotinjski derivati, ekstrakti biljnih proteina, ulja i masti, riba i derivati ribe (1,8%*), derivati biljnog porekla (su\u0161ena pulpa repe 1,5%), povr\u0107e (su\u0161eni koren cikorije 1,1%), minerali.<br \/>\n* jednako je 4% rehidrovane ribe i derivata ribe: jednako je 4% lososa.<\/p>\n<p><strong>Analytical composition:<\/strong><br \/>\nProtein 23%, masti 10%, pepeo 8%, vlakna 3%, Omega 3 masne kiseline (EPA+DHA) 0,2%, Omega 6 masne kiseline (linolna kiselina) 1,4%.<\/p>\n<p><strong>Dodaci po kg: IU\/kg:<\/strong><br \/>\nVitamin A: 20 300; vitamin D3: 1 180; vitamin E: 97 mg\/kg; Fe (E1): 257; I (E2): 3,3; Cu (E4): 36,8; Mn (E5): 19,7; Zn (E6): 415; Se (E8): 0,45.<br \/>\nAntioksidansi: E320, E321, E310. Konzervansi: E338, E202.<\/p>\n<p><strong>Uputstvo za hranjenje:<\/strong><br \/>\nTe\u017eina psa = preporu\u010dene dnevne koli\u010dine (g)<br \/>\nMali (5-12 kg) = 110 g \u2013 210 g<br \/>\nSrednji (12-25 kg) = 210 g \u2013 370 g<br \/>\nVeliki (25-45 kg) = 370 g \u2013 580 g<br \/>\nGigantski (45-70 kg) = 580 g \u2013 800 g<br \/>\nDnevne koli\u010dine hrane prilago\u0111avajte nivou aktivnosti Va\u0161eg psa, njegovoj fizi\u010dkoj kondiciji i individualnim potrebama.<\/p>\n<p>Serve food in dry form with available fresh water.<br \/>\nFor your pet&#039;s health, consult a veterinarian regularly.<br \/>\nStore the product in a dry, dark and cool place.<\/p>\n<p>Proizvo\u0111a\u010d: Nestle Hungaria Kft. Buki Gyara<br \/>\nZemlja porekla: Ma\u0111arska<\/p>\n\n    <div class=\"xs_social_share_widget xs_share_url after_content \t\tmain_content  wslu-style-1 wslu-share-box-shaped wslu-fill-colored wslu-none wslu-share-horizontal wslu-theme-font-no wslu-main_content\">\n\n\t\t\n        <ul>\n\t\t\t        <\/ul>\n    <\/div>","protected":false},"excerpt":{"rendered":"<p>Briketi za pse SENSITIVE ADULT sa lososom je potpuna hrana za odrasle pse sa osetljivom ko\u017eom, dlakom i sistemom za varenje.<\/p>","protected":false},"featured_media":5189,"comment_status":"open","ping_status":"closed","template":"","meta":{"_acf_changed":false},"pwb-brand":[328],"product_cat":[47,48,49],"product_tag":[],"class_list":{"0":"post-17067","1":"product","2":"type-product","3":"status-publish","4":"has-post-thumbnail","6":"pwb-brand-purina-hrana-za-pse","7":"product_cat-psi","8":"product_cat-hrana-za-pse","9":"product_cat-granule-za-pse","11":"first","12":"instock","13":"taxable","14":"shipping-taxable","15":"purchasable","16":"product-type-simple"},"acf":[],"brands":[{"id":328,"name":"Purina Dog Food","slug":"purina-hrana-za-pse"}],"_links":{"self":[{"href":"https:\/\/pawz.rs\/en\/wp-json\/wp\/v2\/product\/17067","targetHints":{"allow":["GET"]}}],"collection":[{"href":"https:\/\/pawz.rs\/en\/wp-json\/wp\/v2\/product"}],"about":[{"href":"https:\/\/pawz.rs\/en\/wp-json\/wp\/v2\/types\/product"}],"replies":[{"embeddable":true,"href":"https:\/\/pawz.rs\/en\/wp-json\/wp\/v2\/comments?post=17067"}],"wp:featuredmedia":[{"embeddable":true,"href":"https:\/\/pawz.rs\/en\/wp-json\/wp\/v2\/media\/5189"}],"wp:attachment":[{"href":"https:\/\/pawz.rs\/en\/wp-json\/wp\/v2\/media?parent=17067"}],"wp:term":[{"taxonomy":"pwb-brand","embeddable":true,"href":"https:\/\/pawz.rs\/en\/wp-json\/wp\/v2\/pwb-brand?post=17067"},{"taxonomy":"product_cat","embeddable":true,"href":"https:\/\/pawz.rs\/en\/wp-json\/wp\/v2\/product_cat?post=17067"},{"taxonomy":"product_tag","embeddable":true,"href":"https:\/\/pawz.rs\/en\/wp-json\/wp\/v2\/product_tag?post=17067"}],"curies":[{"name":"wp","href":"https:\/\/api.w.org\/{rel}","templated":true}]}}