{"id":17069,"date":"2023-06-05T16:10:13","date_gmt":"2023-06-05T14:10:13","guid":{"rendered":"https:\/\/pawz.rs\/?post_type=product&#038;p=17069"},"modified":"2025-12-06T11:22:47","modified_gmt":"2025-12-06T10:22:47","slug":"dog-chow-adult-piletina-14-kg","status":"publish","type":"product","link":"https:\/\/pawz.rs\/en\/dog-chow-adult-piletina-14-kg\/","title":{"rendered":"Dog Chow Adult Piletina 14 Kg"},"content":{"rendered":"<p><strong>Dog Chow Adult Piletina 14 Kg<\/strong><\/p>\n<p>Potpuna hrana za odrasle pse.<\/p>\n<ul>\n<li>Bogata mesom \u0161to psi trebaju i instinktivno preferiraju. S piletinom kao prirodnim izvorom proteina i pa\u017eljivo izbalansirana sa celovitim \u017eitaricama.<\/li>\n<li>Dog Chow\u00ae je stru\u010dno razvijen od strane nutricionista za svaku \u017eivotno doba i stil \u017eivota Va\u0161eg psa. Dog Chow\u00ae ima dve veli\u010dine granula specijalnog oblika i teksture za du\u017ee \u017evakanje, a time i du\u017ee u\u017eivanje u hrani, pobolj\u0161anje oralne higijene i bolje varenje.<\/li>\n<li>Hrana sadr\u017ei kompleks B vitamina i specijalnu kombinaciju ugljenih hidrata, \u0161to obezbe\u0111uje pove\u0107ane enegretske potrebe tokom perioda pove\u0107ane aktivnosti.<\/li>\n<li>Dog Chow\u00ae recept je formulisan sa cikorijom, prirodnim izvorom prebiotika, koji dokazano, pobolj\u0161avaju zdravstveno stanje digestivnog sistema. U odr\u017eavanju idealne telesne te\u017eine Va\u0161eg psa poma\u017ee odgovaraju\u0107i nivo energije iz kvalitetnih proteina.<\/li>\n<li>Kosti, zglobovi i zubi: Dog Chow\u00ae sadr\u017ei optimalnu koli\u010dinu minerala, vitamina D i proteina za odr\u017eavanje zdravih kostiju, zglobova i zuba. Idealna telesna te\u017eina: odnos proteina i masti je posebno prilago\u0111en kako bi se odr\u017eala idealna telesna te\u017eina velikih rasa pasa.<\/li>\n<\/ul>\n<p><strong>Sastav:<\/strong><br \/>\n\u017ditarice, meso i \u017eivotinjski derivati (8%*), ekstrakti biljnih proteina, ulja i masti, derivati biljnog porekla, povr\u0107e (su\u0161eni koren cikorije 1,1%), minerali.<br \/>\n* jednako je 16% rehidrovanog mesa i \u017eivotinjskih derivata: min. 4% piletine.<\/p>\n<p><strong>Analytical composition:<\/strong><br \/>\nProtein 25%, masti 12%, pepeo 8%, vlakna 3%.<\/p>\n<p><strong>Dodaci po kg: IU\/kg:<\/strong><br \/>\nVitamin A: 21 000; vitamin D3: 1 200; vitamin E: 100 mg\/kg: vitamin B: 83,5; Fe (E1): 266; I (E2): 3,3; Cu (E4): 38; Mn (E5): 20,3; Zn (E6): 429; Se (E8): 0,47.<br \/>\nAntioksidansi: E320, E321, E310. Konzervansi: E338, E202.<\/p>\n<p><strong>Uputstvo za hranjenje:<\/strong><br \/>\nVeli\u010dina psa = Uobi\u010dajno aktivan\u00a0 \u00a0 \u00a0 \u00a0Vi\u0161e aktivan<br \/>\nMali (5-12 kg)\u00a0 \u00a0 \u00a0110 g -210 g\u00a0 \u00a0 \u00a0 \u00a0 \u00a0 \u00a0 \u00a0 \u00a0125 g \u2013 240 g<br \/>\nSrednji (12-25 kg) 210 g \u2013 360 g\u00a0 \u00a0 \u00a0 \u00a0 240 g \u2013 415 g<br \/>\nDnevne koli\u010dine hrane prilago\u0111avajte nivou aktivnosti Va\u0161eg psa, njegovoj fizi\u010dkoj kondiciji i individualnim potrebama.<\/p>\n<p>Serve food in dry form with available fresh water.<br \/>\nFor your pet&#039;s health, consult a veterinarian regularly.<br \/>\nStore the product in a dry, dark and cool place.<\/p>\n<p>Proizvo\u0111a\u010d: Nestle Hungaria Kft. Buki Gyara<br \/>\nZemlja porekla: Ma\u0111arska<\/p>\n\n    <div class=\"xs_social_share_widget xs_share_url after_content \t\tmain_content  wslu-style-1 wslu-share-box-shaped wslu-fill-colored wslu-none wslu-share-horizontal wslu-theme-font-no wslu-main_content\">\n\n\t\t\n        <ul>\n\t\t\t        <\/ul>\n    <\/div>","protected":false},"excerpt":{"rendered":"<p>Dog Chow Adult sa piletinom predstavlja potpunu hranu za odrasle pse.<\/p>","protected":false},"featured_media":17081,"comment_status":"open","ping_status":"closed","template":"","meta":{"_acf_changed":false},"pwb-brand":[328],"product_cat":[47,48,49],"product_tag":[],"class_list":{"0":"post-17069","1":"product","2":"type-product","3":"status-publish","4":"has-post-thumbnail","6":"pwb-brand-purina-hrana-za-pse","7":"product_cat-psi","8":"product_cat-hrana-za-pse","9":"product_cat-granule-za-pse","11":"first","12":"instock","13":"taxable","14":"shipping-taxable","15":"purchasable","16":"product-type-simple"},"acf":[],"brands":[{"id":328,"name":"Purina Dog Food","slug":"purina-hrana-za-pse"}],"_links":{"self":[{"href":"https:\/\/pawz.rs\/en\/wp-json\/wp\/v2\/product\/17069","targetHints":{"allow":["GET"]}}],"collection":[{"href":"https:\/\/pawz.rs\/en\/wp-json\/wp\/v2\/product"}],"about":[{"href":"https:\/\/pawz.rs\/en\/wp-json\/wp\/v2\/types\/product"}],"replies":[{"embeddable":true,"href":"https:\/\/pawz.rs\/en\/wp-json\/wp\/v2\/comments?post=17069"}],"wp:featuredmedia":[{"embeddable":true,"href":"https:\/\/pawz.rs\/en\/wp-json\/wp\/v2\/media\/17081"}],"wp:attachment":[{"href":"https:\/\/pawz.rs\/en\/wp-json\/wp\/v2\/media?parent=17069"}],"wp:term":[{"taxonomy":"pwb-brand","embeddable":true,"href":"https:\/\/pawz.rs\/en\/wp-json\/wp\/v2\/pwb-brand?post=17069"},{"taxonomy":"product_cat","embeddable":true,"href":"https:\/\/pawz.rs\/en\/wp-json\/wp\/v2\/product_cat?post=17069"},{"taxonomy":"product_tag","embeddable":true,"href":"https:\/\/pawz.rs\/en\/wp-json\/wp\/v2\/product_tag?post=17069"}],"curies":[{"name":"wp","href":"https:\/\/api.w.org\/{rel}","templated":true}]}}