{"id":17071,"date":"2023-06-05T16:22:38","date_gmt":"2023-06-05T14:22:38","guid":{"rendered":"https:\/\/pawz.rs\/?post_type=product&#038;p=17071"},"modified":"2025-12-06T12:06:18","modified_gmt":"2025-12-06T11:06:18","slug":"dog-chow-adult-large-breed-curetina-14-kg","status":"publish","type":"product","link":"https:\/\/pawz.rs\/en\/dog-chow-adult-large-breed-curetina-14-kg\/","title":{"rendered":"Dog Chow Adult Large Breed \u0106uretina 14 Kg"},"content":{"rendered":"<p><strong>Dog Chow Adult Large Breed \u0106uretina 14 Kg<\/strong><\/p>\n<p>Briketi za pse LARGE BREED ADULT sa \u0107uretinom i prin\u010dem je potpuna hrana za odrasle pse velikih rasa<\/p>\n<ul>\n<li>Dog Chow proizvodi su bogati mesom \u0161to psi trebaju i instinktivno preferiraju. S \u0107uretinom kao prirodnim izvorom proteina i pa\u017eljivo izbalansiran sa celovitim \u017eitaricama. Dog Chow je stru\u010dno razvijen od strane nutricionista za svaku \u017eivotno doba i stil \u017eivota Va\u0161eg psa.<\/li>\n<li>Dog Chow ima dve veli\u010dine granula specijalnog oblika i teksture za du\u017ee \u017evakanje, a time i du\u017ee u\u017eivanje u hrani, pobolj\u0161anje oralne higijene i bolje varenje.<\/li>\n<li>Dog Chow recept je formulisan sa cikorijom, prirodnim izvorom prebiotika, koji dokazano, pobolj\u0161avaju zdravstveno stanje digestivnog sistema.<\/li>\n<li>U odr\u017eavanju idealne telesne te\u017eine Va\u0161eg psa poma\u017ee odgovaraju\u0107a nivo energije iz kvalitetnih proteina.<\/li>\n<li><strong>Kosti, zglobovi i zubi:<\/strong> Dog Chow sadr\u017ei optimalnu koli\u010dinu minerala, vitamina D i proteina za odr\u017eavanje zdravih kostiju, zglobova i zuba.<\/li>\n<li><strong>Imuni sistem:<\/strong> Dog Chow Adult Large Breed sadr\u017ei vitamine E i C, koji deluju kao antioksidanti u borbi protiv slobodnih radikala i poma\u017eu u odr\u017eavanju zdravlja imunolo\u0161kog sistema. Idealna telesna te\u017eina: odnos proteina i masti je posebno prilago\u0111en kako bi se odr\u017eala idealna telesna te\u017eina velikih rasa pasa.<\/li>\n<\/ul>\n<p><strong>Sastav:<br \/>\n<\/strong>\u017ditarice, meso i \u017eivotinjski derivati (8%*), ekstrakti biljnih proteina, ulja i masti (riblje ulje 0,7%), derivati biljnog porekla, povr\u0107e (su\u0161eni koren cikorije 1%), minerali.<br \/>\n* jednako je 16% rehidrovanog mesa i \u017eivotinjskih derivata: min.4% \u0107uretine.<\/p>\n<p><strong>Analytical composition:<\/strong><br \/>\nProtein 23%, sadr\u017eaj masti 9%, sirovi pepeo 8%, sirova vlakna 3%, Omega 3 masne kiseline (EPA+DHA) 0,2%, Omega 6 masne kiseline (linolna kiselina) 1,4%.<\/p>\n<p><strong>Dodaci po kg: IU\/kg:<br \/>\n<\/strong>Vitamin A: 18 200; vitamin D3: 1 060; vitamin E: 85 mg\/kg; Fe (E1):230; I (E2): 2,9; Cu (E4): 33; Mn (E5): 17,6; Zn (E6): 372; Se (E8): 0,40.<br \/>\nAntioksidansi: E320, E321, E310. Konzervansi: E338, E202.<\/p>\n<p><strong>Uputstvo za hranjenje:<\/strong><br \/>\nTe\u017eina psa = preporu\u010dene dnevne koli\u010dine (g)<br \/>\nVeliki (25 kg\u201345 kg)\u00a0 370 g \u2013 580 g<br \/>\nGigantski (45 kg-70 kg)\u00a0 580 g \u2013 810 g<\/p>\n<p>Dnevne koli\u010dine hrane prilago\u0111avajte nivou aktivnosti Va\u0161eg psa, njegovoj fizi\u010dkoj kondiciji i individualnim potrebama.<\/p>\n<p>Serve food in dry form with available fresh water.<br \/>\nFor your pet&#039;s health, consult a veterinarian regularly.<br \/>\nStore the product in a dry, dark and cool place.<\/p>\n<p>Proizvo\u0111a\u010d: Nestle Hungaria Kft. Buki Gyara<br \/>\nZemlja porekla: Ma\u0111arska<\/p>\n\n    <div class=\"xs_social_share_widget xs_share_url after_content \t\tmain_content  wslu-style-1 wslu-share-box-shaped wslu-fill-colored wslu-none wslu-share-horizontal wslu-theme-font-no wslu-main_content\">\n\n\t\t\n        <ul>\n\t\t\t        <\/ul>\n    <\/div>","protected":false},"excerpt":{"rendered":"<p>Briketi za pse LARGE BREED ADULT sa \u0107uretinom i prin\u010dem je potpuna hrana za odrasle pse velikih rasa<\/p>","protected":false},"featured_media":5185,"comment_status":"open","ping_status":"closed","template":"","meta":{"_acf_changed":false},"pwb-brand":[328],"product_cat":[49,48,47],"product_tag":[],"class_list":{"0":"post-17071","1":"product","2":"type-product","3":"status-publish","4":"has-post-thumbnail","6":"pwb-brand-purina-hrana-za-pse","7":"product_cat-granule-za-pse","8":"product_cat-hrana-za-pse","9":"product_cat-psi","11":"first","12":"instock","13":"taxable","14":"shipping-taxable","15":"purchasable","16":"product-type-simple"},"acf":[],"brands":[{"id":328,"name":"Purina Dog Food","slug":"purina-hrana-za-pse"}],"_links":{"self":[{"href":"https:\/\/pawz.rs\/en\/wp-json\/wp\/v2\/product\/17071","targetHints":{"allow":["GET"]}}],"collection":[{"href":"https:\/\/pawz.rs\/en\/wp-json\/wp\/v2\/product"}],"about":[{"href":"https:\/\/pawz.rs\/en\/wp-json\/wp\/v2\/types\/product"}],"replies":[{"embeddable":true,"href":"https:\/\/pawz.rs\/en\/wp-json\/wp\/v2\/comments?post=17071"}],"wp:featuredmedia":[{"embeddable":true,"href":"https:\/\/pawz.rs\/en\/wp-json\/wp\/v2\/media\/5185"}],"wp:attachment":[{"href":"https:\/\/pawz.rs\/en\/wp-json\/wp\/v2\/media?parent=17071"}],"wp:term":[{"taxonomy":"pwb-brand","embeddable":true,"href":"https:\/\/pawz.rs\/en\/wp-json\/wp\/v2\/pwb-brand?post=17071"},{"taxonomy":"product_cat","embeddable":true,"href":"https:\/\/pawz.rs\/en\/wp-json\/wp\/v2\/product_cat?post=17071"},{"taxonomy":"product_tag","embeddable":true,"href":"https:\/\/pawz.rs\/en\/wp-json\/wp\/v2\/product_tag?post=17071"}],"curies":[{"name":"wp","href":"https:\/\/api.w.org\/{rel}","templated":true}]}}