{"id":17110,"date":"2024-04-20T11:27:31","date_gmt":"2024-04-20T09:27:31","guid":{"rendered":"https:\/\/pawz.rs\/?post_type=product&#038;p=17110"},"modified":"2026-02-12T20:53:58","modified_gmt":"2026-02-12T19:53:58","slug":"gemon-dog-mini-puppy-and-junior-with-chicken-and-rice","status":"publish","type":"product","link":"https:\/\/pawz.rs\/en\/gemon-dog-mini-puppy-and-junior-with-chicken-and-rice\/","title":{"rendered":"Gemon Dog Mini Puppy And Junior With Chicken And Rice 3 kg"},"content":{"rendered":"<p><strong>Gemon Dog Mini Puppy And Junior With Chicken And Rice 3 kg<\/strong><\/p>\n<p>Kompletna\u00a0hrana za \u0161tence namenjena svakodnevnoj ishrani pasa od 6 nedelja do 12 meseci starosti, malih rasa.<\/p>\n<p>Visokog kvaliteta, piletina lako varljiva, hrana je napravljena da zadovolji energetske potrebe \u0161tenaca za pravilno, zdravo odrastanje.<\/p>\n<p><strong>Sastav:<\/strong><br \/>\n\u017ditarice (pirina\u010d min 5%), meso i nus-proizvodi 28% (sve\u017ea piletina min 10%), ulja i masti, riba i nus-proizvodi, nus-proizvod biljnog porekla (pulpa repe 2%), kvasac (pivski kvasac 1%), kukuruzni gluten 7%, minerali, ekstrakt kestena, yucca schidigera, kolin hlorid, F.O.S. (fruktooligosaharidi) 1g\/kg, vitamin E.<\/p>\n<p><strong>Analytical composition:<\/strong><br \/>\nSirovi protein 29%, Sirova ulja i masti 15%, Sirovo vlakno 2,70%, Sirovi pepeo 6%, Kalcijum 1,50%, Fosfor 1%.<\/p>\n<p><strong>Hranljivi aditivi\/ kg:<br \/>\n<\/strong>VitaminA (kao Retinil acetat) 20.000 I.U., Vitamin D3 (kao Cholecalciferol) 1.215 I.U., Vitamin E (all-rac-alpha tocopheryl acetat) 130mg, Choline Chloride 2.000mg, Mangan Sulfat Monohidratni 90mg (Mangan 30mg), Cink Oksid 175mg (Cink 130mg), Bakar Sulfat Pentahidrat 40mg (Bakar 11mg), Gvo\u017e\u0111e Sulfat Monohidrat 300mg (Gvo\u017e\u0111e 90mg),Sodijum Selenit 0,40mg (Selen 0,18mg), Kalcijum ruda Anhidrovana 2,30mg (ruda 1,40mg). Amino-kiselne\/kg: L-karnitin 50% 100mg.<\/p>\n<p><strong>Tehnolo\u0161ki aditivi:<\/strong><br \/>\nAntioksidansi.<\/p>\n<p>Serve food in dry form with available fresh water.<br \/>\nFor your pet&#039;s health, consult a veterinarian regularly.<\/p>\n<p>\u010cuvati proizvod na suvom i hladnom mestu.<\/p>\n<p>Proizvo\u0111a\u010d:\u00a0Monge &amp; C. S.p.a. Via Savigliano, Italy<br \/>\nZemlja porekla: EU (Italija)<\/p>\n\n    <div class=\"xs_social_share_widget xs_share_url after_content \t\tmain_content  wslu-style-1 wslu-share-box-shaped wslu-fill-colored wslu-none wslu-share-horizontal wslu-theme-font-no wslu-main_content\">\n\n\t\t\n        <ul>\n\t\t\t        <\/ul>\n    <\/div>","protected":false},"excerpt":{"rendered":"<p>Kompletna hrana za \u0161tence, malih rasa, od 6 nedelja do 12 meseci.<\/p>","protected":false},"featured_media":17869,"comment_status":"open","ping_status":"closed","template":"","meta":{"_acf_changed":false},"pwb-brand":[868],"product_cat":[47,48,49],"product_tag":[],"class_list":{"0":"post-17110","1":"product","2":"type-product","3":"status-publish","4":"has-post-thumbnail","6":"pwb-brand-gemon","7":"product_cat-psi","8":"product_cat-hrana-za-pse","9":"product_cat-granule-za-pse","11":"first","12":"instock","13":"taxable","14":"shipping-taxable","15":"purchasable","16":"product-type-simple"},"acf":[],"brands":[{"id":868,"name":"Gemon","slug":"gemon"}],"_links":{"self":[{"href":"https:\/\/pawz.rs\/en\/wp-json\/wp\/v2\/product\/17110","targetHints":{"allow":["GET"]}}],"collection":[{"href":"https:\/\/pawz.rs\/en\/wp-json\/wp\/v2\/product"}],"about":[{"href":"https:\/\/pawz.rs\/en\/wp-json\/wp\/v2\/types\/product"}],"replies":[{"embeddable":true,"href":"https:\/\/pawz.rs\/en\/wp-json\/wp\/v2\/comments?post=17110"}],"wp:featuredmedia":[{"embeddable":true,"href":"https:\/\/pawz.rs\/en\/wp-json\/wp\/v2\/media\/17869"}],"wp:attachment":[{"href":"https:\/\/pawz.rs\/en\/wp-json\/wp\/v2\/media?parent=17110"}],"wp:term":[{"taxonomy":"pwb-brand","embeddable":true,"href":"https:\/\/pawz.rs\/en\/wp-json\/wp\/v2\/pwb-brand?post=17110"},{"taxonomy":"product_cat","embeddable":true,"href":"https:\/\/pawz.rs\/en\/wp-json\/wp\/v2\/product_cat?post=17110"},{"taxonomy":"product_tag","embeddable":true,"href":"https:\/\/pawz.rs\/en\/wp-json\/wp\/v2\/product_tag?post=17110"}],"curies":[{"name":"wp","href":"https:\/\/api.w.org\/{rel}","templated":true}]}}