{"id":17123,"date":"2024-04-20T11:27:35","date_gmt":"2024-04-20T09:27:35","guid":{"rendered":"https:\/\/pawz.rs\/?post_type=product&#038;p=17123"},"modified":"2026-02-12T20:48:23","modified_gmt":"2026-02-12T19:48:23","slug":"gemon-dog-medium-adult-with-chicken","status":"publish","type":"product","link":"https:\/\/pawz.rs\/en\/gemon-dog-medium-adult-with-chicken\/","title":{"rendered":"Gemon Dog Medium Adult With Chicken"},"content":{"rendered":"<p><strong>Gemon Dog Medium Adult With Chicken<\/strong><\/p>\n<p>Kompletna hrana namenjena svakodnevnoj ishrani\u00a0odraslih pasa srednje veli\u010dine\u00a0sa normalno aktivnim na\u010dinom \u017eivota.<\/p>\n<p>Poma\u017ee \u010duvanju zdravlja jetre, \u0161titi zglobove i sadr\u017ei L-Karnitin za ja\u010danje cirkulacionog sistema.<\/p>\n<p><strong>Sastav:<\/strong><br \/>\n\u017ditarice, meso i nus-proizvodi 25% (sve\u017ea piletina min 5%), ulja i masti, riba i nus-proizvodi, nus-proizvod biljnog porekla (pulpa repe 2%), minerali, ekstrakt kestena, yucca schidigera, kolinhlorid, F.O.S.(frukto-oligosaharidi)1g\/kg, vitamin E.<\/p>\n<p><strong>Analytical composition:<\/strong><br \/>\nSirovi protein 25%, Sirova ulja i masti 14%, Sirovo vlakno 2,50%, Sirovi pepeo 8%, Kalcijum 1,70%, Fosfor 1,20%.<\/p>\n<p><strong>Hranljivi aditivi\/ kg:<br \/>\n<\/strong>VitaminA (kao Retinil acetat) 16.000 I.U., Vitamin D3 (kao Cholecalciferol) 1.150 I.U., Vitamin E (all-rac-alpha tocopheryl acetat) 120mg, Choline Chloride 1.500mg, Mangan Sulfat Monohidratni 70mg (Mangan 25mg), Cink Oksid 150mg (Cink 110mg), Bakar Sulfat Pentahidrat 40mg (Bakar 10mg\/kg), Gvo\u017e\u0111e Sulfat Monohidrat 260mg (Gvo\u017e\u0111e 80mg),Sodijum Selenit 0,35mg (Selen 0,15mg), Kalcijum ruda Anhidrovana 2,00mg (ruda 1,25mg). Amino-kiselne\/kg: Lkarnitin 50% 200mg.<\/p>\n<p><strong> Tehnolo\u0161ki aditivi\/kg:<br \/>\n<\/strong>MSM (Metilsulfinometanol) 400mg, Glukozamin 400mg, Kondroin sulfat 260mg.<\/p>\n<p><strong>Tehnolo\u0161ki aditivi:<\/strong><br \/>\nAntioksidansi.<\/p>\n<p>Serve food in dry form with available fresh water.<br \/>\nFor your pet&#039;s health, consult a veterinarian regularly.<\/p>\n<p>\u010cuvati proizvod na suvom i hladnom mestu.<\/p>\n<p>Proizvo\u0111a\u010d:\u00a0Monge &amp; C. S.p.a. Via Savigliano, Italy<br \/>\nZemlja porekla: EU (Italija)<\/p>\n\n    <div class=\"xs_social_share_widget xs_share_url after_content \t\tmain_content  wslu-style-1 wslu-share-box-shaped wslu-fill-colored wslu-none wslu-share-horizontal wslu-theme-font-no wslu-main_content\">\n\n\t\t\n        <ul>\n\t\t\t        <\/ul>\n    <\/div>","protected":false},"excerpt":{"rendered":"<p>Gemon Dog Medium Adult With Chicken je kompletna hrana za odrasle pse, srednje rase, sa ukusom piletine<\/p>","protected":false},"featured_media":17863,"comment_status":"open","ping_status":"closed","template":"","meta":{"_acf_changed":false},"pwb-brand":[868],"product_cat":[47,48,49],"product_tag":[],"class_list":{"0":"post-17123","1":"product","2":"type-product","3":"status-publish","4":"has-post-thumbnail","6":"pwb-brand-gemon","7":"product_cat-psi","8":"product_cat-hrana-za-pse","9":"product_cat-granule-za-pse","11":"first","12":"instock","13":"taxable","14":"shipping-taxable","15":"purchasable","16":"product-type-variable","17":"has-default-attributes"},"acf":[],"brands":[{"id":868,"name":"Gemon","slug":"gemon"}],"_links":{"self":[{"href":"https:\/\/pawz.rs\/en\/wp-json\/wp\/v2\/product\/17123","targetHints":{"allow":["GET"]}}],"collection":[{"href":"https:\/\/pawz.rs\/en\/wp-json\/wp\/v2\/product"}],"about":[{"href":"https:\/\/pawz.rs\/en\/wp-json\/wp\/v2\/types\/product"}],"replies":[{"embeddable":true,"href":"https:\/\/pawz.rs\/en\/wp-json\/wp\/v2\/comments?post=17123"}],"wp:featuredmedia":[{"embeddable":true,"href":"https:\/\/pawz.rs\/en\/wp-json\/wp\/v2\/media\/17863"}],"wp:attachment":[{"href":"https:\/\/pawz.rs\/en\/wp-json\/wp\/v2\/media?parent=17123"}],"wp:term":[{"taxonomy":"pwb-brand","embeddable":true,"href":"https:\/\/pawz.rs\/en\/wp-json\/wp\/v2\/pwb-brand?post=17123"},{"taxonomy":"product_cat","embeddable":true,"href":"https:\/\/pawz.rs\/en\/wp-json\/wp\/v2\/product_cat?post=17123"},{"taxonomy":"product_tag","embeddable":true,"href":"https:\/\/pawz.rs\/en\/wp-json\/wp\/v2\/product_tag?post=17123"}],"curies":[{"name":"wp","href":"https:\/\/api.w.org\/{rel}","templated":true}]}}