{"id":17126,"date":"2024-04-20T11:27:36","date_gmt":"2024-04-20T09:27:36","guid":{"rendered":"https:\/\/pawz.rs\/?post_type=product&#038;p=17126"},"modified":"2026-02-12T20:48:23","modified_gmt":"2026-02-12T19:48:23","slug":"gemon-dog-medium-adult-with-lamb-and-rice","status":"publish","type":"product","link":"https:\/\/pawz.rs\/en\/gemon-dog-medium-adult-with-lamb-and-rice\/","title":{"rendered":"Gemon Dog Medium Adult With Lamb And Rice"},"content":{"rendered":"<p><strong>Gemon Dog Medium Adult With Lamb And Rice<\/strong><\/p>\n<p>Kompletna hrana namenjena svakodnevnoj ishrani odraslih pasa srednje veli\u010dine.<\/p>\n<p>Sadr\u017ei laganu, lako varljivu jagnjetinu.<\/p>\n<p>Njena formula \u0161titi funkciju jetre.<\/p>\n<p><strong>Sastav:<\/strong><br \/>\n\u017ditarice (pirina\u010d min 5%), meso i nus-proizvodi 28% (sve\u017ea jagnjetina min 10%), ulja i masti, riba i nus-proizvodi, nus-proizvod biljnog porekla (pulpa repe 2%), kvasac (pivski kvasac 1%), minerali, ekstrakt kestena, yucca schidigera, kolin hlorid, F.O.S. (frukto-oligosaharidi) 1g\/kg, vitamin E.<\/p>\n<p><strong>Analytical composition:<\/strong><br \/>\nSirovi protein 25%, Sirova ulja i masti 13%, Sirovo vlakno 2,50%, Sirovi pepeo 8%, Kalcijum 1,46%, Fosfor 1,16%.<\/p>\n<p><strong>Hranljivi aditivi\/ kg:<br \/>\n<\/strong>VitaminA (kao Retinil acetat) 16.000 I.U., Vitamin D3 (kao Cholecalciferol) 1.150 I.U., Vitamin E (all-rac-alpha tocopheryl acetat) 120mg, Choline Chloride 1.400mg, Mangan Sulfat Monohidratni 70mg (Mangan 25mg), Cink Oksid 150mg (Cink 110mg), Bakar Sulfat Pentahidrat 40mg (Bakar 10mg), Gvo\u017e\u0111e Sulfat Monohidrat 260mg (Gvo\u017e\u0111e 80mg),Sodijum Selenit 0,35mg (Selen 0,15mg), Kalcijum ruda Anhidrovana 2,00mg (ruda 1,25mg). Amino-kiselne\/kg: L-karnitin 50% 215mg.<strong><br \/>\n<\/strong><\/p>\n<p><strong>Tehnolo\u0161ki aditivi:<\/strong><br \/>\nAntioksidansi.<\/p>\n<p>Serve food in dry form with available fresh water.<br \/>\nFor your pet&#039;s health, consult a veterinarian regularly.<\/p>\n<p>\u010cuvati proizvod na suvom i hladnom mestu.<\/p>\n<p>Proizvo\u0111a\u010d:\u00a0Monge &amp; C. S.p.a. Via Savigliano, Italy<br \/>\nZemlja porekla: EU (Italija)<\/p>\n\n    <div class=\"xs_social_share_widget xs_share_url after_content \t\tmain_content  wslu-style-1 wslu-share-box-shaped wslu-fill-colored wslu-none wslu-share-horizontal wslu-theme-font-no wslu-main_content\">\n\n\t\t\n        <ul>\n\t\t\t        <\/ul>\n    <\/div>","protected":false},"excerpt":{"rendered":"<p>Gemon Dog Medium Adult With Lamb And Rice predstavlja kompletnu hranu za odrasle pse srednje rase, sa kombinacijom dva ukusa, jagnjetine i pirin\u010da<\/p>","protected":false},"featured_media":17864,"comment_status":"open","ping_status":"closed","template":"","meta":{"_acf_changed":false},"pwb-brand":[868],"product_cat":[47,48,49],"product_tag":[],"class_list":{"0":"post-17126","1":"product","2":"type-product","3":"status-publish","4":"has-post-thumbnail","6":"pwb-brand-gemon","7":"product_cat-psi","8":"product_cat-hrana-za-pse","9":"product_cat-granule-za-pse","11":"first","12":"instock","13":"taxable","14":"shipping-taxable","15":"purchasable","16":"product-type-variable","17":"has-default-attributes"},"acf":[],"brands":[{"id":868,"name":"Gemon","slug":"gemon"}],"_links":{"self":[{"href":"https:\/\/pawz.rs\/en\/wp-json\/wp\/v2\/product\/17126","targetHints":{"allow":["GET"]}}],"collection":[{"href":"https:\/\/pawz.rs\/en\/wp-json\/wp\/v2\/product"}],"about":[{"href":"https:\/\/pawz.rs\/en\/wp-json\/wp\/v2\/types\/product"}],"replies":[{"embeddable":true,"href":"https:\/\/pawz.rs\/en\/wp-json\/wp\/v2\/comments?post=17126"}],"wp:featuredmedia":[{"embeddable":true,"href":"https:\/\/pawz.rs\/en\/wp-json\/wp\/v2\/media\/17864"}],"wp:attachment":[{"href":"https:\/\/pawz.rs\/en\/wp-json\/wp\/v2\/media?parent=17126"}],"wp:term":[{"taxonomy":"pwb-brand","embeddable":true,"href":"https:\/\/pawz.rs\/en\/wp-json\/wp\/v2\/pwb-brand?post=17126"},{"taxonomy":"product_cat","embeddable":true,"href":"https:\/\/pawz.rs\/en\/wp-json\/wp\/v2\/product_cat?post=17126"},{"taxonomy":"product_tag","embeddable":true,"href":"https:\/\/pawz.rs\/en\/wp-json\/wp\/v2\/product_tag?post=17126"}],"curies":[{"name":"wp","href":"https:\/\/api.w.org\/{rel}","templated":true}]}}