{"id":17216,"date":"2023-06-13T17:04:38","date_gmt":"2023-06-13T15:04:38","guid":{"rendered":"https:\/\/pawz.rs\/?post_type=product&#038;p=17216"},"modified":"2026-02-12T20:54:06","modified_gmt":"2026-02-12T19:54:06","slug":"gemon-dog-chunks-adult-mini-with-chicken-and-rice-415-g","status":"publish","type":"product","link":"https:\/\/pawz.rs\/en\/gemon-dog-chunks-adult-mini-with-chicken-and-rice-415-g\/","title":{"rendered":"Gemon Dog Chunks Adult Mini With Chicken And Rice 415 g"},"content":{"rendered":"<p><strong>Gemon Dog Chunks Adult Mini With Chicken And Rice 415 g<\/strong><\/p>\n<div class=\"ccvoYb EjH7wc\">\n<div class=\"AxqVh\">\n<div class=\"OPPzxe\">\n<div class=\"QcsUad BDJ8fb BLojaf sMVRZe wneUed\">\n<div class=\"usGWQd\">\n<div class=\"KkbLmb\">\n<div class=\"UdTY9 BwTYAc WdefRb\" aria-hidden=\"true\" data-location=\"2\">\n<div><strong>Minimalna kupovina 6 komada<\/strong><\/div>\n<div><\/div>\n<div class=\"kO6q6e\">Gemon Chunks Adult Mini je kompletna hrana za odrasle pse malih rasa, formulisana da obezbedi sve neophodne hranljive materije za svakodnevnu vitalnost na\u0161ih \u010detvorono\u017enih prijatelja.<\/div>\n<\/div>\n<\/div>\n<\/div>\n<\/div>\n<\/div>\n<\/div>\n<\/div>\n<p><strong>Sastav:<br \/>\n<\/strong>Meso i proizvodi \u017eivotinjskog porekla 45% (piletina 14%), \u017eitarice (pirina\u010d 4,2%), jaja i proizvodi od jaja, minerali<\/p>\n<p><strong>Analytical composition:<br \/>\n<\/strong>Sirovi proteini 8,5%, sirova vlakna 0,5%, sirove masti 6,0%, sirovi pepeo 2,7%, vlaga 80%.<\/p>\n<div class=\"ccvoYb EjH7wc\">\n<div class=\"AxqVh\">\n<div class=\"OPPzxe\">\n<div class=\"QcsUad BDJ8fb BLojaf sMVRZe wneUed\">\n<div class=\"usGWQd\">\n<div class=\"KkbLmb\">\n<div class=\"VO9ucd\">\n<div class=\"aJIq1d\" data-language-code=\"sr\" data-language-name=\"srpski\" data-text=\"\u0441\u0438\u0440\u043e\u0432\u0438 \u043f\u0440\u043e\u0442\u0435\u0438\u043d\u0438 8,5%, \u0441\u0438\u0440\u043e\u0432\u0430 \u0432\u043b\u0430\u043a\u043d\u0430 0,5%, \u0441\u0438\u0440\u043e\u0432\u0435 \u043c\u0430\u0441\u0442\u0438 6,0%, \u0441\u0438\u0440\u043e\u0432\u0438 \u043f\u0435\u043f\u0435\u043e 2,7%. \u0412\u043b\u0430\u0433\u0430 80%.\" data-crosslingual-hint=\"\" data-location=\"2\" data-enable-toggle-playback-speed=\"true\" data-results-count=\"1\" data-result-index=\"1\">\n<div class=\"m0Qfkd\">\n<div id=\"ucc-144\" class=\"EY8ABd-OWXEXe-TAWMXe\" role=\"tooltip\" aria-hidden=\"true\"><strong>Hranljivi sastojci:<\/strong><\/div>\n<\/div>\n<\/div>\n<\/div>\n<\/div>\n<\/div>\n<\/div>\n<\/div>\n<\/div>\n<\/div>\n<div class=\"ccvoYb EjH7wc\">\n<div class=\"AxqVh\">\n<div class=\"OPPzxe\">\n<div class=\"QcsUad BDJ8fb BLojaf sMVRZe wneUed\">\n<div class=\"usGWQd\">\n<div class=\"KkbLmb\">\n<div class=\"VO9ucd\">\n<div class=\"aJIq1d\" data-language-code=\"sr\" data-language-name=\"srpski\" data-text=\"\u0441\u0438\u0440\u043e\u0432\u0438 \u043f\u0440\u043e\u0442\u0435\u0438\u043d\u0438 7,0%, \u0441\u0438\u0440\u043e\u0432\u0430 \u0432\u043b\u0430\u043a\u043d\u0430 0,5%, \u0441\u0438\u0440\u043e\u0432\u0430 \u043c\u0430\u0441\u0442 5,0%, \u0441\u0438\u0440\u043e\u0432\u0438 \u043f\u0435\u043f\u0435\u043e 1,0%, \u0432\u043b\u0430\u0433\u0430 79%.\" data-crosslingual-hint=\"\" data-location=\"2\" data-enable-toggle-playback-speed=\"true\" data-results-count=\"1\" data-result-index=\"1\">\n<div class=\"m0Qfkd\">\n<div id=\"ucc-70\" class=\"EY8ABd-OWXEXe-TAWMXe\" role=\"tooltip\" aria-hidden=\"true\">\n<div class=\"ccvoYb EjH7wc\">\n<div class=\"AxqVh\">\n<div class=\"OPPzxe\">\n<div class=\"QcsUad BDJ8fb BLojaf sMVRZe wneUed\">\n<div class=\"usGWQd\">\n<div class=\"KkbLmb\">\n<div class=\"UdTY9 BwTYAc WdefRb\" aria-hidden=\"true\" data-location=\"2\">\n<div class=\"kO6q6e\">\n<div class=\"ccvoYb EjH7wc\">\n<div class=\"AxqVh\">\n<div class=\"OPPzxe\">\n<div class=\"QcsUad BDJ8fb BLojaf sMVRZe wneUed\">\n<div class=\"usGWQd\">\n<div class=\"KkbLmb\">\n<div class=\"UdTY9 BwTYAc WdefRb\" aria-hidden=\"true\" data-location=\"2\">\n<div class=\"kO6q6e\">\n<div class=\"ccvoYb EjH7wc\">\n<div class=\"AxqVh\">\n<div class=\"OPPzxe\">\n<div class=\"QcsUad BDJ8fb BLojaf sMVRZe wneUed\">\n<div class=\"usGWQd\">\n<div class=\"KkbLmb\">\n<div class=\"UdTY9 BwTYAc WdefRb\" aria-hidden=\"true\" data-location=\"2\">\n<div class=\"kO6q6e\">Vitamin A (retinil acetat) 2500 IU, vitamin D3 250 IU, vitamin E (alfa-tokoferil acetat) 10 mg.<\/div>\n<div><\/div>\n<\/div>\n<\/div>\n<\/div>\n<\/div>\n<\/div>\n<\/div>\n<\/div>\n<\/div>\n<\/div>\n<div class=\"VO9ucd\">\n<div class=\"aJIq1d\" data-language-code=\"sr\" data-language-name=\"srpski\" data-text=\"\u0412\u0438\u0442\u0430\u043c\u0438\u043d \u0410 (\u0440\u0435\u0442\u0438\u043d\u0438\u043b \u0430\u0446\u0435\u0442\u0430\u0442) 3000 \u0418\u0423, \u0432\u0438\u0442\u0430\u043c\u0438\u043d \u04143 400 \u0418\u0423, \u0432\u0438\u0442\u0430\u043c\u0438\u043d \u0415 (\u0441\u0432\u0435-\u0440\u0430\u0446-\u0430\u043b\u0444\u0430-\u0442\u043e\u043a\u043e\u0444\u0435\u0440\u0438\u043b \u0430\u0446\u0435\u0442\u0430\u0442) 15 \u043c\u0433.\" data-crosslingual-hint=\"\" data-location=\"2\" data-enable-toggle-playback-speed=\"true\" data-results-count=\"1\" data-result-index=\"1\">\n<div class=\"EY8ABd-OWXEXe-TAWMXe\" role=\"tooltip\" aria-hidden=\"true\"><strong>Uputstvo za upotrebu:<\/strong><\/div>\n<\/div>\n<\/div>\n<\/div>\n<\/div>\n<\/div>\n<\/div>\n<\/div>\n<\/div>\n<\/div>\n<\/div>\n<div class=\"VO9ucd\">\n<div class=\"aJIq1d\" data-language-code=\"sr\" data-language-name=\"srpski\" data-text=\"\u0412\u0438\u0442\u0430\u043c\u0438\u043d \u0410 (\u0440\u0435\u0442\u0438\u043d\u0438\u043b \u0430\u0446\u0435\u0442\u0430\u0442) 3000 \u0418\u0423, \u0432\u0438\u0442\u0430\u043c\u0438\u043d \u04143 400 \u0418\u0423, \u0432\u0438\u0442\u0430\u043c\u0438\u043d \u0415 (\u0441\u0432\u0435-\u0440\u0430\u0446-\u0430\u043b\u0444\u0430-\u0442\u043e\u043a\u043e\u0444\u0435\u0440\u0438\u043b \u0430\u0446\u0435\u0442\u0430\u0442) 15 \u043c\u0433.\" data-crosslingual-hint=\"\" data-location=\"2\" data-enable-toggle-playback-speed=\"true\" data-results-count=\"1\" data-result-index=\"1\">\n<div class=\"m0Qfkd\">\n<div id=\"ucc-181\" class=\"EY8ABd-OWXEXe-TAWMXe\" role=\"tooltip\" aria-hidden=\"true\">Dnevni obrok za odraslog psa male veli\u010dine (2 \u2013 10 kg): 200 \u2013 650 grama proizvoda, podeljenih u 2 obroka.<\/div>\n<div class=\"EY8ABd-OWXEXe-TAWMXe\" role=\"tooltip\" aria-hidden=\"true\">Prilagodite koli\u010dinu prema veli\u010dini, aktivnosti i na\u010dinu \u017eivota \u017eivotinje.<\/div>\n<\/div>\n<\/div>\n<\/div>\n<\/div>\n<\/div>\n<\/div>\n<\/div>\n<\/div>\n<\/div>\n<\/div>\n<\/div>\n<\/div>\n<\/div>\n<\/div>\n<\/div>\n<\/div>\n<\/div>\n<\/div>\n<\/div>\n<div class=\"ccvoYb EjH7wc\">\n<div class=\"AxqVh\">\n<div class=\"OPPzxe\">\n<div class=\"QcsUad BDJ8fb BLojaf sMVRZe wneUed\">\n<div class=\"usGWQd\">\n<div class=\"KkbLmb\">\n<div class=\"UdTY9 BwTYAc WdefRb\" aria-hidden=\"true\" data-location=\"2\">\n<div><\/div>\n<div class=\"kO6q6e\">Kada ovaj proizvod zameni drugu vrstu, preporu\u010dljivo je da ga uvodite postepeno u periodu od najmanje 1 nedelje.<\/div>\n<\/div>\n<\/div>\n<\/div>\n<\/div>\n<\/div>\n<\/div>\n<\/div>\n<p>Nakon otvaranja \u010duvati u fri\u017eideru i upotrebiti u roku od 2 dana.<\/p>\n<p>Serve food in dry form with available fresh water.<br \/>\nFor your pet&#039;s health, consult a veterinarian regularly.<\/p>\n<div class=\"ccvoYb EjH7wc\">\n<div class=\"AxqVh\">\n<div class=\"OPPzxe\">\n<div class=\"QcsUad BDJ8fb BLojaf sMVRZe wneUed\">\n<div class=\"usGWQd\">\n<div class=\"KkbLmb\">\n<div class=\"VO9ucd\">\n<div class=\"aJIq1d\" data-language-code=\"sr\" data-language-name=\"srpski\" data-text=\"\u0412\u0438\u0442\u0430\u043c\u0438\u043d \u0410 (\u0440\u0435\u0442\u0438\u043d\u0438\u043b \u0430\u0446\u0435\u0442\u0430\u0442) 3000 \u0418\u0423, \u0432\u0438\u0442\u0430\u043c\u0438\u043d \u04143 150 \u0418\u0423, \u0432\u0438\u0442\u0430\u043c\u0438\u043d \u0415 (\u0430\u043b\u043b-\u0440\u0430\u0446-\u0430\u043b\u0444\u0430-\u0442\u043e\u043a\u043e\u0444\u0435\u0440\u0438\u043b \u0430\u0446\u0435\u0442\u0430\u0442) 6 \u043c\u0433, \u0442\u0430\u0443\u0440\u0438\u043d 500 \u043c\u0433.\" data-crosslingual-hint=\"\" data-location=\"2\" data-enable-toggle-playback-speed=\"true\" data-results-count=\"1\" data-result-index=\"1\">\n<div class=\"m0Qfkd\">\n<div class=\"VfPpkd-Bz112c-Jh9lGc\">Proizvo\u0111a\u010d: Monge &amp; C. S.p.a. Via Savigliano, Italy<br \/>\nZemlja porekla: Italija (EU)<\/div>\n<div class=\"VfPpkd-Bz112c-RLmnJb\"><\/div>\n<div id=\"ucc-37\" class=\"EY8ABd-OWXEXe-TAWMXe\" role=\"tooltip\" aria-hidden=\"true\"><\/div>\n<\/div>\n<\/div>\n<div class=\"YJGJsb\">\n<div class=\"VfPpkd-Bz112c-Jh9lGc\"><\/div>\n<div class=\"VfPpkd-Bz112c-RLmnJb\"><\/div>\n<div id=\"ucc-38\" class=\"EY8ABd-OWXEXe-TAWMXe\" role=\"tooltip\" aria-hidden=\"true\"><\/div>\n<div>\n<div data-show-delay-ms=\"250\" data-append-to-body=\"true\" data-propagate-tooltip-mouseover-events=\"true\" data-anchor-corner=\"bottom-left\" data-enable-skip-handler=\"false\" data-popup-corner=\"top-left\">\n<div>\n<div class=\"VfPpkd-Bz112c-Jh9lGc\"><\/div>\n<div class=\"VfPpkd-Bz112c-RLmnJb\"><\/div>\n<\/div>\n<\/div>\n<\/div>\n<div class=\"VfPpkd-Bz112c-Jh9lGc\"><\/div>\n<div class=\"VfPpkd-Bz112c-RLmnJb\"><\/div>\n<div id=\"tt-c165\" class=\"EY8ABd-OWXEXe-TAWMXe\" role=\"tooltip\" aria-hidden=\"true\"><\/div>\n<\/div>\n<\/div>\n<\/div>\n<\/div>\n<\/div>\n<\/div>\n<\/div>\n<\/div>\n<div class=\"kGmWO\"><\/div>\n<div class=\"ccvoYb EjH7wc\">\n<div class=\"AxqVh\">\n<div class=\"OPPzxe\">\n<div class=\"QcsUad BDJ8fb sMVRZe wneUed\">\n<div class=\"usGWQd\">\n<div class=\"KkbLmb\">\n<div class=\"VO9ucd\">\n<div class=\"aJIq1d\" data-language-code=\"sr\" data-language-name=\"srpski\" data-text=\"\u041c\u0435\u0441\u043e \u0438 \u0436\u0438\u0432\u043e\u0442\u0438\u045a\u0441\u043a\u0438 \u0434\u0435\u0440\u0438\u0432\u0430\u0442\u0438 80% (\u0441\u0432\u0435\u0436\u0430 \u045b\u0443\u0440\u0435\u0442\u0438\u043d\u0430 30%), \u043c\u0438\u043d\u0435\u0440\u0430\u043b\u0438.\" data-crosslingual-hint=\"\" data-location=\"2\" data-enable-toggle-playback-speed=\"true\" data-results-count=\"1\" data-result-index=\"1\">\n<div class=\"m0Qfkd\">\n<div class=\"VfPpkd-Bz112c-Jh9lGc\"><\/div>\n<div class=\"VfPpkd-Bz112c-RLmnJb\"><\/div>\n<div id=\"ucc-31\" class=\"EY8ABd-OWXEXe-TAWMXe\" role=\"tooltip\" aria-hidden=\"true\"><\/div>\n<\/div>\n<\/div>\n<div class=\"YJGJsb\">\n<div class=\"VfPpkd-Bz112c-Jh9lGc\"><\/div>\n<div class=\"VfPpkd-Bz112c-RLmnJb\"><\/div>\n<div id=\"ucc-32\" class=\"EY8ABd-OWXEXe-TAWMXe\" role=\"tooltip\" aria-hidden=\"true\"><\/div>\n<div>\n<div data-show-delay-ms=\"250\" data-append-to-body=\"true\" data-propagate-tooltip-mouseover-events=\"true\" data-anchor-corner=\"bottom-left\" data-enable-skip-handler=\"false\" data-popup-corner=\"top-left\">\n<div>\n<div class=\"VfPpkd-Bz112c-Jh9lGc\"><\/div>\n<div class=\"VfPpkd-Bz112c-RLmnJb\"><\/div>\n<\/div>\n<\/div>\n<\/div>\n<div class=\"VfPpkd-Bz112c-Jh9lGc\"><\/div>\n<div class=\"VfPpkd-Bz112c-RLmnJb\"><\/div>\n<div id=\"tt-c140\" class=\"EY8ABd-OWXEXe-TAWMXe\" role=\"tooltip\" aria-hidden=\"true\"><\/div>\n<\/div>\n<\/div>\n<\/div>\n<\/div>\n<\/div>\n<\/div>\n<\/div>\n<\/div>\n<div class=\"kGmWO\"><\/div>\n\n    <div class=\"xs_social_share_widget xs_share_url after_content \t\tmain_content  wslu-style-1 wslu-share-box-shaped wslu-fill-colored wslu-none wslu-share-horizontal wslu-theme-font-no wslu-main_content\">\n\n\t\t\n        <ul>\n\t\t\t        <\/ul>\n    <\/div>","protected":false},"excerpt":{"rendered":"<p>Gemon Chunks Adult Mini je kompletna hrana za odrasle pse malih rasa sa piletinom i pirin\u010dem.<\/p>","protected":false},"featured_media":17839,"comment_status":"open","ping_status":"closed","template":"","meta":{"_acf_changed":false},"pwb-brand":[],"product_cat":[47,48,50],"product_tag":[],"class_list":{"0":"post-17216","1":"product","2":"type-product","3":"status-publish","4":"has-post-thumbnail","6":"product_cat-psi","7":"product_cat-hrana-za-pse","8":"product_cat-vlazna-hrana-za-pse","10":"first","11":"instock","12":"taxable","13":"shipping-taxable","14":"purchasable","15":"product-type-simple"},"acf":[],"brands":[],"_links":{"self":[{"href":"https:\/\/pawz.rs\/en\/wp-json\/wp\/v2\/product\/17216","targetHints":{"allow":["GET"]}}],"collection":[{"href":"https:\/\/pawz.rs\/en\/wp-json\/wp\/v2\/product"}],"about":[{"href":"https:\/\/pawz.rs\/en\/wp-json\/wp\/v2\/types\/product"}],"replies":[{"embeddable":true,"href":"https:\/\/pawz.rs\/en\/wp-json\/wp\/v2\/comments?post=17216"}],"wp:featuredmedia":[{"embeddable":true,"href":"https:\/\/pawz.rs\/en\/wp-json\/wp\/v2\/media\/17839"}],"wp:attachment":[{"href":"https:\/\/pawz.rs\/en\/wp-json\/wp\/v2\/media?parent=17216"}],"wp:term":[{"taxonomy":"pwb-brand","embeddable":true,"href":"https:\/\/pawz.rs\/en\/wp-json\/wp\/v2\/pwb-brand?post=17216"},{"taxonomy":"product_cat","embeddable":true,"href":"https:\/\/pawz.rs\/en\/wp-json\/wp\/v2\/product_cat?post=17216"},{"taxonomy":"product_tag","embeddable":true,"href":"https:\/\/pawz.rs\/en\/wp-json\/wp\/v2\/product_tag?post=17216"}],"curies":[{"name":"wp","href":"https:\/\/api.w.org\/{rel}","templated":true}]}}