{"id":17245,"date":"2023-06-15T10:52:43","date_gmt":"2023-06-15T08:52:43","guid":{"rendered":"https:\/\/pawz.rs\/?post_type=product&#038;p=17245"},"modified":"2025-10-03T10:56:11","modified_gmt":"2025-10-03T08:56:11","slug":"gemon-dog-pate-light-with-tuna-400-g","status":"publish","type":"product","link":"https:\/\/pawz.rs\/en\/gemon-dog-pate-light-with-tuna-400-g\/","title":{"rendered":"Gemon Dog Pate Light With Tuna 400 g"},"content":{"rendered":"<p><strong>Gemon Dog Pate Light With Tuna 400 g<\/strong><\/p>\n<p><strong>Minimalna kupovina 6 komada<\/strong><\/p>\n<p>Gemon Dog Pate Light With Tuna je kompletna hrana za odrasle pse svih veli\u010dina, formulisana da obezbedi sve neophodne hranljive materije za svakodnevnu vitalnost na\u0161ih \u010detvorono\u017enih prijatelja.<\/p>\n<p><strong>Sastav:<\/strong><br \/>\nMeso i \u017eivotinjski derivati 45%, riba i riblji prera\u0111evine 35% (tunjevina 10%), minerali.<\/p>\n<p><strong>Analytical composition:<\/strong><br \/>\nSirovi proteini 6%, sirova vlakna 0,5%, sirove masti 4%, sirovi pepeo 1,5%. Vla\u017enost 79%.<\/p>\n<p><strong>Hemijski sastojci:<\/strong><br \/>\nVitamin A (retinil acetat) 2000 IU, vitamin D3 200 IU, vitamin E (alfa-tokoferil acetat) 6 mg.<\/p>\n<p><strong>Uputstvo za upotrebu:<\/strong><br \/>\nDnevni obrok za odraslog psa srednje veli\u010dine (12 \u2013 30 kg): 700 \u2013 1470 g<br \/>\nMo\u017ee se podeliti u 2 obroka.<\/p>\n<div class=\"ccvoYb EjH7wc\">\n<div class=\"AxqVh\">\n<div class=\"OPPzxe\">\n<div class=\"QcsUad BDJ8fb sMVRZe wneUed\">\n<div class=\"usGWQd\">\n<div class=\"KkbLmb\">\n<div class=\"UdTY9 BwTYAc WdefRb\" aria-hidden=\"true\" data-location=\"2\">\n<div class=\"kO6q6e\">Prilagodite koli\u010dinu prema veli\u010dini, aktivnosti i na\u010dinu \u017eivota \u017eivotinje.<\/div>\n<\/div>\n<div><\/div>\n<div>Kada ovaj proizvod zameni drugu vrstu, preporu\u010dljivo je da ga uvodite postepeno u periodu od najmanje 1 nedelje.<\/div>\n<div><\/div>\n<div>Nakon otvaranja \u010duvati u fri\u017eideru i upotrebiti u roku od 2 dana<\/div>\n<\/div>\n<\/div>\n<\/div>\n<\/div>\n<\/div>\n<\/div>\n<p>Serve food in dry form with available fresh water.<br \/>\nFor your pet&#039;s health, consult a veterinarian regularly.<\/p>\n<div class=\"ccvoYb EjH7wc\">\n<div class=\"AxqVh\">\n<div class=\"OPPzxe\">\n<div class=\"QcsUad BDJ8fb BLojaf sMVRZe wneUed\">\n<div class=\"usGWQd\">\n<div class=\"KkbLmb\">\n<div class=\"VO9ucd\">\n<div class=\"aJIq1d\" data-language-code=\"sr\" data-language-name=\"srpski\" data-text=\"\u0412\u0438\u0442\u0430\u043c\u0438\u043d \u0410 (\u0440\u0435\u0442\u0438\u043d\u0438\u043b \u0430\u0446\u0435\u0442\u0430\u0442) 3000 \u0418\u0423, \u0432\u0438\u0442\u0430\u043c\u0438\u043d \u04143 150 \u0418\u0423, \u0432\u0438\u0442\u0430\u043c\u0438\u043d \u0415 (\u0430\u043b\u043b-\u0440\u0430\u0446-\u0430\u043b\u0444\u0430-\u0442\u043e\u043a\u043e\u0444\u0435\u0440\u0438\u043b \u0430\u0446\u0435\u0442\u0430\u0442) 6 \u043c\u0433, \u0442\u0430\u0443\u0440\u0438\u043d 500 \u043c\u0433.\" data-crosslingual-hint=\"\" data-location=\"2\" data-enable-toggle-playback-speed=\"true\" data-results-count=\"1\" data-result-index=\"1\">\n<div class=\"m0Qfkd\">\n<div class=\"VfPpkd-Bz112c-Jh9lGc\">Proizvo\u0111a\u010d: Monge &amp; C. S.p.a. Via Savigliano, Italy<br \/>\nZemlja porekla: Italija (EU)<\/div>\n<\/div>\n<\/div>\n<\/div>\n<\/div>\n<\/div>\n<\/div>\n<\/div>\n<\/div>\n<\/div>\n\n    <div class=\"xs_social_share_widget xs_share_url after_content \t\tmain_content  wslu-style-1 wslu-share-box-shaped wslu-fill-colored wslu-none wslu-share-horizontal wslu-theme-font-no wslu-main_content\">\n\n\t\t\n        <ul>\n\t\t\t        <\/ul>\n    <\/div>","protected":false},"excerpt":{"rendered":"<p>Gemon Dog Pate Light With Tuna je kompletna hrana za odrasle pse svih veli\u010dina sa tunom<\/p>","protected":false},"featured_media":17832,"comment_status":"open","ping_status":"closed","template":"","meta":{"_acf_changed":false},"pwb-brand":[],"product_cat":[47,48,50],"product_tag":[],"class_list":{"0":"post-17245","1":"product","2":"type-product","3":"status-publish","4":"has-post-thumbnail","6":"product_cat-psi","7":"product_cat-hrana-za-pse","8":"product_cat-vlazna-hrana-za-pse","10":"first","11":"instock","12":"taxable","13":"shipping-taxable","14":"purchasable","15":"product-type-simple"},"acf":[],"brands":[],"_links":{"self":[{"href":"https:\/\/pawz.rs\/en\/wp-json\/wp\/v2\/product\/17245","targetHints":{"allow":["GET"]}}],"collection":[{"href":"https:\/\/pawz.rs\/en\/wp-json\/wp\/v2\/product"}],"about":[{"href":"https:\/\/pawz.rs\/en\/wp-json\/wp\/v2\/types\/product"}],"replies":[{"embeddable":true,"href":"https:\/\/pawz.rs\/en\/wp-json\/wp\/v2\/comments?post=17245"}],"wp:featuredmedia":[{"embeddable":true,"href":"https:\/\/pawz.rs\/en\/wp-json\/wp\/v2\/media\/17832"}],"wp:attachment":[{"href":"https:\/\/pawz.rs\/en\/wp-json\/wp\/v2\/media?parent=17245"}],"wp:term":[{"taxonomy":"pwb-brand","embeddable":true,"href":"https:\/\/pawz.rs\/en\/wp-json\/wp\/v2\/pwb-brand?post=17245"},{"taxonomy":"product_cat","embeddable":true,"href":"https:\/\/pawz.rs\/en\/wp-json\/wp\/v2\/product_cat?post=17245"},{"taxonomy":"product_tag","embeddable":true,"href":"https:\/\/pawz.rs\/en\/wp-json\/wp\/v2\/product_tag?post=17245"}],"curies":[{"name":"wp","href":"https:\/\/api.w.org\/{rel}","templated":true}]}}