{"id":17258,"date":"2023-06-15T12:33:12","date_gmt":"2023-06-15T10:33:12","guid":{"rendered":"https:\/\/pawz.rs\/?post_type=product&#038;p=17258"},"modified":"2025-10-02T23:08:48","modified_gmt":"2025-10-02T21:08:48","slug":"bwild-grain-free-dog-chunks-irregular-cut-in-gravy-puppy-junior-with-pumpkin-and-zucchini-400-g","status":"publish","type":"product","link":"https:\/\/pawz.rs\/en\/bwild-grain-free-dog-chunks-irregular-cut-in-gravy-puppy-junior-with-pumpkin-and-zucchini-400-g\/","title":{"rendered":"BWild Grain Free Dog Chunks Irregular Cut In Gravy Puppy &amp; Junior With Pumpkin And Zucchini 400 g"},"content":{"rendered":"<p><strong>BWild Grain Free Dog Chunks Irregular Cut In Gravy Puppy &amp; Junior With Pumpkin And Zucchini 400 g<\/strong><\/p>\n<p><strong>Minimalna kupovina 6 komada<\/strong><\/p>\n<p>Monge BWild Grain Free Puppy &amp; Junior pa\u010detina sa bundevom i tikvicama je potpuna i izbalansirana hrana za \u0161tenad od navr\u0161enih mesec dana do faze odraslog psa.<\/p>\n<ul>\n<li>Specijalno razvijen za zdravlje \u0161tenaca svih veli\u010dina, kroz izbor alternativnih izvora ugljenih hidrata koji nisu derivati \u017eitarica kao \u0161to su tikvice i bundeva.<\/li>\n<li>Recept je pobolj\u0161an ksilo-oligosaharidima (KSOS), prebioticima sledec\u0301e generacije koji podr\u017eavaju zdravlje creva.<\/li>\n<li>Formulacija podr\u017eava pravilan rast, zahvaljujuc\u0301i uklju\u010divanju glukozamina i hondroitin sulfata i uravnote\u017eenog odnosa kalcijum\/fosfor.<\/li>\n<li>Preporu\u010duje se za \u0161tenad svih veli\u010dina.<\/li>\n<\/ul>\n<p><strong>Sastav:<\/strong><br \/>\nPa\u010dje meso (26%), svinjska d\u017eigerica, pilec\u0301e meso, lososovo ulje, proizvodi od kvasca, su\u0161ena bundeva 2% (jednako 8,6% sve\u017ee bundeve), su\u0161ene tikvice 2% (jednako 8,6% sve\u017ee tikvice), minerali, krompir, sve\u017ee borovnice, sve\u017ee brusnice, sve\u017ee maline, ksilooligosaharid (KSOS 0,1%), iucca schidigera, spirulina (0,1%), glukozamin (0,019%), hondroitin sulfat (0,01%).<\/p>\n<p><strong>Analytical composition:<\/strong><br \/>\nSirovi proteini: 8,3%, Sirova vlakna: 0,8%, Sirova mast: 6,5%, Sirovi pepeo: 2,5%, Vlaga: 79%, Odnos kalcijuma\/fosfora: 1<\/p>\n<p><strong>Energija koja se metabolizira (izra\u010dunavanje vode):<\/strong> 1033 kcal\/kg.<\/p>\n<p><strong>Hranljivi sastojci:<\/strong><br \/>\nVitamin D3 434 IU\/kg, vitamin E (alfa-tokoferil-acetat) 15,5 mg\/kg, selen (natrijum selenit 0,05 mg\/kg) 0,02 mg\/kg, mangan (mangan sulfat monohidrat 11 mg\/kg) 3,5 mg\/kg, cink (cinkov oksid 20 mg\/kg): 16 mg\/kg, bakar (bakar (II) sulfat pentahidrat 5,5 mg\/kg) 1,4 mg\/kg, gvo\u017e\u0111e (gvo\u017e\u0111e (II) sulfat monohidrat 35 mg\/kg) 11,5 mg\/kg, jod (kalcijum jodat bezvodni 0,3 mg\/kg) 0,19 mg\/kg.<\/p>\n<p><strong>Uputstvo za upotrebu:<\/strong><br \/>\nDnevni obrok se mo\u017ee prilagoditi veli\u010dini, aktivnosti i na\u010dinu \u017eivota \u017eivotinje.<\/p>\n<p>Preporu\u010deni dnevni obrok naveden u tabeli mo\u017ee se podeliti izme\u0111u dva obroka.<\/p>\n<p>Kada ovaj proizvod zameni drugu vrstu, preporu\u010dljivo je da ga uvodite postepeno u periodu od najmanje 1 nedelje.<\/p>\n<p>Nakon otvaranja \u010duvati u fri\u017eideru i upotrebiti u roku od 3 dana.<\/p>\n<p>Serve food in dry form with available fresh water.<br \/>\nFor your pet&#039;s health, consult a veterinarian regularly.<\/p>\n<div class=\"ccvoYb EjH7wc\">\n<div class=\"AxqVh\">\n<div class=\"OPPzxe\">\n<div class=\"QcsUad BDJ8fb BLojaf sMVRZe wneUed\">\n<div class=\"usGWQd\">\n<div class=\"KkbLmb\">\n<div class=\"VO9ucd\">\n<div class=\"aJIq1d\" data-language-code=\"sr\" data-language-name=\"srpski\" data-text=\"\u0412\u0438\u0442\u0430\u043c\u0438\u043d \u0410 (\u0440\u0435\u0442\u0438\u043d\u0438\u043b \u0430\u0446\u0435\u0442\u0430\u0442) 3000 \u0418\u0423, \u0432\u0438\u0442\u0430\u043c\u0438\u043d \u04143 150 \u0418\u0423, \u0432\u0438\u0442\u0430\u043c\u0438\u043d \u0415 (\u0430\u043b\u043b-\u0440\u0430\u0446-\u0430\u043b\u0444\u0430-\u0442\u043e\u043a\u043e\u0444\u0435\u0440\u0438\u043b \u0430\u0446\u0435\u0442\u0430\u0442) 6 \u043c\u0433, \u0442\u0430\u0443\u0440\u0438\u043d 500 \u043c\u0433.\" data-crosslingual-hint=\"\" data-location=\"2\" data-enable-toggle-playback-speed=\"true\" data-results-count=\"1\" data-result-index=\"1\">\n<div class=\"m0Qfkd\">\n<div class=\"VfPpkd-Bz112c-Jh9lGc\">Proizvo\u0111a\u010d: Monge &amp; C. S.p.a. Via Savigliano, Italy<br \/>\nZemlja porekla: Italija (EU)<\/div>\n<\/div>\n<\/div>\n<\/div>\n<\/div>\n<\/div>\n<\/div>\n<\/div>\n<\/div>\n<\/div>\n\n    <div class=\"xs_social_share_widget xs_share_url after_content \t\tmain_content  wslu-style-1 wslu-share-box-shaped wslu-fill-colored wslu-none wslu-share-horizontal wslu-theme-font-no wslu-main_content\">\n\n\t\t\n        <ul>\n\t\t\t        <\/ul>\n    <\/div>","protected":false},"excerpt":{"rendered":"<p>Monge BWild Grain Free Puppy &amp; Junior pa\u010detina sa bundevom i tikvicama je potpuna i izbalansirana hrana za \u0161tenad od navr\u0161enih mesec dana do faze odraslog psa.<\/p>","protected":false},"featured_media":17960,"comment_status":"open","ping_status":"closed","template":"","meta":{"_acf_changed":false},"pwb-brand":[],"product_cat":[47,48,50],"product_tag":[208],"class_list":{"0":"post-17258","1":"product","2":"type-product","3":"status-publish","4":"has-post-thumbnail","6":"product_cat-psi","7":"product_cat-hrana-za-pse","8":"product_cat-vlazna-hrana-za-pse","9":"product_tag-bez-zitarica","11":"first","12":"instock","13":"taxable","14":"shipping-taxable","15":"purchasable","16":"product-type-simple"},"acf":[],"brands":[],"_links":{"self":[{"href":"https:\/\/pawz.rs\/en\/wp-json\/wp\/v2\/product\/17258","targetHints":{"allow":["GET"]}}],"collection":[{"href":"https:\/\/pawz.rs\/en\/wp-json\/wp\/v2\/product"}],"about":[{"href":"https:\/\/pawz.rs\/en\/wp-json\/wp\/v2\/types\/product"}],"replies":[{"embeddable":true,"href":"https:\/\/pawz.rs\/en\/wp-json\/wp\/v2\/comments?post=17258"}],"wp:featuredmedia":[{"embeddable":true,"href":"https:\/\/pawz.rs\/en\/wp-json\/wp\/v2\/media\/17960"}],"wp:attachment":[{"href":"https:\/\/pawz.rs\/en\/wp-json\/wp\/v2\/media?parent=17258"}],"wp:term":[{"taxonomy":"pwb-brand","embeddable":true,"href":"https:\/\/pawz.rs\/en\/wp-json\/wp\/v2\/pwb-brand?post=17258"},{"taxonomy":"product_cat","embeddable":true,"href":"https:\/\/pawz.rs\/en\/wp-json\/wp\/v2\/product_cat?post=17258"},{"taxonomy":"product_tag","embeddable":true,"href":"https:\/\/pawz.rs\/en\/wp-json\/wp\/v2\/product_tag?post=17258"}],"curies":[{"name":"wp","href":"https:\/\/api.w.org\/{rel}","templated":true}]}}