{"id":17342,"date":"2023-06-28T09:04:55","date_gmt":"2023-06-28T07:04:55","guid":{"rendered":"https:\/\/pawz.rs\/?post_type=product&#038;p=17342"},"modified":"2026-02-12T20:41:27","modified_gmt":"2026-02-12T19:41:27","slug":"monge-bwild-grain-free-dog-all-breeds-adult-anchovies-with-potatoes-and-peas","status":"publish","type":"product","link":"https:\/\/pawz.rs\/en\/monge-bwild-grain-free-dog-all-breeds-adult-anchovies-with-potatoes-and-peas\/","title":{"rendered":"Monge BWild Grain Free Dog All Breeds Adult Anchovies With Potatoes And Peas"},"content":{"rendered":"<p><strong>Monge BWild Grain Free Dog All Breeds Adult Anchovies With Potatoes And Peas<\/strong><\/p>\n<p>Monge BWild Grain Free Dog All Breeds Adult Anchovies With Potatoes And Peas je potpuna i uravnote\u017eena hrana za odrasle pse sa in\u0107unima, krompirom i gra\u0161kom.<\/p>\n<p>Formulisan za dobrobit pasa svih rasa zahvaljujuc\u0301i izboru alternativnih izvora ugljenih hidrata koji ne poti\u010du iz \u017eitarica, poput krompira i gra\u0161ka.<\/p>\n<p>Recept je obogac\u0301en MOS (manan-oligosaharidom) i KSOS (ksilo-oligosaharidom), kompleksom prebiotika, koji odr\u017eavaju dobro stanje creva.<\/p>\n<p>Formulacija podr\u017eava zglobove kroz uklju\u010divanje glukozamina i hondroitin sulfata.<\/p>\n<p>Omega-3 masne kiseline podr\u017eavaju ko\u017eu i dlaku i daju sjaj kosi.<\/p>\n<p>Sadr\u017ei spirulinu i juku \u0161idigeru, za kontrolu crevne arome.<\/p>\n<p>Pogodno za pse svih rasa.<\/p>\n<p><strong>Sastav:<\/strong><br \/>\nSuvi inc\u0301uni (38%), krompir (16%), \u017eivotinjska mast (16%) (pa\u010dje ulje pre\u010di\u0161c\u0301eno na 99,5%), pilec\u0301e sve\u017ee meso (12%), pivski kvasac, su\u0161ena repa, gra\u0161ak (4%), riblje ulje (lososovo ulje pre\u010di\u0161c\u0301eno na 99,5%), hidrolizovani \u017eivotinjski proteini, minerali, manan-oligo-saharid (MOS 1%), ksilo-oligosaharid (KSOS 0,3%), iucca schidigera (0,3%), spirulin (0,3%), glukozamin (0,057%), hondroitin sulfat (0,04%), mle\u010dni proteini u prahu.<\/p>\n<p><strong>Analytical composition:<\/strong><br \/>\nSirovi proteini 31%, sirova vlakna 2%, sirove masti 20%, sirovi pepeo 7%, omega 3 masne kiseline: 0,9%, omega 6 masne kiseline: 3,5%.<\/p>\n<p><strong>Hranljivi sastojci:<\/strong><br \/>\nVitamin A (retinil acetat): 23.000 IU\/kg, Vitamin D3: 1.600 IU\/kg, Vitamin E (all-rac-alfa-tokoferil acetat): 70 mg\/kg, selen (natrijum selenit 0.17 mg\/kg): 0.07 mg \/kg, mangan (mangan sulfat monohidrat 25,5 mg\/kg): 8,3 mg\/kg, cink (cink oksid 120 mg\/kg): 96 mg\/kg, bakar (Bakar(II) sulfat pentahidrat 10,2 mg\/kg): 2,6 mg \/kg, gvo\u017e\u0111e (gvo\u017e\u0111e (II) sulfat monohidrat 85 mg\/kg): 28 mg\/kg, jod (kalcijum jodat bezvodni 1,4 mg\/kg): 0,9 mg\/kg, L-karnitin: 100 mg\/kg.<\/p>\n<p><strong>Tehnolo\u0161ki aditivi:<\/strong><br \/>\nEkstrakti tokoferola iz biljnih ulja.<\/p>\n<p><strong>Uputstvo za upotrebu:<\/strong><br \/>\nPreporu\u010deni dnevni obrok, mo\u017ee se podeliti na 2 obroka (vidi tabelu).<\/p>\n<p>Pojedina\u010dne potrebe za ishranom mogu varirati u zavisnosti od veli\u010dine, starosti i nivoa aktivnosti \u017eivotinje.<br \/>\nOvo je samo smernica i mo\u017eda c\u0301e biti potrebno da se prilagodi kako bi se odr\u017ealo optimalno stanje tela.<br \/>\nPre\u0111ite na novu hranu za kuc\u0301ne ljubimce u periodu od 1 nedelje.<\/p>\n<p>Serve food in dry form with available fresh water.<br \/>\nFor your pet&#039;s health, consult a veterinarian regularly.<\/p>\n<div class=\"ccvoYb EjH7wc\">\n<div class=\"AxqVh\">\n<div class=\"OPPzxe\">\n<div class=\"QcsUad BDJ8fb BLojaf sMVRZe wneUed\">\n<div class=\"usGWQd\">\n<div class=\"KkbLmb\">\n<div class=\"VO9ucd\">\n<div class=\"aJIq1d\" data-language-code=\"sr\" data-language-name=\"srpski\" data-text=\"\u0412\u0438\u0442\u0430\u043c\u0438\u043d \u0410 (\u0440\u0435\u0442\u0438\u043d\u0438\u043b \u0430\u0446\u0435\u0442\u0430\u0442) 3000 \u0418\u0423, \u0432\u0438\u0442\u0430\u043c\u0438\u043d \u04143 150 \u0418\u0423, \u0432\u0438\u0442\u0430\u043c\u0438\u043d \u0415 (\u0430\u043b\u043b-\u0440\u0430\u0446-\u0430\u043b\u0444\u0430-\u0442\u043e\u043a\u043e\u0444\u0435\u0440\u0438\u043b \u0430\u0446\u0435\u0442\u0430\u0442) 6 \u043c\u0433, \u0442\u0430\u0443\u0440\u0438\u043d 500 \u043c\u0433.\" data-crosslingual-hint=\"\" data-location=\"2\" data-enable-toggle-playback-speed=\"true\" data-results-count=\"1\" data-result-index=\"1\">\n<div class=\"m0Qfkd\">\n<div class=\"VfPpkd-Bz112c-Jh9lGc\">Proizvo\u0111a\u010d: Monge &amp; C. S.p.a. Via Savigliano, Italy<br \/>\nZemlja porekla: Italija (EU)<\/div>\n<\/div>\n<\/div>\n<\/div>\n<\/div>\n<\/div>\n<\/div>\n<\/div>\n<\/div>\n<\/div>\n\n    <div class=\"xs_social_share_widget xs_share_url after_content \t\tmain_content  wslu-style-1 wslu-share-box-shaped wslu-fill-colored wslu-none wslu-share-horizontal wslu-theme-font-no wslu-main_content\">\n\n\t\t\n        <ul>\n\t\t\t        <\/ul>\n    <\/div>","protected":false},"excerpt":{"rendered":"<p>Monge BWild Grain Free Dog All Breeds Adult Anchovies With Potatoes And Peas je potpuna i uravnote\u017eena hrana za odrasle pse sa in\u0107unima, krompirom i gra\u0161kom.<\/p>","protected":false},"featured_media":17946,"comment_status":"open","ping_status":"closed","template":"","meta":{"_acf_changed":false},"pwb-brand":[672,688],"product_cat":[49,48,47],"product_tag":[208],"class_list":{"0":"post-17342","1":"product","2":"type-product","3":"status-publish","4":"has-post-thumbnail","6":"pwb-brand-monge","7":"pwb-brand-monge-hrana-za-pse","8":"product_cat-granule-za-pse","9":"product_cat-hrana-za-pse","10":"product_cat-psi","11":"product_tag-bez-zitarica","13":"first","14":"instock","15":"taxable","16":"shipping-taxable","17":"purchasable","18":"product-type-variable","19":"has-default-attributes"},"acf":[],"brands":[{"id":672,"name":"Monge","slug":"monge"},{"id":688,"name":"Monge Dog Food","slug":"monge-hrana-za-pse"}],"_links":{"self":[{"href":"https:\/\/pawz.rs\/en\/wp-json\/wp\/v2\/product\/17342","targetHints":{"allow":["GET"]}}],"collection":[{"href":"https:\/\/pawz.rs\/en\/wp-json\/wp\/v2\/product"}],"about":[{"href":"https:\/\/pawz.rs\/en\/wp-json\/wp\/v2\/types\/product"}],"replies":[{"embeddable":true,"href":"https:\/\/pawz.rs\/en\/wp-json\/wp\/v2\/comments?post=17342"}],"wp:featuredmedia":[{"embeddable":true,"href":"https:\/\/pawz.rs\/en\/wp-json\/wp\/v2\/media\/17946"}],"wp:attachment":[{"href":"https:\/\/pawz.rs\/en\/wp-json\/wp\/v2\/media?parent=17342"}],"wp:term":[{"taxonomy":"pwb-brand","embeddable":true,"href":"https:\/\/pawz.rs\/en\/wp-json\/wp\/v2\/pwb-brand?post=17342"},{"taxonomy":"product_cat","embeddable":true,"href":"https:\/\/pawz.rs\/en\/wp-json\/wp\/v2\/product_cat?post=17342"},{"taxonomy":"product_tag","embeddable":true,"href":"https:\/\/pawz.rs\/en\/wp-json\/wp\/v2\/product_tag?post=17342"}],"curies":[{"name":"wp","href":"https:\/\/api.w.org\/{rel}","templated":true}]}}