{"id":17352,"date":"2023-06-28T09:31:52","date_gmt":"2023-06-28T07:31:52","guid":{"rendered":"https:\/\/pawz.rs\/?post_type=product&#038;p=17352"},"modified":"2026-02-12T20:41:36","modified_gmt":"2026-02-12T19:41:36","slug":"monge-bwild-grain-free-dog-all-breeds-adult-salmon-with-peas","status":"publish","type":"product","link":"https:\/\/pawz.rs\/en\/monge-bwild-grain-free-dog-all-breeds-adult-salmon-with-peas\/","title":{"rendered":"Monge BWild Grain Free Dog All Breeds Adult Salmon With Peas"},"content":{"rendered":"<p><strong>Monge BWild Grain Free Dog All Breeds Adult Salmon With Peas<\/strong><\/p>\n<p>Monge BWild Grain Free Dog All Breeds Adult Salmon With Peas je potpuna i uravnote\u017eena hrana za odrasle pse sa lososom i gra\u0161kom.<\/p>\n<p>Formulisana je za dobrobit pasa svih rasa zahvaljujuc\u0301i izboru alternativnih izvora ugljenih hidrata koji ne poti\u010du iz \u017eitarica, kao \u0161to je gra\u0161ak.<\/p>\n<p>Recept je obogac\u0301en kompleksom prebiotika u manan-oligo-saharidu (MOS) i ksilo-oligosaharidu (KSOS), koji odr\u017eavaju dobro stanje creva.<\/p>\n<p>Formulacija podr\u017eava zglobove kroz uklju\u010divanje glukozamina i hondroitin sulfata.<\/p>\n<p>Omega-3 masne kiseline podr\u017eavaju ko\u017eu i dlaku i daju sjaj kosi.<\/p>\n<p>Sadr\u017ei spirulinu i juku \u0161idigeru, za kontrolu crevne arome.<\/p>\n<p>Pogodno za pse svih rasa.<\/p>\n<p><strong>Sastav:<\/strong><br \/>\nSuvi losos (38%), krompir (16%), \u017eivotinjska mast (15%) (pilec\u0301e ulje pre\u010di\u0161c\u0301eno 99,5%), pilec\u0301e sve\u017ee meso (12%), proteini krompira, pivski kvasac, gra\u0161ak (4%), su\u0161ena cvekla pulpa, hidrolizovani \u017eivotinjski proteini, minerali, manan-oligo-saharidi (MOS 1%), ksilo-oligo-saharid (KSOS 0,3%), juka schidigera (0,3%), spirulin (0,3%), glukozamin (0,057%), hondroitin sulfat (0,04%), mle\u010dni proteini u prahu.<\/p>\n<p><strong>Analytical composition:<\/strong><br \/>\nSirovi proteini 32%, sirova vlakna 2,2%, sirove masti 16%, sirovi pepeo 6%, omega 3 masne kiseline: 0,5%, omega 6 masne kiseline: 4,2%.<\/p>\n<p><strong>Hranljivi sastojci:<\/strong><br \/>\nVitamin A (retinil acetat): 22.700 IU\/kg, Vitamin D3: 1.600 IU\/kg, Vitamin E (all-rac-alfa-tokoferil acetat): 500 mg\/kg, selen (natrijum selenit 0.44 mg\/kg): 0.2 mg \/kg, mangan (mangan sulfat monohidrat 93,7 mg\/kg): 31 mg\/kg, cink (cink oksid 196 mg\/kg): 150 mg\/kg, bakar (Bakar(II) sulfat pentahidrat 48 mg\/kg): 12 mg \/kg, gvo\u017e\u0111e (gvo\u017e\u0111e (II) sulfat monohidrat 333 mg\/kg): 106 mg\/kg, jod (bezvodni kalcijum jodat 2,6 mg\/kg): 1,7 mg\/kg, L-karnitin 100 mg\/kg.<\/p>\n<p><strong>Tehnolo\u0161ki aditivi:<\/strong><br \/>\nEkstrakti tokoferola iz biljnih ulja.<\/p>\n<p><strong>Uputstvo za upotrebu:<\/strong><br \/>\nPreporu\u010deni dnevni obrok, mo\u017ee se podeliti na 2 obroka (vidi tabelu).<\/p>\n<p>Pojedina\u010dne potrebe za ishranom mogu varirati u zavisnosti od veli\u010dine, starosti i nivoa aktivnosti \u017eivotinje.<br \/>\nOvo je samo smernica i mo\u017eda c\u0301e biti potrebno da se prilagodi kako bi se odr\u017ealo optimalno stanje tela.<br \/>\nPre\u0111ite na novu hranu za kuc\u0301ne ljubimce u periodu od 1 nedelje.<\/p>\n<p>Serve food in dry form with available fresh water.<br \/>\nFor your pet&#039;s health, consult a veterinarian regularly.<\/p>\n<div class=\"ccvoYb EjH7wc\">\n<div class=\"AxqVh\">\n<div class=\"OPPzxe\">\n<div class=\"QcsUad BDJ8fb BLojaf sMVRZe wneUed\">\n<div class=\"usGWQd\">\n<div class=\"KkbLmb\">\n<div class=\"VO9ucd\">\n<div class=\"aJIq1d\" data-language-code=\"sr\" data-language-name=\"srpski\" data-text=\"\u0412\u0438\u0442\u0430\u043c\u0438\u043d \u0410 (\u0440\u0435\u0442\u0438\u043d\u0438\u043b \u0430\u0446\u0435\u0442\u0430\u0442) 3000 \u0418\u0423, \u0432\u0438\u0442\u0430\u043c\u0438\u043d \u04143 150 \u0418\u0423, \u0432\u0438\u0442\u0430\u043c\u0438\u043d \u0415 (\u0430\u043b\u043b-\u0440\u0430\u0446-\u0430\u043b\u0444\u0430-\u0442\u043e\u043a\u043e\u0444\u0435\u0440\u0438\u043b \u0430\u0446\u0435\u0442\u0430\u0442) 6 \u043c\u0433, \u0442\u0430\u0443\u0440\u0438\u043d 500 \u043c\u0433.\" data-crosslingual-hint=\"\" data-location=\"2\" data-enable-toggle-playback-speed=\"true\" data-results-count=\"1\" data-result-index=\"1\">\n<div class=\"m0Qfkd\">\n<div class=\"VfPpkd-Bz112c-Jh9lGc\">Proizvo\u0111a\u010d: Monge &amp; C. S.p.a. Via Savigliano, Italy<br \/>\nZemlja porekla: Italija (EU)<\/div>\n<\/div>\n<\/div>\n<\/div>\n<\/div>\n<\/div>\n<\/div>\n<\/div>\n<\/div>\n<\/div>\n\n    <div class=\"xs_social_share_widget xs_share_url after_content \t\tmain_content  wslu-style-1 wslu-share-box-shaped wslu-fill-colored wslu-none wslu-share-horizontal wslu-theme-font-no wslu-main_content\">\n\n\t\t\n        <ul>\n\t\t\t        <\/ul>\n    <\/div>","protected":false},"excerpt":{"rendered":"<p>Monge BWild Grain Free Dog All Breeds Adult Salmon With Peas je potpuna i uravnote\u017eena hrana za odrasle pse sa lososom i gra\u0161kom.<\/p>","protected":false},"featured_media":17942,"comment_status":"open","ping_status":"closed","template":"","meta":{"_acf_changed":false},"pwb-brand":[672,688],"product_cat":[49,48,47],"product_tag":[208],"class_list":{"0":"post-17352","1":"product","2":"type-product","3":"status-publish","4":"has-post-thumbnail","6":"pwb-brand-monge","7":"pwb-brand-monge-hrana-za-pse","8":"product_cat-granule-za-pse","9":"product_cat-hrana-za-pse","10":"product_cat-psi","11":"product_tag-bez-zitarica","13":"first","14":"instock","15":"taxable","16":"shipping-taxable","17":"purchasable","18":"product-type-variable","19":"has-default-attributes"},"acf":[],"brands":[{"id":672,"name":"Monge","slug":"monge"},{"id":688,"name":"Monge Dog Food","slug":"monge-hrana-za-pse"}],"_links":{"self":[{"href":"https:\/\/pawz.rs\/en\/wp-json\/wp\/v2\/product\/17352","targetHints":{"allow":["GET"]}}],"collection":[{"href":"https:\/\/pawz.rs\/en\/wp-json\/wp\/v2\/product"}],"about":[{"href":"https:\/\/pawz.rs\/en\/wp-json\/wp\/v2\/types\/product"}],"replies":[{"embeddable":true,"href":"https:\/\/pawz.rs\/en\/wp-json\/wp\/v2\/comments?post=17352"}],"wp:featuredmedia":[{"embeddable":true,"href":"https:\/\/pawz.rs\/en\/wp-json\/wp\/v2\/media\/17942"}],"wp:attachment":[{"href":"https:\/\/pawz.rs\/en\/wp-json\/wp\/v2\/media?parent=17352"}],"wp:term":[{"taxonomy":"pwb-brand","embeddable":true,"href":"https:\/\/pawz.rs\/en\/wp-json\/wp\/v2\/pwb-brand?post=17352"},{"taxonomy":"product_cat","embeddable":true,"href":"https:\/\/pawz.rs\/en\/wp-json\/wp\/v2\/product_cat?post=17352"},{"taxonomy":"product_tag","embeddable":true,"href":"https:\/\/pawz.rs\/en\/wp-json\/wp\/v2\/product_tag?post=17352"}],"curies":[{"name":"wp","href":"https:\/\/api.w.org\/{rel}","templated":true}]}}