{"id":17369,"date":"2023-06-28T13:48:09","date_gmt":"2023-06-28T11:48:09","guid":{"rendered":"https:\/\/pawz.rs\/?post_type=product&#038;p=17369"},"modified":"2026-02-12T20:41:35","modified_gmt":"2026-02-12T19:41:35","slug":"monge-bwild-grain-free-cat-adult-salmon-with-peas-1-5-kg","status":"publish","type":"product","link":"https:\/\/pawz.rs\/en\/monge-bwild-grain-free-cat-adult-salmon-with-peas-1-5-kg\/","title":{"rendered":"Monge BWild Grain Free Cat Adult Salmon With Peas 1.5 kg"},"content":{"rendered":"<p><strong>Monge BWild Grain Free Cat Adult Salmon With Peas 1.5 kg<\/strong><\/p>\n<p>Monge BWild Grain Free Cat Adult Salmon With Peas je potpuna i uravnote\u017eena hrana za odrasle ma\u010dke sa lososom i gra\u0161kom.<\/p>\n<p>Formulisana za dobrobit va\u0161e odrasle ma\u010dke zahvaljujuc\u0301i izboru alternativnih izvora ugljenih hidrata koji ne poti\u010du od \u017eitarica (gra\u0161ak) i visokokvalitetnih sastojaka kao \u0161to je losos.<\/p>\n<p>Recept je obogac\u0301en sinergijskim kompleksom prebiotika u manan-oligosaharidu (MOS) i ksilo-oligosaharidu (KSOS), koji odr\u017eavaju dobro stanje creva.<\/p>\n<p>Formulacija poma\u017ee u odr\u017eavanju sjajne dlake kroz uklju\u010divanje omega-3 masnih kiselina.<\/p>\n<p>Sadr\u017ei taurin koji podr\u017eava rad srca.<\/p>\n<p>Formulisan je sa uklju\u010divanjem spirulina i juke \u0161idigere, za kontrolu crevne arome.<\/p>\n<p><strong>Sastav:<\/strong><br \/>\nSu\u0161eni riblji losos (38%), pilec\u0301e sve\u017ee meso (15%), \u017eivotinjska mast (13%) (pilec\u0301e ulje pre\u010di\u0161c\u0301eno 99,5%), krompir (11%), gra\u0161ak (8%), proteini krompira, hidrolizovani \u017eivotinjski proteini, su\u0161eni pulpa cvekle, riblje ulje (pre\u010di\u0161c\u0301eno lososovo ulje 99,5%), pivski kvasac, vlakna gra\u0161ka, minerali, manan-oligo-saharidi (MOS 1%), spirulin (0,6%), ksilo-oligo-saharid (KSOS 0,3%), juka \u0161idigera (0,1%), mle\u010dni proteini u prahu.<\/p>\n<p><strong>Analytical composition:<\/strong><br \/>\nSirovi proteini 34%, sirova vlakna 2,3%, sirova mast 14%, sirovi pepeo 7%, kalcijum 1,50%, fosfor 1,0%, omega 3 masne kiseline: 0,7%, omega 6 masne kiseline: 3,5%.<\/p>\n<p><strong>Hemijski sastojci:<\/strong><br \/>\nVitamin A (retinil acetat): 20.100 IU\/kg, Vitamin D3: 1.400 IU\/kg, Vitamin E (all-rac-alfa-tokoferil acetat): 130 mg\/kg, selen (natrijum selenit 0.44 mg\/kg): 0.2 mg \/kg, mangan (mangan sulfat monohidrat 95 mg\/kg): 32 mg\/kg, cink (cink oksid 196 mg\/kg): 150 mg\/kg, bakar (Bakar(II) sulfat pentahidrat 48 mg\/kg): 12 mg \/kg, gvo\u017e\u0111e (gvo\u017e\u0111e (II) sulfat monohidrat 340 mg\/kg): 108 mg\/kg, jod (bezvodni kalcijum jodat 1,4 mg\/kg): 0,9 mg\/kg, DL-metionin tehni\u010dki \u010dist 1.000 mg\/kg, L- Karnitin 1.000 mg\/kg, taurin 2.000 mg\/kg.<\/p>\n<p><strong>Tehnolo\u0161ki aditivi:<\/strong><br \/>\nEkstrakti tokoferola iz biljnih ulja.<\/p>\n<p><strong>Uputstvo za upotrebu:<\/strong><br \/>\nPreporu\u010deni dnevni obrok, mo\u017ee se podeliti na 2 obroka (vidi tabelu).<\/p>\n<p>Pojedina\u010dne potrebe za ishranom mogu varirati u zavisnosti od veli\u010dine, starosti i nivoa aktivnosti \u017eivotinje.<br \/>\nOvo je samo smernica i mo\u017eda c\u0301e biti potrebno da se prilagodi kako bi se odr\u017ealo optimalno stanje tela.<br \/>\nPre\u0111ite na novu hranu za kuc\u0301ne ljubimce u periodu od 1 nedelje.<\/p>\n<p>Serve food in dry form with available fresh water.<br \/>\nFor your pet&#039;s health, consult a veterinarian regularly.<\/p>\n<div class=\"ccvoYb EjH7wc\">\n<div class=\"AxqVh\">\n<div class=\"OPPzxe\">\n<div class=\"QcsUad BDJ8fb BLojaf sMVRZe wneUed\">\n<div class=\"usGWQd\">\n<div class=\"KkbLmb\">\n<div class=\"VO9ucd\">\n<div class=\"aJIq1d\" data-language-code=\"sr\" data-language-name=\"srpski\" data-text=\"\u0412\u0438\u0442\u0430\u043c\u0438\u043d \u0410 (\u0440\u0435\u0442\u0438\u043d\u0438\u043b \u0430\u0446\u0435\u0442\u0430\u0442) 3000 \u0418\u0423, \u0432\u0438\u0442\u0430\u043c\u0438\u043d \u04143 150 \u0418\u0423, \u0432\u0438\u0442\u0430\u043c\u0438\u043d \u0415 (\u0430\u043b\u043b-\u0440\u0430\u0446-\u0430\u043b\u0444\u0430-\u0442\u043e\u043a\u043e\u0444\u0435\u0440\u0438\u043b \u0430\u0446\u0435\u0442\u0430\u0442) 6 \u043c\u0433, \u0442\u0430\u0443\u0440\u0438\u043d 500 \u043c\u0433.\" data-crosslingual-hint=\"\" data-location=\"2\" data-enable-toggle-playback-speed=\"true\" data-results-count=\"1\" data-result-index=\"1\">\n<div class=\"m0Qfkd\">\n<div class=\"VfPpkd-Bz112c-Jh9lGc\">Proizvo\u0111a\u010d: Monge &amp; C. S.p.a. Via Savigliano, Italy<br \/>\nZemlja porekla: Italija (EU)<\/div>\n<\/div>\n<\/div>\n<\/div>\n<\/div>\n<\/div>\n<\/div>\n<\/div>\n<\/div>\n<\/div>\n\n    <div class=\"xs_social_share_widget xs_share_url after_content \t\tmain_content  wslu-style-1 wslu-share-box-shaped wslu-fill-colored wslu-none wslu-share-horizontal wslu-theme-font-no wslu-main_content\">\n\n\t\t\n        <ul>\n\t\t\t        <\/ul>\n    <\/div>","protected":false},"excerpt":{"rendered":"<p>Monge BWild Grain Free Cat Adult Salmon With Peas je potpuna i uravnote\u017eena hrana za odrasle ma\u010dke sa lososom i gra\u0161kom.<\/p>","protected":false},"featured_media":17944,"comment_status":"open","ping_status":"closed","template":"","meta":{"_acf_changed":false},"pwb-brand":[672,689],"product_cat":[23,21,149],"product_tag":[208],"class_list":{"0":"post-17369","1":"product","2":"type-product","3":"status-publish","4":"has-post-thumbnail","6":"pwb-brand-monge","7":"pwb-brand-monge-hrana-za-macke","8":"product_cat-macke","9":"product_cat-hrana-za-macke","10":"product_cat-granule-za-macke","11":"product_tag-bez-zitarica","13":"first","14":"instock","15":"taxable","16":"shipping-taxable","17":"purchasable","18":"product-type-simple"},"acf":[],"brands":[{"id":672,"name":"Monge","slug":"monge"},{"id":689,"name":"Monge Cat Food","slug":"monge-hrana-za-macke"}],"_links":{"self":[{"href":"https:\/\/pawz.rs\/en\/wp-json\/wp\/v2\/product\/17369","targetHints":{"allow":["GET"]}}],"collection":[{"href":"https:\/\/pawz.rs\/en\/wp-json\/wp\/v2\/product"}],"about":[{"href":"https:\/\/pawz.rs\/en\/wp-json\/wp\/v2\/types\/product"}],"replies":[{"embeddable":true,"href":"https:\/\/pawz.rs\/en\/wp-json\/wp\/v2\/comments?post=17369"}],"wp:featuredmedia":[{"embeddable":true,"href":"https:\/\/pawz.rs\/en\/wp-json\/wp\/v2\/media\/17944"}],"wp:attachment":[{"href":"https:\/\/pawz.rs\/en\/wp-json\/wp\/v2\/media?parent=17369"}],"wp:term":[{"taxonomy":"pwb-brand","embeddable":true,"href":"https:\/\/pawz.rs\/en\/wp-json\/wp\/v2\/pwb-brand?post=17369"},{"taxonomy":"product_cat","embeddable":true,"href":"https:\/\/pawz.rs\/en\/wp-json\/wp\/v2\/product_cat?post=17369"},{"taxonomy":"product_tag","embeddable":true,"href":"https:\/\/pawz.rs\/en\/wp-json\/wp\/v2\/product_tag?post=17369"}],"curies":[{"name":"wp","href":"https:\/\/api.w.org\/{rel}","templated":true}]}}