{"id":17374,"date":"2023-06-28T14:06:14","date_gmt":"2023-06-28T12:06:14","guid":{"rendered":"https:\/\/pawz.rs\/?post_type=product&#038;p=17374"},"modified":"2024-05-14T08:38:50","modified_gmt":"2024-05-14T06:38:50","slug":"monge-bwild-low-grain-cat-kitten-goose-1-5-kg","status":"publish","type":"product","link":"https:\/\/pawz.rs\/en\/monge-bwild-low-grain-cat-kitten-goose-1-5-kg\/","title":{"rendered":"Monge BWild Low Grain Cat Kitten Goose 1.5 kg"},"content":{"rendered":"<p><strong>Monge BWild Low Grain Cat Kitten Goose 1.5 kg<\/strong><\/p>\n<p>Monge BWild je potpuna i izbalansirana hrana za ma\u010dic\u0301e tokom rasta od 1 meseca do odraslog doba sa mesom guske.<\/p>\n<p>Visok sadr\u017eaj proteina u mesu guske garantuje uravnote\u017eenu ishranu, pratec\u0301i prirodni instinkt va\u0161ih \u017eivotinja.<\/p>\n<p>Ima mali unos zrna* i ne sadr\u017ei krompir.<\/p>\n<p>Laneno seme, izvor masnih kiselina omega-3, podr\u017eava meku i sjajnu dlaku.<\/p>\n<p>Ukusni ukus poja\u010dava i \u0161argarepa.<\/p>\n<p>Recept je obogac\u0301en KSOS (ksilo-oligosaharidima), poslednjom generacijom prebiotika, koji odr\u017eavaju dobro stanje creva.<\/p>\n<p>Specifi\u010dan recept osigurava dobrobit \u017eivotinje i po\u0161tuje njen prirodni instinkt.<\/p>\n<p>Bez ve\u0161ta\u010dkih boja i konzervansa.<\/p>\n<p>* U pore\u0111enju sa standardnim proizvodom (Lechat Excellence Kitten Chicken)<\/p>\n<p><strong>Sastav:<\/strong><br \/>\nSuvo gu\u0161\u010dje meso (38%), \u017eivotinjska mast 16% (pilec\u0301e ulje pre\u010di\u0161c\u0301eno na 99,5%), pilec\u0301e sve\u017ee meso (12%), tapioka, \u017euti gra\u0161ak, gra\u0161ka vlakna, zob (4%), su\u0161ena pulpa cvekle, hidrolizovani \u017eivotinjski proteini , pivski kvasac, riblje ulje (lososovo ulje pre\u010di\u0161c\u0301eno na 99,5%), minerali, laneno seme (2%), su\u0161ena \u0161argarepa 1% (ekvivalentno 8,6% sve\u017ee \u0161argarepe), pulpa su\u0161enog paradajza, pulpa su\u0161enog ananasa, su\u0161ena pulpa jabuke, su\u0161ena pulpa borovnice, pulpa su\u0161ene brusnice, su\u0161ena pulpa maline, ksilo-oligosaharidi (KSOS 0,3%), proizvodi kvasca (izvor MOS), ginseng, spirulina (0,1%), juka \u0161idigera<\/p>\n<p><strong>Analytical composition:<\/strong><br \/>\nSirovi proteini 34%, sirova vlakna 6,5%, sirove masti 17%, sirovi pepeo 8%, kalcijum 1,6%, fosfor 1,0%, omega 3 masne kiseline: 0,35%, omega 6 masne kiseline: 3%<\/p>\n<p><strong>Energetska vrednost:<\/strong> 4,050 kcal\/kg.<\/p>\n<p><strong>Hemijski sastojci:<\/strong><br \/>\nVitamin A (retinil acetat): 30.000 IU\/kg, Vitamin D3: 2.100 IU\/kg, Vitamin E (all-rac-alfa-tokoferil acetat): 90 mg\/kg, selen (natrijum selenit 0.2 mg\/kg): 0.09 mg \/kg, mangan (mangan sulfat monohidrat 30 mg\/kg): 9,75 mg\/kg, cink (cink oksid 140 mg\/kg): 112,4 mg\/kg, bakar (bakar(II) sulfat pentahidrat 12 mg\/kg): 3,06 mg \/kg, gvo\u017e\u0111e (gvo\u017e\u0111e (II) sulfat monohidrat 100 mg\/kg): 32,9 mg\/kg, jod (bezvodni kalcijum jodat 1,6 mg\/kg): 1,04 mg\/kg, DL-metionin tehni\u010dki \u010dist: 2500 mg\/kg, taurin : 2.200 mg\/kg, L-karnitin: 1.000 mg\/kg.<\/p>\n<p><strong>Tehnolo\u0161ki aditivi:<\/strong><br \/>\nEkstrakti tokoferola iz biljnih ulja.<\/p>\n<p><strong>Uputstvo za upotrebu:<\/strong><br \/>\nPreporu\u010deni dnevni obrok, mo\u017ee se podeliti na 3 obroka (vidi tabelu).<\/p>\n<p>Pojedina\u010dne potrebe za ishranom mogu varirati u zavisnosti od veli\u010dine, starosti i nivoa aktivnosti \u017eivotinje.<br \/>\nOvo je samo smernica i mo\u017eda c\u0301e biti potrebno da se prilagodi kako bi se odr\u017ealo optimalno stanje tela.<br \/>\nPre\u0111ite na novu hranu za kuc\u0301ne ljubimce u periodu od 1 nedelje.<\/p>\n<p>Serve food in dry form with available fresh water.<br \/>\nFor your pet&#039;s health, consult a veterinarian regularly.<\/p>\n<div class=\"ccvoYb EjH7wc\">\n<div class=\"AxqVh\">\n<div class=\"OPPzxe\">\n<div class=\"QcsUad BDJ8fb BLojaf sMVRZe wneUed\">\n<div class=\"usGWQd\">\n<div class=\"KkbLmb\">\n<div class=\"VO9ucd\">\n<div class=\"aJIq1d\" data-language-code=\"sr\" data-language-name=\"srpski\" data-text=\"\u0412\u0438\u0442\u0430\u043c\u0438\u043d \u0410 (\u0440\u0435\u0442\u0438\u043d\u0438\u043b \u0430\u0446\u0435\u0442\u0430\u0442) 3000 \u0418\u0423, \u0432\u0438\u0442\u0430\u043c\u0438\u043d \u04143 150 \u0418\u0423, \u0432\u0438\u0442\u0430\u043c\u0438\u043d \u0415 (\u0430\u043b\u043b-\u0440\u0430\u0446-\u0430\u043b\u0444\u0430-\u0442\u043e\u043a\u043e\u0444\u0435\u0440\u0438\u043b \u0430\u0446\u0435\u0442\u0430\u0442) 6 \u043c\u0433, \u0442\u0430\u0443\u0440\u0438\u043d 500 \u043c\u0433.\" data-crosslingual-hint=\"\" data-location=\"2\" data-enable-toggle-playback-speed=\"true\" data-results-count=\"1\" data-result-index=\"1\">\n<div class=\"m0Qfkd\">\n<div class=\"VfPpkd-Bz112c-Jh9lGc\">Proizvo\u0111a\u010d: Monge &amp; C. S.p.a. Via Savigliano, Italy<br \/>\nZemlja porekla: Italija (EU)<\/div>\n<\/div>\n<\/div>\n<\/div>\n<\/div>\n<\/div>\n<\/div>\n<\/div>\n<\/div>\n<\/div>\n\n    <div class=\"xs_social_share_widget xs_share_url after_content \t\tmain_content  wslu-style-1 wslu-share-box-shaped wslu-fill-colored wslu-none wslu-share-horizontal wslu-theme-font-no wslu-main_content\">\n\n\t\t\n        <ul>\n\t\t\t        <\/ul>\n    <\/div>","protected":false},"excerpt":{"rendered":"<p>Monge BWild je potpuna i izbalansirana hrana za ma\u010dic\u0301e tokom rasta od 1 meseca do odraslog doba sa mesom guske.<\/p>","protected":false},"featured_media":17949,"comment_status":"open","ping_status":"closed","template":"","meta":{"_acf_changed":false},"pwb-brand":[672,689],"product_cat":[23,21,149],"product_tag":[],"class_list":{"0":"post-17374","1":"product","2":"type-product","3":"status-publish","4":"has-post-thumbnail","6":"pwb-brand-monge","7":"pwb-brand-monge-hrana-za-macke","8":"product_cat-macke","9":"product_cat-hrana-za-macke","10":"product_cat-granule-za-macke","12":"first","13":"instock","14":"taxable","15":"shipping-taxable","16":"purchasable","17":"product-type-simple"},"acf":[],"brands":[{"id":672,"name":"Monge","slug":"monge"},{"id":689,"name":"Monge Cat Food","slug":"monge-hrana-za-macke"}],"_links":{"self":[{"href":"https:\/\/pawz.rs\/en\/wp-json\/wp\/v2\/product\/17374","targetHints":{"allow":["GET"]}}],"collection":[{"href":"https:\/\/pawz.rs\/en\/wp-json\/wp\/v2\/product"}],"about":[{"href":"https:\/\/pawz.rs\/en\/wp-json\/wp\/v2\/types\/product"}],"replies":[{"embeddable":true,"href":"https:\/\/pawz.rs\/en\/wp-json\/wp\/v2\/comments?post=17374"}],"wp:featuredmedia":[{"embeddable":true,"href":"https:\/\/pawz.rs\/en\/wp-json\/wp\/v2\/media\/17949"}],"wp:attachment":[{"href":"https:\/\/pawz.rs\/en\/wp-json\/wp\/v2\/media?parent=17374"}],"wp:term":[{"taxonomy":"pwb-brand","embeddable":true,"href":"https:\/\/pawz.rs\/en\/wp-json\/wp\/v2\/pwb-brand?post=17374"},{"taxonomy":"product_cat","embeddable":true,"href":"https:\/\/pawz.rs\/en\/wp-json\/wp\/v2\/product_cat?post=17374"},{"taxonomy":"product_tag","embeddable":true,"href":"https:\/\/pawz.rs\/en\/wp-json\/wp\/v2\/product_tag?post=17374"}],"curies":[{"name":"wp","href":"https:\/\/api.w.org\/{rel}","templated":true}]}}