{"id":17376,"date":"2023-06-29T08:29:40","date_gmt":"2023-06-29T06:29:40","guid":{"rendered":"https:\/\/pawz.rs\/?post_type=product&#038;p=17376"},"modified":"2026-02-12T20:41:44","modified_gmt":"2026-02-12T19:41:44","slug":"monge-bwild-low-grain-cat-adult-anchovies-1-5-kg","status":"publish","type":"product","link":"https:\/\/pawz.rs\/en\/monge-bwild-low-grain-cat-adult-anchovies-1-5-kg\/","title":{"rendered":"Monge BWild Low Grain Cat Adult Anchovies 1.5 kg"},"content":{"rendered":"<p><strong>Monge BWild Low Grain Cat Adult Anchovies 1.5 kg<\/strong><\/p>\n<p>Monge BWild Low Grain Cat Adult Anchovies je potpuna i uravnote\u017eena hrana za odrasle ma\u010dke sa mesom in\u0107una.<\/p>\n<p>Visok sadr\u017eaj proteina inc\u0301una garantuje uravnote\u017eenu ishranu, pratec\u0301i prirodni instinkt va\u0161ih \u017eivotinja.<\/p>\n<p>Ima mali unos zrna* i ne sadr\u017ei krompir.<\/p>\n<p>Laneno seme, izvor masnih kiselina omega-3, podr\u017eava meku i sjajnu dlaku.<\/p>\n<p>Ukusni ukus poja\u010dava i \u0161argarepa.<\/p>\n<p>Recept je obogac\u0301en KSOS (ksilo-oligosaharidima), poslednjom generacijom prebiotika, koji odr\u017eavaju dobro stanje creva.<\/p>\n<p>Specifi\u010dan recept osigurava dobrobit \u017eivotinje i po\u0161tuje njen prirodni instinkt.<\/p>\n<p>Bez ve\u0161ta\u010dkih boja i konzervansa.<\/p>\n<p>* U pore\u0111enju sa standardnim proizvodom (Lechat Excellence Adult Chicken)<\/p>\n<p><strong>Sastav:<\/strong><br \/>\nSu\u0161eni riblji inc\u0301uni (38%), \u017eivotinjska mast 15% (pilec\u0301e ulje pre\u010di\u0161c\u0301eno na 99,5%), pilec\u0301e sve\u017ee meso (12%), tapioka, \u017euti gra\u0161ak, pirina\u010d (5%), ovas (5%), su\u0161ena pulpa cvekle, hidrolizovani \u017eivotinjski proteini, minerali, pivski kvasac (izvor MOS), su\u0161ena jaja (1%), laneno seme (1%), su\u0161ena \u0161argarepa 1% (ekvivalentno 8,6% sve\u017ee \u0161argarepe), pulpa su\u0161enog paradajza (1%), gra\u0161ak vlakna, ksilo-oligosaharidi (KSOS 0,3%), juka \u0161idigera, su\u0161ena pulpa ananasa, pulpa su\u0161ene borovnice, pulpa su\u0161ene brusnice, pulpa su\u0161ene maline, mle\u010dni protein u prahu.<\/p>\n<p><strong>Analytical composition:<\/strong><br \/>\nSirovi proteini 34%, sirova vlakna 2,5%, sirove masti 17%, sirovi pepeo 7%, kalcijum 1,10%, fosfor 0,80%, omega 3 masne kiseline 0,95%, omega 6 masne kiseline 3%.<\/p>\n<p><strong>Energetska vrednost: <\/strong>4,105 kcal\/kg<\/p>\n<p><strong>Hemijski sastojci:<\/strong><br \/>\nVitamin A (retinil acetat): 26.000 IU\/kg, Vitamin D3: 1.200 IU\/kg, Vitamin E (all-rac-alfa tokoferil acetat): 470 mg\/kg, mangan (mangan sulfat monohidrat 32 mg\/kg): 10.4 mg \/kg, cink (cink oksid 105 mg\/kg): 84,3 mg\/kg, bakar (bakar(II) sulfat pentahidrat 13 mg\/kg): 3,3 mg\/kg, gvo\u017e\u0111e (gvo\u017e\u0111e (II) sulfat monohidrat 110 mg\/kg) : 36,2 mg\/kg, selen (natrijum selenit 0,2 mg\/kg): 0,09 mg\/kg, jod (bezvodni kalcijum jodat 1,8 mg\/kg): 1,17 mg\/kg, DL-metionin tehni\u010dki \u010dist 1000 mg\/kg, taurin 2,600 mg \/kg, L-karnitin 550 mg\/kg.<\/p>\n<p><strong>Tehnolo\u0161ki aditivi:<\/strong><br \/>\nEkstrakti tokoferola iz biljnih ulja.<\/p>\n<p><strong>Uputstvo za upotrebu:<\/strong><br \/>\nPreporu\u010deni dnevni obrok, mo\u017ee se podeliti na 2 obroka (vidi tabelu).<\/p>\n<p>Pojedina\u010dne potrebe za ishranom mogu varirati u zavisnosti od veli\u010dine, starosti i nivoa aktivnosti \u017eivotinje.<br \/>\nOvo je samo smernica i mo\u017eda c\u0301e biti potrebno da se prilagodi kako bi se odr\u017ealo optimalno stanje tela.<br \/>\nPre\u0111ite na novu hranu za kuc\u0301ne ljubimce u periodu od 1 nedelje.<\/p>\n<p>Serve food in dry form with available fresh water.<br \/>\nFor your pet&#039;s health, consult a veterinarian regularly.<\/p>\n<div class=\"ccvoYb EjH7wc\">\n<div class=\"AxqVh\">\n<div class=\"OPPzxe\">\n<div class=\"QcsUad BDJ8fb BLojaf sMVRZe wneUed\">\n<div class=\"usGWQd\">\n<div class=\"KkbLmb\">\n<div class=\"VO9ucd\">\n<div class=\"aJIq1d\" data-language-code=\"sr\" data-language-name=\"srpski\" data-text=\"\u0412\u0438\u0442\u0430\u043c\u0438\u043d \u0410 (\u0440\u0435\u0442\u0438\u043d\u0438\u043b \u0430\u0446\u0435\u0442\u0430\u0442) 3000 \u0418\u0423, \u0432\u0438\u0442\u0430\u043c\u0438\u043d \u04143 150 \u0418\u0423, \u0432\u0438\u0442\u0430\u043c\u0438\u043d \u0415 (\u0430\u043b\u043b-\u0440\u0430\u0446-\u0430\u043b\u0444\u0430-\u0442\u043e\u043a\u043e\u0444\u0435\u0440\u0438\u043b \u0430\u0446\u0435\u0442\u0430\u0442) 6 \u043c\u0433, \u0442\u0430\u0443\u0440\u0438\u043d 500 \u043c\u0433.\" data-crosslingual-hint=\"\" data-location=\"2\" data-enable-toggle-playback-speed=\"true\" data-results-count=\"1\" data-result-index=\"1\">\n<div class=\"m0Qfkd\">\n<div class=\"VfPpkd-Bz112c-Jh9lGc\">Proizvo\u0111a\u010d: Monge &amp; C. S.p.a. Via Savigliano, Italy<br \/>\nZemlja porekla: Italija (EU)<\/div>\n<\/div>\n<\/div>\n<\/div>\n<\/div>\n<\/div>\n<\/div>\n<\/div>\n<\/div>\n<\/div>\n\n    <div class=\"xs_social_share_widget xs_share_url after_content \t\tmain_content  wslu-style-1 wslu-share-box-shaped wslu-fill-colored wslu-none wslu-share-horizontal wslu-theme-font-no wslu-main_content\">\n\n\t\t\n        <ul>\n\t\t\t        <\/ul>\n    <\/div>","protected":false},"excerpt":{"rendered":"<p>Monge BWild Low Grain Cat Adult Anchovies je potpuna i uravnote\u017eena hrana za odrasle ma\u010dke sa mesom in\u0107una.<\/p>","protected":false},"featured_media":18269,"comment_status":"open","ping_status":"closed","template":"","meta":{"_acf_changed":false},"pwb-brand":[672,689],"product_cat":[23,21,149],"product_tag":[],"class_list":{"0":"post-17376","1":"product","2":"type-product","3":"status-publish","4":"has-post-thumbnail","6":"pwb-brand-monge","7":"pwb-brand-monge-hrana-za-macke","8":"product_cat-macke","9":"product_cat-hrana-za-macke","10":"product_cat-granule-za-macke","12":"first","13":"instock","14":"taxable","15":"shipping-taxable","16":"purchasable","17":"product-type-simple"},"acf":[],"brands":[{"id":672,"name":"Monge","slug":"monge"},{"id":689,"name":"Monge Cat Food","slug":"monge-hrana-za-macke"}],"_links":{"self":[{"href":"https:\/\/pawz.rs\/en\/wp-json\/wp\/v2\/product\/17376","targetHints":{"allow":["GET"]}}],"collection":[{"href":"https:\/\/pawz.rs\/en\/wp-json\/wp\/v2\/product"}],"about":[{"href":"https:\/\/pawz.rs\/en\/wp-json\/wp\/v2\/types\/product"}],"replies":[{"embeddable":true,"href":"https:\/\/pawz.rs\/en\/wp-json\/wp\/v2\/comments?post=17376"}],"wp:featuredmedia":[{"embeddable":true,"href":"https:\/\/pawz.rs\/en\/wp-json\/wp\/v2\/media\/18269"}],"wp:attachment":[{"href":"https:\/\/pawz.rs\/en\/wp-json\/wp\/v2\/media?parent=17376"}],"wp:term":[{"taxonomy":"pwb-brand","embeddable":true,"href":"https:\/\/pawz.rs\/en\/wp-json\/wp\/v2\/pwb-brand?post=17376"},{"taxonomy":"product_cat","embeddable":true,"href":"https:\/\/pawz.rs\/en\/wp-json\/wp\/v2\/product_cat?post=17376"},{"taxonomy":"product_tag","embeddable":true,"href":"https:\/\/pawz.rs\/en\/wp-json\/wp\/v2\/product_tag?post=17376"}],"curies":[{"name":"wp","href":"https:\/\/api.w.org\/{rel}","templated":true}]}}