{"id":17377,"date":"2023-06-29T08:42:23","date_gmt":"2023-06-29T06:42:23","guid":{"rendered":"https:\/\/pawz.rs\/?post_type=product&#038;p=17377"},"modified":"2026-02-12T20:41:45","modified_gmt":"2026-02-12T19:41:45","slug":"monge-bwild-low-grain-dog-all-breeds-puppy-and-junior-deer","status":"publish","type":"product","link":"https:\/\/pawz.rs\/en\/monge-bwild-low-grain-dog-all-breeds-puppy-and-junior-deer\/","title":{"rendered":"Monge BWild Low Grain Dog All Breeds Puppy And Junior Deer"},"content":{"rendered":"<p><strong>Monge BWild Low Grain Dog All Breeds Puppy And Junior Deer<\/strong><\/p>\n<p class=\"ui-title-bar__title\">Kompletna\u00a0hrana za \u0161tence\u00a0sa ukusom\u00a0divlja\u010di, namenjeno psima\u00a0od 2 do 12 meseci starosti.<\/p>\n<p class=\"ui-title-bar__title\">Visok sadr\u017eaj proteina\u00a0mesa od divljeg jelena garantuje uravnote\u017eenu ishranu, a istovremeno poma\u017ee u spre\u010davanju alergijskih reakcija.<\/p>\n<p class=\"ui-title-bar__title\">Ima\u00a0nizak sadr\u017eaj\u00a0\u017eitarica\u00a0i sadr\u017ei dosta sve\u017eeg mesa, posebno odabranog za ovaj opseg.<\/p>\n<p class=\"ui-title-bar__title\">Uz vitamine A i C za zdravo i\u00a0sjajno krzno\u00a0i ovas za zdravlje\u00a0creva.<\/p>\n<p class=\"ui-title-bar__title\">Ukus je tako\u0111e pobolj\u0161an \u0161umskim plodovima i biljem, bogatim izvorima vrednih nutritivnih elemenata i\u00a0prirodnih vlakana, od su\u0161tinskog zna\u010daja za uravnote\u017eenu ishranu.<\/p>\n<p class=\"ui-title-bar__title\">Ona osigurava dobrobit \u017eivotinja i po\u0161tuje njen prirodni instinkt.<\/p>\n<p><strong>Sastav:<\/strong><br \/>\nDivlja\u010d (sve\u017ea 15%, dehidrirana 35%), \u017euti gra\u0161ak, \u017eivotinjska mast (sadr\u017eaj pile\u0107eg ulja 99,5%, konzerviran prirodnim antioksidantima), tapioka skrob, pirina\u010d, ovsena ka\u0161a, pulpa repe, hidrolizovani \u017eivotinjski proteini, pivski kvasac (izvor MOS (1%), su\u0161eni paradajz (1%), nerastvorljiva vlakna gra\u0161ka, yucca schidigera, spirulina, ananasova stijena, ginseng (1%), dehidrirana jabuka, dehidrirana borovnica, dehidrirana brusnica, dehidrirana malina, KSOS (ksilo-oligosaharidi 3 g \/ kg), hidrolizovani kvasac (MOS), hidrolizovana hrskavica (izvor hondroitin sulfata), hidrolizovani rakovi (izvor glukozamina), metilsulfonilmetan.<\/p>\n<p><strong>Analytical composition:<\/strong><br \/>\nSirovi protein 31%, Sirova ulja i proteini 18%, Sirova vlakna 2.50%, Sirovi pepeo 7%, Kalcijum 2.50%, Fosfor 1.60%, Omega 6 esencijalne masne kiseline 3%, Omega 3 esencijalne masne kiseline 0.70%<\/p>\n<p><strong>Energetska vrednost: <\/strong>4,400 kcal\/kg<\/p>\n<p>Serve food in dry form with available fresh water.<br \/>\nFor your pet&#039;s health, consult a veterinarian regularly.<\/p>\n<div class=\"ccvoYb EjH7wc\">\n<div class=\"AxqVh\">\n<div class=\"OPPzxe\">\n<div class=\"QcsUad BDJ8fb BLojaf sMVRZe wneUed\">\n<div class=\"usGWQd\">\n<div class=\"KkbLmb\">\n<div class=\"VO9ucd\">\n<div class=\"aJIq1d\" data-language-code=\"sr\" data-language-name=\"srpski\" data-text=\"\u0412\u0438\u0442\u0430\u043c\u0438\u043d \u0410 (\u0440\u0435\u0442\u0438\u043d\u0438\u043b \u0430\u0446\u0435\u0442\u0430\u0442) 3000 \u0418\u0423, \u0432\u0438\u0442\u0430\u043c\u0438\u043d \u04143 150 \u0418\u0423, \u0432\u0438\u0442\u0430\u043c\u0438\u043d \u0415 (\u0430\u043b\u043b-\u0440\u0430\u0446-\u0430\u043b\u0444\u0430-\u0442\u043e\u043a\u043e\u0444\u0435\u0440\u0438\u043b \u0430\u0446\u0435\u0442\u0430\u0442) 6 \u043c\u0433, \u0442\u0430\u0443\u0440\u0438\u043d 500 \u043c\u0433.\" data-crosslingual-hint=\"\" data-location=\"2\" data-enable-toggle-playback-speed=\"true\" data-results-count=\"1\" data-result-index=\"1\">\n<div class=\"m0Qfkd\">\n<div class=\"VfPpkd-Bz112c-Jh9lGc\">Proizvo\u0111a\u010d: Monge &amp; C. S.p.a. Via Savigliano, Italy<br \/>\nZemlja porekla: Italija (EU)<\/div>\n<\/div>\n<\/div>\n<\/div>\n<\/div>\n<\/div>\n<\/div>\n<\/div>\n<\/div>\n<\/div>\n\n    <div class=\"xs_social_share_widget xs_share_url after_content \t\tmain_content  wslu-style-1 wslu-share-box-shaped wslu-fill-colored wslu-none wslu-share-horizontal wslu-theme-font-no wslu-main_content\">\n\n\t\t\n        <ul>\n\t\t\t        <\/ul>\n    <\/div>","protected":false},"excerpt":{"rendered":"<p>Kompletna\u00a0hrana za \u0161tence\u00a0sa ukusom\u00a0divlja\u010di, namenjeno psima\u00a0od 2 do 12 meseci starosti.<\/p>","protected":false},"featured_media":17959,"comment_status":"open","ping_status":"closed","template":"","meta":{"_acf_changed":false},"pwb-brand":[672,688],"product_cat":[47,48,49],"product_tag":[],"class_list":{"0":"post-17377","1":"product","2":"type-product","3":"status-publish","4":"has-post-thumbnail","6":"pwb-brand-monge","7":"pwb-brand-monge-hrana-za-pse","8":"product_cat-psi","9":"product_cat-hrana-za-pse","10":"product_cat-granule-za-pse","12":"first","13":"instock","14":"taxable","15":"shipping-taxable","16":"purchasable","17":"product-type-variable","18":"has-default-attributes"},"acf":[],"brands":[{"id":672,"name":"Monge","slug":"monge"},{"id":688,"name":"Monge Dog Food","slug":"monge-hrana-za-pse"}],"_links":{"self":[{"href":"https:\/\/pawz.rs\/en\/wp-json\/wp\/v2\/product\/17377","targetHints":{"allow":["GET"]}}],"collection":[{"href":"https:\/\/pawz.rs\/en\/wp-json\/wp\/v2\/product"}],"about":[{"href":"https:\/\/pawz.rs\/en\/wp-json\/wp\/v2\/types\/product"}],"replies":[{"embeddable":true,"href":"https:\/\/pawz.rs\/en\/wp-json\/wp\/v2\/comments?post=17377"}],"wp:featuredmedia":[{"embeddable":true,"href":"https:\/\/pawz.rs\/en\/wp-json\/wp\/v2\/media\/17959"}],"wp:attachment":[{"href":"https:\/\/pawz.rs\/en\/wp-json\/wp\/v2\/media?parent=17377"}],"wp:term":[{"taxonomy":"pwb-brand","embeddable":true,"href":"https:\/\/pawz.rs\/en\/wp-json\/wp\/v2\/pwb-brand?post=17377"},{"taxonomy":"product_cat","embeddable":true,"href":"https:\/\/pawz.rs\/en\/wp-json\/wp\/v2\/product_cat?post=17377"},{"taxonomy":"product_tag","embeddable":true,"href":"https:\/\/pawz.rs\/en\/wp-json\/wp\/v2\/product_tag?post=17377"}],"curies":[{"name":"wp","href":"https:\/\/api.w.org\/{rel}","templated":true}]}}