{"id":17380,"date":"2023-06-29T09:19:10","date_gmt":"2023-06-29T07:19:10","guid":{"rendered":"https:\/\/pawz.rs\/?post_type=product&#038;p=17380"},"modified":"2026-02-12T20:41:45","modified_gmt":"2026-02-12T19:41:45","slug":"monge-bwild-low-grain-dog-all-breeds-adult-deer","status":"publish","type":"product","link":"https:\/\/pawz.rs\/en\/monge-bwild-low-grain-dog-all-breeds-adult-deer\/","title":{"rendered":"Monge BWild Low Grain Dog All Breeds Adult Deer"},"content":{"rendered":"<p><strong>Monge BWild Low Grain Dog All Breeds Adult Deer<\/strong><\/p>\n<p>Monge BWild hrana za odrasle pse svih rasa, sa malim procentom \u017eitarica i mesom jelena. Bez krompira.<\/p>\n<p>Visok sadr\u017eaj proteina iz divljine garantuje uravnote\u017eenu ishranu, prate\u0107i prirodni instinkt va\u0161ih pasa.<\/p>\n<p>Sadr\u017ei laneno seme, izvor omega-3 masnih kiselina, za meko\u0107u i sjaj\u00a0dlake.<\/p>\n<p>Ukusu pogoduje i prisustvo vo\u0107a (poput borovnica, brusnica i malina) i povr\u0107a (\u0161argarepa), prirodnih\u00a0izvora vlakana i minerala.<\/p>\n<p>Formulacija je oboga\u0107ena KSOS (ksilo-oligosaharidi), prebioticima poslednje generacije koji podr\u017eavaju\u00a0crevni trakt.<\/p>\n<p>Specifi\u010dni recept doprinosi odr\u017eavanju dobrobiti \u017eivotinje i po\u0161tovanju njenog prirodnog instinkta.<\/p>\n<p><strong>Sastav:<\/strong><br \/>\nDehidrirana divlja\u010d (38%), \u017eivotinjska masno\u0107a 16% (pro\u010di\u0161\u0107eno pile\u0107e ulje 99,5%), sve\u017ee pile\u0107e meso (12%), \u017euti gra\u0161ak, tapioka, ovas (4%), su\u0161ena pulpa repe hidrolizovani \u017eivotinjski proteini, pivski kvas, mineralne soli, laneno seme (2%), su\u0161ena \u0161argarepa (2%), ostaci soka od raj\u010dice, vlakna gra\u0161ka, ostaci soka od ananasa, su\u0161ena pulpa jabuka, su\u0161ena brusnica 1% (\u0161to iznosi 8,6% sve\u017eih brusnica), su\u0161ena pulpa brusnice 1% (\u0161to je jednako 8,6% sve\u017eih brusnica), su\u0161ena pulpa maline 1% (jednaka 8,6 % sve\u017ee maline), ksilo-oligosaharid (KSOS 0,3%), hondroitin sulfat, glukozamin, proizvodi od kvasca (izvor MOS), spirulina, juka \u0161idgera.<\/p>\n<p><strong>Analytical composition:<\/strong><br \/>\nSirovi protein 28%, sirova vlakna 2,6%, sirova mast 18%, sirovi pepeo 7,50%, kalcijum 1,60%, fosfor 1%, omega 3 masne kiseline: 0,5%, omega 6 masne kiseline : 1.70%.<\/p>\n<p><strong>Energetska vrednost:\u00a0<\/strong>4170 kcal\/kg<\/p>\n<p><strong>Hranljivi sastojci:<\/strong><br \/>\nVitamin A (retinil acetat): 35 000 IU \/ kg, vitamin D3: 1850 IU \/ kg, vitamin E (all-rac-alfa-tokofenil acetat): 83 mg \/ kg, selen (natrijum selenit 0 , 15 mg \/ kg): 0,06 mg \/ kg, mangan (mangan-sulfat monohidrat 22,5 mg \/ kg): 7,3 mg \/ kg, cink (cink oksid 105 mg \/ kg): 84,3 mg \/ kg, bakar (bakar (II) sulfat pentahidrat 9 mg \/ kg): 2,3 mg \/ kg, gvo\u017e\u0111e (gvo\u017e\u0111e (II) sulfat monohidrat 75 mg \/ kg): 24,6 mg \/ kg, jod (jodat bezvodni kalcijum 1,2 mg \/ kg): 0,78 mg \/ kg, tehni\u010dki \u010dist DL-metionin 1,100 mg \/ kg, L-karnitin: 170 mg \/ kg.<\/p>\n<p><strong>Tehnolo\u0161ki aditivi<\/strong>:<br \/>\nEkstrakti tokoferola iz biljnih ulja.<\/p>\n<p>Serve food in dry form with available fresh water.<br \/>\nFor your pet&#039;s health, consult a veterinarian regularly.<\/p>\n<div class=\"ccvoYb EjH7wc\">\n<div class=\"AxqVh\">\n<div class=\"OPPzxe\">\n<div class=\"QcsUad BDJ8fb BLojaf sMVRZe wneUed\">\n<div class=\"usGWQd\">\n<div class=\"KkbLmb\">\n<div class=\"VO9ucd\">\n<div class=\"aJIq1d\" data-language-code=\"sr\" data-language-name=\"srpski\" data-text=\"\u0412\u0438\u0442\u0430\u043c\u0438\u043d \u0410 (\u0440\u0435\u0442\u0438\u043d\u0438\u043b \u0430\u0446\u0435\u0442\u0430\u0442) 3000 \u0418\u0423, \u0432\u0438\u0442\u0430\u043c\u0438\u043d \u04143 150 \u0418\u0423, \u0432\u0438\u0442\u0430\u043c\u0438\u043d \u0415 (\u0430\u043b\u043b-\u0440\u0430\u0446-\u0430\u043b\u0444\u0430-\u0442\u043e\u043a\u043e\u0444\u0435\u0440\u0438\u043b \u0430\u0446\u0435\u0442\u0430\u0442) 6 \u043c\u0433, \u0442\u0430\u0443\u0440\u0438\u043d 500 \u043c\u0433.\" data-crosslingual-hint=\"\" data-location=\"2\" data-enable-toggle-playback-speed=\"true\" data-results-count=\"1\" data-result-index=\"1\">\n<div class=\"m0Qfkd\">\n<div class=\"VfPpkd-Bz112c-Jh9lGc\">Proizvo\u0111a\u010d: Monge &amp; C. S.p.a. Via Savigliano, Italy<br \/>\nZemlja porekla: Italija (EU)<\/div>\n<\/div>\n<\/div>\n<\/div>\n<\/div>\n<\/div>\n<\/div>\n<\/div>\n<\/div>\n<\/div>\n\n    <div class=\"xs_social_share_widget xs_share_url after_content \t\tmain_content  wslu-style-1 wslu-share-box-shaped wslu-fill-colored wslu-none wslu-share-horizontal wslu-theme-font-no wslu-main_content\">\n\n\t\t\n        <ul>\n\t\t\t        <\/ul>\n    <\/div>","protected":false},"excerpt":{"rendered":"<p>Monge BWild hrana za odrasle pse svih rasa, sa malim procentom \u017eitarica i mesom jelena. Bez krompira.<\/p>","protected":false},"featured_media":17953,"comment_status":"open","ping_status":"closed","template":"","meta":{"_acf_changed":false},"pwb-brand":[672,688],"product_cat":[47,48,49],"product_tag":[],"class_list":{"0":"post-17380","1":"product","2":"type-product","3":"status-publish","4":"has-post-thumbnail","6":"pwb-brand-monge","7":"pwb-brand-monge-hrana-za-pse","8":"product_cat-psi","9":"product_cat-hrana-za-pse","10":"product_cat-granule-za-pse","12":"first","13":"instock","14":"taxable","15":"shipping-taxable","16":"purchasable","17":"product-type-variable","18":"has-default-attributes"},"acf":[],"brands":[{"id":672,"name":"Monge","slug":"monge"},{"id":688,"name":"Monge Dog Food","slug":"monge-hrana-za-pse"}],"_links":{"self":[{"href":"https:\/\/pawz.rs\/en\/wp-json\/wp\/v2\/product\/17380","targetHints":{"allow":["GET"]}}],"collection":[{"href":"https:\/\/pawz.rs\/en\/wp-json\/wp\/v2\/product"}],"about":[{"href":"https:\/\/pawz.rs\/en\/wp-json\/wp\/v2\/types\/product"}],"replies":[{"embeddable":true,"href":"https:\/\/pawz.rs\/en\/wp-json\/wp\/v2\/comments?post=17380"}],"wp:featuredmedia":[{"embeddable":true,"href":"https:\/\/pawz.rs\/en\/wp-json\/wp\/v2\/media\/17953"}],"wp:attachment":[{"href":"https:\/\/pawz.rs\/en\/wp-json\/wp\/v2\/media?parent=17380"}],"wp:term":[{"taxonomy":"pwb-brand","embeddable":true,"href":"https:\/\/pawz.rs\/en\/wp-json\/wp\/v2\/pwb-brand?post=17380"},{"taxonomy":"product_cat","embeddable":true,"href":"https:\/\/pawz.rs\/en\/wp-json\/wp\/v2\/product_cat?post=17380"},{"taxonomy":"product_tag","embeddable":true,"href":"https:\/\/pawz.rs\/en\/wp-json\/wp\/v2\/product_tag?post=17380"}],"curies":[{"name":"wp","href":"https:\/\/api.w.org\/{rel}","templated":true}]}}