{"id":17386,"date":"2023-06-29T09:34:14","date_gmt":"2023-06-29T07:34:14","guid":{"rendered":"https:\/\/pawz.rs\/?post_type=product&#038;p=17386"},"modified":"2026-02-12T20:41:45","modified_gmt":"2026-02-12T19:41:45","slug":"monge-bwild-low-grain-dog-all-breeds-adult-goose","status":"publish","type":"product","link":"https:\/\/pawz.rs\/en\/monge-bwild-low-grain-dog-all-breeds-adult-goose\/","title":{"rendered":"Monge BWild Low Grain Dog All Breeds Adult Goose"},"content":{"rendered":"<p><strong>Monge BWild Low Grain Dog All Breeds Adult Goose<\/strong><\/p>\n<p class=\"ui-title-bar__title\">Monge BWild hrana za odrasle pse\u00a0svih rasa, sa malim procentom \u017eitarica i gu\u0161\u010dijim mesom.<\/p>\n<p>BWild All Breeds Adult hrana prati prirodan instikt va\u0161ih \u017eivotinja.<\/p>\n<p>Formulisana je sa smanjenom koli\u010dinom \u017eitarica.<\/p>\n<p>Sadr\u017ei vi\u0161e od 65% sastojaka \u017eivotinjskog porekla.<\/p>\n<p>Recept je obogac\u0301en prebioti\u010dkim kompleksom koji\u00a0olak\u0161ava varenje\u00a0i promovi\u0161e dobrobit creva.<br \/>\nSadr\u017ei laneno seme, omega-3 masne kiseline za mekoc\u0301u i\u00a0sjaj dlake.<\/p>\n<p>Ukusnom zalogaju doprinosi i prisustvo voc\u0301a (borovnica, brusnica i malina) i povrc\u0301a (\u0161argarepa), prirodnih\u00a0izvora vlakana i minerala.<\/p>\n<p>Poseban recept doprinosi odr\u017eavanju dobrobiti \u017eivotinje i po\u0161tovanju njenog prirodnog instinkta.<\/p>\n<p>Bez boja i ve\u0161ta\u010dkih konzervansa.<\/p>\n<p><strong>Sastav:<\/strong><br \/>\nDehidrirano meso guske (38%), \u017eivotinjska mast 16% (pre\u010di\u0161c\u0301eno pilec\u0301e ulje 99,5%), sve\u017ee pilec\u0301e meso (12%), \u017euti gra\u0161ak, tapioka, pirina\u010d (5%), ovas (4%), su\u0161ena pulpa repe, hidrolizovana \u017eivotinjski proteini, mineralne soli, pivski kvasac, su\u0161ena jaja, laneno seme (1%), su\u0161ena \u0161argarepa (1%), ostatak soka od paradajza (1%), vlakna gra\u0161ka, juka \u0161idigera, spirulina, su\u0161eni ostatak ce\u0111enja ananasa, su\u0161ena pulpa jabuke , su\u0161ena pulpa brusnice 0,5% (jednako 4,3% sve\u017ee brusnice), su\u0161ena pulpa brusnice 0,5% (jednako 4,3% sve\u017ee brusnice), 0,5% su\u0161ene pulpe maline (ekvivalentno 4,3% sve\u017ee maline), ksilo-oligosaharid (KSOS 0,3% ), proizvodi od kvasca (izvor MOS), hondroitin sulfat, glukozamin, mle\u010dni protein u prahu.<\/p>\n<p><strong>Analytical composition:<\/strong><br \/>\nSirovi proteini 30%, sirova vlakna 2,5%, sirova masnoc\u0301a 19%, sirovi pepeo 7%, kalcijum 1%, fosfor 0,9%, omega 3 masne kiseline: 0,7%, omega 6: 3 masne kiseline, 3%<\/p>\n<p><strong>Energetska vrednost: <\/strong>4250 kcal\/kg<\/p>\n<p><strong>Hranljivi sastojci:<\/strong><br \/>\nVitamin A (retinil acetat): 28.000 IU \/ kg, Vitamin D3: 1.700 IU \/ kg, Vitamin E (sve-rac-alfa-tokoferil acetat): 570 mg \/ kg, mangan (mangan sulfat monohidrat 32 mg \/ kg): 10,4 mg \/ kg, cink (cinkov oksid 105 mg \/ kg): 84,3 mg \/ kg, bakar (bakar (II) sulfat pentahidrat 13 mg \/ kg): 3,3 mg \/ kg, gvo\u017e\u0111e (gvo\u017e\u0111e (II) sulfat monohidrat 110 mg \/ kg): 36,2 mg \/ kg, selen (natrijum selenit 0,2 mg \/ kg): 0,09 mg \/ kg, jod (bezvodni kalcijum jodat 1,8 mg \/ kg): 1,17 mg \/ kg, L-karnitin: 200 mg \/ kg, tehni\u010dki \u010disti DL-metionin 1.100 mg \/ kg.<\/p>\n<p><strong>Tehnolo\u0161ki aditivi:<\/strong><br \/>\nEkstrakti tokoferola iz biljnih ulja.<\/p>\n<p>Serve food in dry form with available fresh water.<br \/>\nFor your pet&#039;s health, consult a veterinarian regularly.<\/p>\n<div class=\"ccvoYb EjH7wc\">\n<div class=\"AxqVh\">\n<div class=\"OPPzxe\">\n<div class=\"QcsUad BDJ8fb BLojaf sMVRZe wneUed\">\n<div class=\"usGWQd\">\n<div class=\"KkbLmb\">\n<div class=\"VO9ucd\">\n<div class=\"aJIq1d\" data-language-code=\"sr\" data-language-name=\"srpski\" data-text=\"\u0412\u0438\u0442\u0430\u043c\u0438\u043d \u0410 (\u0440\u0435\u0442\u0438\u043d\u0438\u043b \u0430\u0446\u0435\u0442\u0430\u0442) 3000 \u0418\u0423, \u0432\u0438\u0442\u0430\u043c\u0438\u043d \u04143 150 \u0418\u0423, \u0432\u0438\u0442\u0430\u043c\u0438\u043d \u0415 (\u0430\u043b\u043b-\u0440\u0430\u0446-\u0430\u043b\u0444\u0430-\u0442\u043e\u043a\u043e\u0444\u0435\u0440\u0438\u043b \u0430\u0446\u0435\u0442\u0430\u0442) 6 \u043c\u0433, \u0442\u0430\u0443\u0440\u0438\u043d 500 \u043c\u0433.\" data-crosslingual-hint=\"\" data-location=\"2\" data-enable-toggle-playback-speed=\"true\" data-results-count=\"1\" data-result-index=\"1\">\n<div class=\"m0Qfkd\">\n<div class=\"VfPpkd-Bz112c-Jh9lGc\">Proizvo\u0111a\u010d: Monge &amp; C. S.p.a. Via Savigliano, Italy<br \/>\nZemlja porekla: Italija (EU)<\/div>\n<\/div>\n<\/div>\n<\/div>\n<\/div>\n<\/div>\n<\/div>\n<\/div>\n<\/div>\n<\/div>\n\n    <div class=\"xs_social_share_widget xs_share_url after_content \t\tmain_content  wslu-style-1 wslu-share-box-shaped wslu-fill-colored wslu-none wslu-share-horizontal wslu-theme-font-no wslu-main_content\">\n\n\t\t\n        <ul>\n\t\t\t        <\/ul>\n    <\/div>","protected":false},"excerpt":{"rendered":"<p>Monge BWild hrana za odrasle pse\u00a0svih rasa, sa malim procentom \u017eitarica i gu\u0161\u010dijim mesom.<\/p>","protected":false},"featured_media":17954,"comment_status":"open","ping_status":"closed","template":"","meta":{"_acf_changed":false},"pwb-brand":[672,688],"product_cat":[47,48,49],"product_tag":[],"class_list":{"0":"post-17386","1":"product","2":"type-product","3":"status-publish","4":"has-post-thumbnail","6":"pwb-brand-monge","7":"pwb-brand-monge-hrana-za-pse","8":"product_cat-psi","9":"product_cat-hrana-za-pse","10":"product_cat-granule-za-pse","12":"first","13":"instock","14":"taxable","15":"shipping-taxable","16":"purchasable","17":"product-type-variable","18":"has-default-attributes"},"acf":[],"brands":[{"id":672,"name":"Monge","slug":"monge"},{"id":688,"name":"Monge Dog Food","slug":"monge-hrana-za-pse"}],"_links":{"self":[{"href":"https:\/\/pawz.rs\/en\/wp-json\/wp\/v2\/product\/17386","targetHints":{"allow":["GET"]}}],"collection":[{"href":"https:\/\/pawz.rs\/en\/wp-json\/wp\/v2\/product"}],"about":[{"href":"https:\/\/pawz.rs\/en\/wp-json\/wp\/v2\/types\/product"}],"replies":[{"embeddable":true,"href":"https:\/\/pawz.rs\/en\/wp-json\/wp\/v2\/comments?post=17386"}],"wp:featuredmedia":[{"embeddable":true,"href":"https:\/\/pawz.rs\/en\/wp-json\/wp\/v2\/media\/17954"}],"wp:attachment":[{"href":"https:\/\/pawz.rs\/en\/wp-json\/wp\/v2\/media?parent=17386"}],"wp:term":[{"taxonomy":"pwb-brand","embeddable":true,"href":"https:\/\/pawz.rs\/en\/wp-json\/wp\/v2\/pwb-brand?post=17386"},{"taxonomy":"product_cat","embeddable":true,"href":"https:\/\/pawz.rs\/en\/wp-json\/wp\/v2\/product_cat?post=17386"},{"taxonomy":"product_tag","embeddable":true,"href":"https:\/\/pawz.rs\/en\/wp-json\/wp\/v2\/product_tag?post=17386"}],"curies":[{"name":"wp","href":"https:\/\/api.w.org\/{rel}","templated":true}]}}