{"id":17449,"date":"2023-06-30T11:37:18","date_gmt":"2023-06-30T09:37:18","guid":{"rendered":"https:\/\/pawz.rs\/?post_type=product&#038;p=17449"},"modified":"2025-10-02T22:55:44","modified_gmt":"2025-10-02T20:55:44","slug":"monge-fresh-dog-pate-with-chunkies-adult-with-salmon-100-g","status":"publish","type":"product","link":"https:\/\/pawz.rs\/en\/monge-fresh-dog-pate-with-chunkies-adult-with-salmon-100-g\/","title":{"rendered":"Monge Fresh Dog Pate With Chunkies Adult With Salmon 100 g"},"content":{"rendered":"<p><strong>Monge Fresh Dog Pate With Chunkies Adult With Salmon 100 g<\/p>\n<p>Minimalna kupovina 32 komada<br \/>\n<\/strong><\/p>\n<p>Ukusne pa\u0161tete sa komadima sve\u017eeg lososa koje c\u0301e na\u0161im \u010detvorono\u017enim prijateljima pru\u017eiti svakodnevno blagostanje koje im je potrebno da bi bili u vrhunskoj formi.<\/p>\n<ul>\n<li>Recept sa malo \u0161ec\u0301era, bez boja, konzervansa i hidrogenizovanih masti.<\/li>\n<li>Idealan za male pse i kao poslastica za vec\u0301e pse.<\/li>\n<\/ul>\n<p><strong>Sastav:<\/strong><br \/>\nMeso i \u017eivotinjski derivati 50%, riba i riblji prera\u0111evi 30% (sve\u017ei losos 10%), minerali.<\/p>\n<p><strong>Analytical composition:<\/strong><br \/>\nSirovi proteini 9,0%, sirova vlakna 0,5%, sirove masti 7,0%, sirovi pepeo 1,2%, vla\u017enost 82,0%.<\/p>\n<p><strong>Hranljivi sastojci:<\/strong><br \/>\nVitamin A (retinil acetat) 3000 IU, vitamin D3 400 IU, vitamin E (alfa-tokoferil-acetat) 15 mg.<\/p>\n<p><b>Uputstvo za upotrebu:<br \/>\n<\/b>Za psa srednje veli\u010dine (10-12 kg), 600-800 grama proizvoda dnevno, podeljeno u 2 obroka.<\/p>\n<p>Da se \u200b\u200bservira na sobnoj temperaturi.<\/p>\n<p>Ostatak ostaviti u fri\u017eideru i iskoristiti u naredna 3 dana.<\/p>\n<p>Poslu\u017eiti hranu uz dostupnu sve\u017eu vodu.<br \/>\nFor your pet&#039;s health, consult a veterinarian regularly.<\/p>\n<div class=\"ccvoYb EjH7wc\">\n<div class=\"AxqVh\">\n<div class=\"OPPzxe\">\n<div class=\"QcsUad BDJ8fb BLojaf sMVRZe wneUed\">\n<div class=\"usGWQd\">\n<div class=\"KkbLmb\">\n<div class=\"VO9ucd\">\n<div class=\"aJIq1d\" data-language-code=\"sr\" data-language-name=\"srpski\" data-text=\"\u0412\u0438\u0442\u0430\u043c\u0438\u043d \u0410 (\u0440\u0435\u0442\u0438\u043d\u0438\u043b \u0430\u0446\u0435\u0442\u0430\u0442) 3000 \u0418\u0423, \u0432\u0438\u0442\u0430\u043c\u0438\u043d \u04143 150 \u0418\u0423, \u0432\u0438\u0442\u0430\u043c\u0438\u043d \u0415 (\u0430\u043b\u043b-\u0440\u0430\u0446-\u0430\u043b\u0444\u0430-\u0442\u043e\u043a\u043e\u0444\u0435\u0440\u0438\u043b \u0430\u0446\u0435\u0442\u0430\u0442) 6 \u043c\u0433, \u0442\u0430\u0443\u0440\u0438\u043d 500 \u043c\u0433.\" data-crosslingual-hint=\"\" data-location=\"2\" data-enable-toggle-playback-speed=\"true\" data-results-count=\"1\" data-result-index=\"1\">\n<div class=\"m0Qfkd\">\n<div class=\"VfPpkd-Bz112c-Jh9lGc\">Proizvo\u0111a\u010d: Monge &amp; C. S.p.a. Via Savigliano, Italy<br \/>\nZemlja porekla: Italija (EU)<\/div>\n<\/div>\n<\/div>\n<\/div>\n<\/div>\n<\/div>\n<\/div>\n<\/div>\n<\/div>\n<\/div>\n\n    <div class=\"xs_social_share_widget xs_share_url after_content \t\tmain_content  wslu-style-1 wslu-share-box-shaped wslu-fill-colored wslu-none wslu-share-horizontal wslu-theme-font-no wslu-main_content\">\n\n\t\t\n        <ul>\n\t\t\t        <\/ul>\n    <\/div>","protected":false},"excerpt":{"rendered":"<p>Ukusne pa\u0161tete sa komadima sve\u017eeg mesa svinjetine koje c\u0301e na\u0161im \u010detvorono\u017enim prijateljima pru\u017eiti svakodnevno blagostanje koje im je potrebno da bi bili u vrhunskoj formi.<\/p>","protected":false},"featured_media":17983,"comment_status":"open","ping_status":"closed","template":"","meta":{"_acf_changed":false},"pwb-brand":[],"product_cat":[48,47,50],"product_tag":[],"class_list":{"0":"post-17449","1":"product","2":"type-product","3":"status-publish","4":"has-post-thumbnail","6":"product_cat-hrana-za-pse","7":"product_cat-psi","8":"product_cat-vlazna-hrana-za-pse","10":"first","11":"instock","12":"taxable","13":"shipping-taxable","14":"purchasable","15":"product-type-simple"},"acf":[],"brands":[],"_links":{"self":[{"href":"https:\/\/pawz.rs\/en\/wp-json\/wp\/v2\/product\/17449","targetHints":{"allow":["GET"]}}],"collection":[{"href":"https:\/\/pawz.rs\/en\/wp-json\/wp\/v2\/product"}],"about":[{"href":"https:\/\/pawz.rs\/en\/wp-json\/wp\/v2\/types\/product"}],"replies":[{"embeddable":true,"href":"https:\/\/pawz.rs\/en\/wp-json\/wp\/v2\/comments?post=17449"}],"wp:featuredmedia":[{"embeddable":true,"href":"https:\/\/pawz.rs\/en\/wp-json\/wp\/v2\/media\/17983"}],"wp:attachment":[{"href":"https:\/\/pawz.rs\/en\/wp-json\/wp\/v2\/media?parent=17449"}],"wp:term":[{"taxonomy":"pwb-brand","embeddable":true,"href":"https:\/\/pawz.rs\/en\/wp-json\/wp\/v2\/pwb-brand?post=17449"},{"taxonomy":"product_cat","embeddable":true,"href":"https:\/\/pawz.rs\/en\/wp-json\/wp\/v2\/product_cat?post=17449"},{"taxonomy":"product_tag","embeddable":true,"href":"https:\/\/pawz.rs\/en\/wp-json\/wp\/v2\/product_tag?post=17449"}],"curies":[{"name":"wp","href":"https:\/\/api.w.org\/{rel}","templated":true}]}}