{"id":17454,"date":"2023-07-01T12:52:37","date_gmt":"2023-07-01T10:52:37","guid":{"rendered":"https:\/\/pawz.rs\/?post_type=product&#038;p=17454"},"modified":"2025-10-03T07:38:15","modified_gmt":"2025-10-03T05:38:15","slug":"monge-fruit-dog-pate-with-chunkies-adult-with-salmon-and-pear-100g","status":"publish","type":"product","link":"https:\/\/pawz.rs\/en\/monge-fruit-dog-pate-with-chunkies-adult-with-salmon-and-pear-100g\/","title":{"rendered":"Monge Fruit Dog Pate With Chunkies Adult With Salmon And Pear 100g"},"content":{"rendered":"<p><strong>Monge Fruit Dog Pate With Chunkies Adult With Salmon And Pear 100g<\/strong><\/p>\n<p><strong>Minimalna kupovina 24 komada<\/strong><\/p>\n<p>Kompletna i svarljiva hrana prou\u010davana za uravnote\u017eenu ishranu odraslih pasa.<\/p>\n<p>Mekana i ukusna pa\u0161teta i komadic\u0301i sa lososom i kru\u0161kom, \u010dvrste je teksture i prijatne arome.<\/p>\n<p><strong>Sastav:<\/strong><br \/>\nSve\u017ee meso 50%, sve\u017ea riba 30% (od toga losos min. 10%), kru\u0161ka 4%, minerali, vitamini.<\/p>\n<p><strong>Analytical composition:<\/strong><br \/>\nVlaga 80%, sirovi proteini 8,5%, sirove masti 7%, sirova vlakna 0,5%, sirovi pepeo 2,2%.<\/p>\n<p><strong>Hranljivi sastojci:<\/strong><br \/>\nVit. A. 3000 U.I.\/Kg, Vit. D3 400 U.I.\/Kg, Vit. E (alfa-tokoferol 91%) 15 mg\/kg.<\/p>\n<p><strong>Tehnolo\u0161ki aditivi: <\/strong><br \/>\nZgu\u0161njava\u010di i \u017eelezni agensi.<\/p>\n<p><b>Uputstvo za upotrebu:<br \/>\n<\/b>Za psa srednje veli\u010dine, najmanje 400 grama proizvoda dnevno<\/p>\n<p>Da se \u200b\u200bservira na sobnoj temperaturi.<\/p>\n<p>\u010cuvati u fri\u017eideru nakon otvaranja.<\/p>\n<p>Poslu\u017eiti hranu uz dostupnu sve\u017eu vodu.<br \/>\nFor your pet&#039;s health, consult a veterinarian regularly.<\/p>\n<div class=\"ccvoYb EjH7wc\">\n<div class=\"AxqVh\">\n<div class=\"OPPzxe\">\n<div class=\"QcsUad BDJ8fb BLojaf sMVRZe wneUed\">\n<div class=\"usGWQd\">\n<div class=\"KkbLmb\">\n<div class=\"VO9ucd\">\n<div class=\"aJIq1d\" data-language-code=\"sr\" data-language-name=\"srpski\" data-text=\"\u0412\u0438\u0442\u0430\u043c\u0438\u043d \u0410 (\u0440\u0435\u0442\u0438\u043d\u0438\u043b \u0430\u0446\u0435\u0442\u0430\u0442) 3000 \u0418\u0423, \u0432\u0438\u0442\u0430\u043c\u0438\u043d \u04143 150 \u0418\u0423, \u0432\u0438\u0442\u0430\u043c\u0438\u043d \u0415 (\u0430\u043b\u043b-\u0440\u0430\u0446-\u0430\u043b\u0444\u0430-\u0442\u043e\u043a\u043e\u0444\u0435\u0440\u0438\u043b \u0430\u0446\u0435\u0442\u0430\u0442) 6 \u043c\u0433, \u0442\u0430\u0443\u0440\u0438\u043d 500 \u043c\u0433.\" data-crosslingual-hint=\"\" data-location=\"2\" data-enable-toggle-playback-speed=\"true\" data-results-count=\"1\" data-result-index=\"1\">\n<div class=\"m0Qfkd\">\n<div class=\"VfPpkd-Bz112c-Jh9lGc\">Proizvo\u0111a\u010d: Monge &amp; C. S.p.a. Via Savigliano, Italy<br \/>\nZemlja porekla: Italija (EU)<\/div>\n<\/div>\n<\/div>\n<\/div>\n<\/div>\n<\/div>\n<\/div>\n<\/div>\n<\/div>\n<\/div>\n\n    <div class=\"xs_social_share_widget xs_share_url after_content \t\tmain_content  wslu-style-1 wslu-share-box-shaped wslu-fill-colored wslu-none wslu-share-horizontal wslu-theme-font-no wslu-main_content\">\n\n\t\t\n        <ul>\n\t\t\t        <\/ul>\n    <\/div>","protected":false},"excerpt":{"rendered":"<p>Kompletna i svarljiva hrana prou\u010davana za uravnote\u017eenu ishranu odraslih pasa sa komadi\u0107ima lososa i kru\u0161ke<\/p>","protected":false},"featured_media":47801,"comment_status":"open","ping_status":"closed","template":"","meta":{"_acf_changed":false},"pwb-brand":[],"product_cat":[48,47,50],"product_tag":[],"class_list":{"0":"post-17454","1":"product","2":"type-product","3":"status-publish","4":"has-post-thumbnail","6":"product_cat-hrana-za-pse","7":"product_cat-psi","8":"product_cat-vlazna-hrana-za-pse","10":"first","11":"instock","12":"taxable","13":"shipping-taxable","14":"purchasable","15":"product-type-simple"},"acf":[],"brands":[],"_links":{"self":[{"href":"https:\/\/pawz.rs\/en\/wp-json\/wp\/v2\/product\/17454","targetHints":{"allow":["GET"]}}],"collection":[{"href":"https:\/\/pawz.rs\/en\/wp-json\/wp\/v2\/product"}],"about":[{"href":"https:\/\/pawz.rs\/en\/wp-json\/wp\/v2\/types\/product"}],"replies":[{"embeddable":true,"href":"https:\/\/pawz.rs\/en\/wp-json\/wp\/v2\/comments?post=17454"}],"wp:featuredmedia":[{"embeddable":true,"href":"https:\/\/pawz.rs\/en\/wp-json\/wp\/v2\/media\/47801"}],"wp:attachment":[{"href":"https:\/\/pawz.rs\/en\/wp-json\/wp\/v2\/media?parent=17454"}],"wp:term":[{"taxonomy":"pwb-brand","embeddable":true,"href":"https:\/\/pawz.rs\/en\/wp-json\/wp\/v2\/pwb-brand?post=17454"},{"taxonomy":"product_cat","embeddable":true,"href":"https:\/\/pawz.rs\/en\/wp-json\/wp\/v2\/product_cat?post=17454"},{"taxonomy":"product_tag","embeddable":true,"href":"https:\/\/pawz.rs\/en\/wp-json\/wp\/v2\/product_tag?post=17454"}],"curies":[{"name":"wp","href":"https:\/\/api.w.org\/{rel}","templated":true}]}}