{"id":17468,"date":"2023-07-01T15:51:24","date_gmt":"2023-07-01T13:51:24","guid":{"rendered":"https:\/\/pawz.rs\/?post_type=product&#038;p=17468"},"modified":"2025-10-02T22:44:32","modified_gmt":"2025-10-02T20:44:32","slug":"monge-grill-dog-chunkies-in-jelly-puppy-and-junior-chicken-and-turkey-100-g","status":"publish","type":"product","link":"https:\/\/pawz.rs\/en\/monge-grill-dog-chunkies-in-jelly-puppy-and-junior-chicken-and-turkey-100-g\/","title":{"rendered":"Monge Grill Dog Chunkies In Jelly Puppy And Junior Chicken And Turkey 100 g"},"content":{"rendered":"<p><strong>Monge Grill Dog Chunkies In Jelly Puppy And Junior Chicken And Turkey 100 g<\/strong><\/p>\n<p><strong>Minimalna kupovina 24 komada<\/strong><\/p>\n<p>Kompletna hrana za pse specijalno razvijena da odu\u0161evi nepce na\u0161ih \u010detvorono\u017enih prijatelja.<\/p>\n<ul>\n<li>Recept napravljen od pe\u010dene piletine i \u0107uretine.<\/li>\n<li>Formulisan bez \u017eitarica i poja\u010dan glukozaminom i hondroitin sulfatom za podr\u0161ku zglobovima.<\/li>\n<\/ul>\n<p><strong>Sastav:<\/strong><br \/>\nMeso i \u017eivotinjski derivati 47% (c\u0301uretina 20% i piletina 14%), minerali, glukozamin 0,008%, hondroitin sulfat 0,004%.<\/p>\n<p><strong>Analytical composition:<\/strong><br \/>\nSirovi proteini 9%, sirova vlakna 0,3%, sirova mast 6%, sirovi pepeo 1,6%, vlaga 79,5%.<\/p>\n<p><strong>Hranljivi sastojci:<\/strong><br \/>\nVitamin D3 250 IU, vitamin E (sve-rac-alfa-tokoferil acetat) 8 mg.<\/p>\n<p><b>Uputstvo za upotrebu:<br \/>\n<\/b>Dnevni odnos hranjenja za pse srednje veli\u010dine:<br \/>\n6-8 kesa za \u0161tence od 2-5 meseci<br \/>\n8-10 kesa za \u0161tence od 6-12 meseci podeljeno u 3 obroka.<\/p>\n<p>Da se \u200b\u200bservira na sobnoj temperaturi.<\/p>\n<p>Nakon otvaranja ostavite u fri\u017eideru najvi\u0161e 2 dana.<\/p>\n<p>Poslu\u017eiti hranu uz dostupnu sve\u017eu vodu.<br \/>\nFor your pet&#039;s health, consult a veterinarian regularly.<\/p>\n<div class=\"ccvoYb EjH7wc\">\n<div class=\"AxqVh\">\n<div class=\"OPPzxe\">\n<div class=\"QcsUad BDJ8fb BLojaf sMVRZe wneUed\">\n<div class=\"usGWQd\">\n<div class=\"KkbLmb\">\n<div class=\"VO9ucd\">\n<div class=\"aJIq1d\" data-language-code=\"sr\" data-language-name=\"srpski\" data-text=\"\u0412\u0438\u0442\u0430\u043c\u0438\u043d \u0410 (\u0440\u0435\u0442\u0438\u043d\u0438\u043b \u0430\u0446\u0435\u0442\u0430\u0442) 3000 \u0418\u0423, \u0432\u0438\u0442\u0430\u043c\u0438\u043d \u04143 150 \u0418\u0423, \u0432\u0438\u0442\u0430\u043c\u0438\u043d \u0415 (\u0430\u043b\u043b-\u0440\u0430\u0446-\u0430\u043b\u0444\u0430-\u0442\u043e\u043a\u043e\u0444\u0435\u0440\u0438\u043b \u0430\u0446\u0435\u0442\u0430\u0442) 6 \u043c\u0433, \u0442\u0430\u0443\u0440\u0438\u043d 500 \u043c\u0433.\" data-crosslingual-hint=\"\" data-location=\"2\" data-enable-toggle-playback-speed=\"true\" data-results-count=\"1\" data-result-index=\"1\">\n<div class=\"m0Qfkd\">\n<div class=\"VfPpkd-Bz112c-Jh9lGc\">Proizvo\u0111a\u010d: Monge &amp; C. S.p.a. Via Savigliano, Italy<br \/>\nZemlja porekla: Italija (EU)<\/div>\n<\/div>\n<\/div>\n<\/div>\n<\/div>\n<\/div>\n<\/div>\n<\/div>\n<\/div>\n<\/div>\n\n    <div class=\"xs_social_share_widget xs_share_url after_content \t\tmain_content  wslu-style-1 wslu-share-box-shaped wslu-fill-colored wslu-none wslu-share-horizontal wslu-theme-font-no wslu-main_content\">\n\n\t\t\n        <ul>\n\t\t\t        <\/ul>\n    <\/div>","protected":false},"excerpt":{"rendered":"<p>Kompletna hrana za pse specijalno razvijena da odu\u0161evi nepce na\u0161ih \u010detvorono\u017enih prijatelja.<\/p>","protected":false},"featured_media":18046,"comment_status":"open","ping_status":"closed","template":"","meta":{"_acf_changed":false},"pwb-brand":[],"product_cat":[48,47,50],"product_tag":[208],"class_list":{"0":"post-17468","1":"product","2":"type-product","3":"status-publish","4":"has-post-thumbnail","6":"product_cat-hrana-za-pse","7":"product_cat-psi","8":"product_cat-vlazna-hrana-za-pse","9":"product_tag-bez-zitarica","11":"first","12":"instock","13":"taxable","14":"shipping-taxable","15":"purchasable","16":"product-type-simple"},"acf":[],"brands":[],"_links":{"self":[{"href":"https:\/\/pawz.rs\/en\/wp-json\/wp\/v2\/product\/17468","targetHints":{"allow":["GET"]}}],"collection":[{"href":"https:\/\/pawz.rs\/en\/wp-json\/wp\/v2\/product"}],"about":[{"href":"https:\/\/pawz.rs\/en\/wp-json\/wp\/v2\/types\/product"}],"replies":[{"embeddable":true,"href":"https:\/\/pawz.rs\/en\/wp-json\/wp\/v2\/comments?post=17468"}],"wp:featuredmedia":[{"embeddable":true,"href":"https:\/\/pawz.rs\/en\/wp-json\/wp\/v2\/media\/18046"}],"wp:attachment":[{"href":"https:\/\/pawz.rs\/en\/wp-json\/wp\/v2\/media?parent=17468"}],"wp:term":[{"taxonomy":"pwb-brand","embeddable":true,"href":"https:\/\/pawz.rs\/en\/wp-json\/wp\/v2\/pwb-brand?post=17468"},{"taxonomy":"product_cat","embeddable":true,"href":"https:\/\/pawz.rs\/en\/wp-json\/wp\/v2\/product_cat?post=17468"},{"taxonomy":"product_tag","embeddable":true,"href":"https:\/\/pawz.rs\/en\/wp-json\/wp\/v2\/product_tag?post=17468"}],"curies":[{"name":"wp","href":"https:\/\/api.w.org\/{rel}","templated":true}]}}