{"id":17469,"date":"2023-07-01T16:20:07","date_gmt":"2023-07-01T14:20:07","guid":{"rendered":"https:\/\/pawz.rs\/?post_type=product&#038;p=17469"},"modified":"2026-04-13T09:07:05","modified_gmt":"2026-04-13T07:07:05","slug":"monge-fresh-dog-chunks-in-loaf-puppy-and-junior-veal-with-vegetables-400g","status":"publish","type":"product","link":"https:\/\/pawz.rs\/en\/monge-fresh-dog-chunks-in-loaf-puppy-and-junior-veal-with-vegetables-400g\/","title":{"rendered":"Monge Fresh Dog Chunks In Loaf Puppy And Junior Veal With Vegetables 400g"},"content":{"rendered":"<p><strong>Monge Fresh Dog Chunks In Loaf Puppy And Junior Veal With Vegetables 400g<\/strong><\/p>\n<p><strong>Minimalna kupovina 6 komada<\/strong><\/p>\n<p>Kompletna i izbalansirana hrana za kuc\u0301ne ljubimce za \u0161tence.<\/p>\n<p>Uklju\u010divanje sve\u017eeg telec\u0301eg mesa garantuje visoku biolo\u0161ku vrednost recepture.<\/p>\n<p>Sa povrc\u0301em kao idealnim izvorom ugljenih hidrata koji obezbe\u0111uje dnevnu energiju i izvor prirodnih vitamina i minerala.<\/p>\n<p><strong>Sastav:<\/strong><br \/>\nMeso i prera\u0111evine (sve\u017ee meso; teletina 20% i d\u017eigerica 16%), povrc\u0301e (\u0161argarepa, gra\u0161ak i krompir 6%), \u017eitarice, ulja i masti, mineralne materije.<\/p>\n<p><strong>Analytical composition:<\/strong><br \/>\nSirovi proteini: 9,0%, Sirova vlakna: 0,5%, Sirove masti: 6,5%, Sirovi pepeo: 3,0%, Vlaga: 79%.<\/p>\n<p><strong>Hranljivi sastojci:<\/strong><br \/>\nVitamin D3 450 IU\/kg, vitamin E (all-rac-alfa-tokoferol-acetat) 15 mg\/kg, selen (natrijum selenit 0,04 mg\/kg) 0,018 mg\/kg, mangan (mangan sulfat monohidrat 9 mg\/kg) 2,9 mg\/kg, cink (cinkov oksid 32 mg\/kg): 25,7 mg\/kg, bakar (bakar (II) sulfat pentahidrat 3,5 mg\/kg) 0,89 mg\/kg, gvo\u017e\u0111e (gvo\u017e\u0111e (II) sulfat monohidrat 15 mg\/kg) 4,93 mg\/kg, jod (kalcijum jodat bezvodni 1,8 mg\/kg) 1,17 mg\/kg.<\/p>\n<p><b>Uputstvo za upotrebu:<br \/>\n<\/b>Koli\u010dine se mogu prilagoditi veli\u010dini \u017eivotinje, fizi\u010dkoj aktivnosti i uslovima \u017eivota.<\/p>\n<p>Preporu\u010deni dnevni obrok naveden u tabeli mo\u017ee se podeliti na tri obroka.<\/p>\n<p>Kada ovaj proizvod zamenjuje drugu vrstu hrane i\/ili ishranu, preporu\u010dljivo je da ga uvodite postepeno tokom perioda od najmanje 1 nedelje.<\/p>\n<p>Ostatak ostaviti u fri\u017eideru i iskoristiti u naredna 3 dana.<\/p>\n<p>\u010cuvati na hladnom i suvom mestu<\/p>\n<p>Poslu\u017eiti hranu uz dostupnu sve\u017eu vodu.<br \/>\nFor your pet&#039;s health, consult a veterinarian regularly.<\/p>\n<div class=\"ccvoYb EjH7wc\">\n<div class=\"AxqVh\">\n<div class=\"OPPzxe\">\n<div class=\"QcsUad BDJ8fb BLojaf sMVRZe wneUed\">\n<div class=\"usGWQd\">\n<div class=\"KkbLmb\">\n<div class=\"VO9ucd\">\n<div class=\"aJIq1d\" data-language-code=\"sr\" data-language-name=\"srpski\" data-text=\"\u0412\u0438\u0442\u0430\u043c\u0438\u043d \u0410 (\u0440\u0435\u0442\u0438\u043d\u0438\u043b \u0430\u0446\u0435\u0442\u0430\u0442) 3000 \u0418\u0423, \u0432\u0438\u0442\u0430\u043c\u0438\u043d \u04143 150 \u0418\u0423, \u0432\u0438\u0442\u0430\u043c\u0438\u043d \u0415 (\u0430\u043b\u043b-\u0440\u0430\u0446-\u0430\u043b\u0444\u0430-\u0442\u043e\u043a\u043e\u0444\u0435\u0440\u0438\u043b \u0430\u0446\u0435\u0442\u0430\u0442) 6 \u043c\u0433, \u0442\u0430\u0443\u0440\u0438\u043d 500 \u043c\u0433.\" data-crosslingual-hint=\"\" data-location=\"2\" data-enable-toggle-playback-speed=\"true\" data-results-count=\"1\" data-result-index=\"1\">\n<div class=\"m0Qfkd\">\n<div class=\"VfPpkd-Bz112c-Jh9lGc\">Proizvo\u0111a\u010d: Monge &amp; C. S.p.a. Via Savigliano, Italy<br \/>\nZemlja porekla: Italija (EU)<\/div>\n<\/div>\n<\/div>\n<\/div>\n<\/div>\n<\/div>\n<\/div>\n<\/div>\n<\/div>\n<\/div>\n\n    <div class=\"xs_social_share_widget xs_share_url after_content \t\tmain_content  wslu-style-1 wslu-share-box-shaped wslu-fill-colored wslu-none wslu-share-horizontal wslu-theme-font-no wslu-main_content\">\n\n\t\t\n        <ul>\n\t\t\t        <\/ul>\n    <\/div>","protected":false},"excerpt":{"rendered":"<p>Kompletna i izbalansirana hrana za kuc\u0301ne ljubimce za \u0161tence sa mesom teletine i d\u017eigerice sa dodatkom povr\u0107a.<\/p>","protected":false},"featured_media":17986,"comment_status":"open","ping_status":"closed","template":"","meta":{"_acf_changed":false},"pwb-brand":[],"product_cat":[48,47,50],"product_tag":[],"class_list":{"0":"post-17469","1":"product","2":"type-product","3":"status-publish","4":"has-post-thumbnail","6":"product_cat-hrana-za-pse","7":"product_cat-psi","8":"product_cat-vlazna-hrana-za-pse","10":"first","11":"instock","12":"taxable","13":"shipping-taxable","14":"purchasable","15":"product-type-simple"},"acf":[],"brands":[],"_links":{"self":[{"href":"https:\/\/pawz.rs\/en\/wp-json\/wp\/v2\/product\/17469","targetHints":{"allow":["GET"]}}],"collection":[{"href":"https:\/\/pawz.rs\/en\/wp-json\/wp\/v2\/product"}],"about":[{"href":"https:\/\/pawz.rs\/en\/wp-json\/wp\/v2\/types\/product"}],"replies":[{"embeddable":true,"href":"https:\/\/pawz.rs\/en\/wp-json\/wp\/v2\/comments?post=17469"}],"wp:featuredmedia":[{"embeddable":true,"href":"https:\/\/pawz.rs\/en\/wp-json\/wp\/v2\/media\/17986"}],"wp:attachment":[{"href":"https:\/\/pawz.rs\/en\/wp-json\/wp\/v2\/media?parent=17469"}],"wp:term":[{"taxonomy":"pwb-brand","embeddable":true,"href":"https:\/\/pawz.rs\/en\/wp-json\/wp\/v2\/pwb-brand?post=17469"},{"taxonomy":"product_cat","embeddable":true,"href":"https:\/\/pawz.rs\/en\/wp-json\/wp\/v2\/product_cat?post=17469"},{"taxonomy":"product_tag","embeddable":true,"href":"https:\/\/pawz.rs\/en\/wp-json\/wp\/v2\/product_tag?post=17469"}],"curies":[{"name":"wp","href":"https:\/\/api.w.org\/{rel}","templated":true}]}}