{"id":17555,"date":"2023-07-06T17:06:03","date_gmt":"2023-07-06T15:06:03","guid":{"rendered":"https:\/\/pawz.rs\/?post_type=product&#038;p=17555"},"modified":"2025-06-03T11:21:32","modified_gmt":"2025-06-03T09:21:32","slug":"special-dog-premium-soupe-4-kg","status":"publish","type":"product","link":"https:\/\/pawz.rs\/en\/special-dog-premium-soupe-4-kg\/","title":{"rendered":"Special Dog Premium Soupe 4 kg"},"content":{"rendered":"<p><strong>Special Dog Premium Soupe 4 kg<\/strong><\/p>\n<p>Special Dog Premium Soupe je kompletna hrana za odrasle pse, bogata \u017eitaricama, lako svarljiva i bogata vitaminima.<\/p>\n<p>To je kompletan specijalni obrok, posebno prou\u010davan za dnevnu ishranu odraslih pasa koji obavljaju normalnu fizi\u010dku aktivnost. Ima izbalansiran proteinski i energetski sadr\u017eaj.<\/p>\n<p>Napravljen je od odabranog mesa i izvora ugljenih hidrata vrhunskog kvaliteta koji se lako usvajaju na\u010dinom na koji se kuvaju. Sadr\u017ei FOS (fruktooligosaharide), koji poma\u017eu u regulisanju crevne flore, i Iucca Schidigera, koja smanjuje miris fekalija.<\/p>\n<p>Garantuje optimalan odnos izme\u0111u masnih kiselina Omega-3 i Omega-6 za sve mla\u0111u ko\u017eu.<\/p>\n<p><strong>Sastav:<\/strong><br \/>\n\u017ditarice, meso i derivati, ulja i masti, nusproizvodi biljnog porekla (pulpa \u0161ec\u0301erne repe), riba i riblji nusproizvodi, povrc\u0301e, juka \u0160idigera, \u0161ec\u0301eri (FOS fruktooligosaharidi), vitamini, mineralne supstance.<\/p>\n<p><strong>Analytical composition:<\/strong><br \/>\nVlaga 8%, Sirovi proteini: 22%, Sirove masti: 10%, Sirova vlakna 3%, Sirovi pepeo: 8,50%<\/p>\n<p><strong>Hranljivi sastojci:<\/strong><br \/>\nVitamin A: 12.000 U.I., Vitamin D3: 1.150 U.I., Vitamin E (alfa tokoferol min. 91%): 115 mg, Bakar (bakar sulfat pentahidrat): 16 mg.<\/p>\n<p><strong>Uputstvo za upotrebu:<\/strong><br \/>\nMo\u017ee se koristiti kao \u0161to jeste ili navla\u017eeno toplom vodom ili bujonom.<\/p>\n<p>Iznosi mogu varirati u zavisnosti od posebnih potreba nekih pasa.<\/p>\n<p>Poslu\u017eiti hranu uz dostupnu sve\u017eu vodu.<br \/>\nFor your pet&#039;s health, consult a veterinarian regularly.<\/p>\n<div class=\"ccvoYb EjH7wc\">\n<div class=\"AxqVh\">\n<div class=\"OPPzxe\">\n<div class=\"QcsUad BDJ8fb BLojaf sMVRZe wneUed\">\n<div class=\"usGWQd\">\n<div class=\"KkbLmb\">\n<div class=\"VO9ucd\">\n<div class=\"aJIq1d\" data-language-code=\"sr\" data-language-name=\"srpski\" data-text=\"\u0412\u0438\u0442\u0430\u043c\u0438\u043d \u0410 (\u0440\u0435\u0442\u0438\u043d\u0438\u043b \u0430\u0446\u0435\u0442\u0430\u0442) 3000 \u0418\u0423, \u0432\u0438\u0442\u0430\u043c\u0438\u043d \u04143 150 \u0418\u0423, \u0432\u0438\u0442\u0430\u043c\u0438\u043d \u0415 (\u0430\u043b\u043b-\u0440\u0430\u0446-\u0430\u043b\u0444\u0430-\u0442\u043e\u043a\u043e\u0444\u0435\u0440\u0438\u043b \u0430\u0446\u0435\u0442\u0430\u0442) 6 \u043c\u0433, \u0442\u0430\u0443\u0440\u0438\u043d 500 \u043c\u0433.\" data-crosslingual-hint=\"\" data-location=\"2\" data-enable-toggle-playback-speed=\"true\" data-results-count=\"1\" data-result-index=\"1\">\n<div class=\"m0Qfkd\">\n<div class=\"VfPpkd-Bz112c-Jh9lGc\">Proizvo\u0111a\u010d: Monge &amp; C. S.p.a. Via Savigliano, Italy<br \/>\nZemlja porekla: Italija (EU)<\/div>\n<\/div>\n<\/div>\n<\/div>\n<\/div>\n<\/div>\n<\/div>\n<\/div>\n<\/div>\n<\/div>\n\n    <div class=\"xs_social_share_widget xs_share_url after_content \t\tmain_content  wslu-style-1 wslu-share-box-shaped wslu-fill-colored wslu-none wslu-share-horizontal wslu-theme-font-no wslu-main_content\">\n\n\t\t\n        <ul>\n\t\t\t        <\/ul>\n    <\/div>","protected":false},"excerpt":{"rendered":"<p>Special Dog Premium Soupe je kompletna hrana za odrasle pse, bogata \u017eitaricama, lako svarljiva i bogata vitaminima.<\/p>","protected":false},"featured_media":18164,"comment_status":"open","ping_status":"closed","template":"","meta":{"_acf_changed":false},"pwb-brand":[672,688],"product_cat":[47,48,49],"product_tag":[1291],"class_list":{"0":"post-17555","1":"product","2":"type-product","3":"status-publish","4":"has-post-thumbnail","6":"pwb-brand-monge","7":"pwb-brand-monge-hrana-za-pse","8":"product_cat-psi","9":"product_cat-hrana-za-pse","10":"product_cat-granule-za-pse","11":"product_tag-specialdog","13":"first","14":"instock","15":"taxable","16":"shipping-taxable","17":"purchasable","18":"product-type-simple"},"acf":[],"brands":[{"id":672,"name":"Monge","slug":"monge"},{"id":688,"name":"Monge Dog Food","slug":"monge-hrana-za-pse"}],"_links":{"self":[{"href":"https:\/\/pawz.rs\/en\/wp-json\/wp\/v2\/product\/17555","targetHints":{"allow":["GET"]}}],"collection":[{"href":"https:\/\/pawz.rs\/en\/wp-json\/wp\/v2\/product"}],"about":[{"href":"https:\/\/pawz.rs\/en\/wp-json\/wp\/v2\/types\/product"}],"replies":[{"embeddable":true,"href":"https:\/\/pawz.rs\/en\/wp-json\/wp\/v2\/comments?post=17555"}],"wp:featuredmedia":[{"embeddable":true,"href":"https:\/\/pawz.rs\/en\/wp-json\/wp\/v2\/media\/18164"}],"wp:attachment":[{"href":"https:\/\/pawz.rs\/en\/wp-json\/wp\/v2\/media?parent=17555"}],"wp:term":[{"taxonomy":"pwb-brand","embeddable":true,"href":"https:\/\/pawz.rs\/en\/wp-json\/wp\/v2\/pwb-brand?post=17555"},{"taxonomy":"product_cat","embeddable":true,"href":"https:\/\/pawz.rs\/en\/wp-json\/wp\/v2\/product_cat?post=17555"},{"taxonomy":"product_tag","embeddable":true,"href":"https:\/\/pawz.rs\/en\/wp-json\/wp\/v2\/product_tag?post=17555"}],"curies":[{"name":"wp","href":"https:\/\/api.w.org\/{rel}","templated":true}]}}