{"id":17666,"date":"2023-07-15T09:53:02","date_gmt":"2023-07-15T07:53:02","guid":{"rendered":"https:\/\/pawz.rs\/?post_type=product&#038;p=17666"},"modified":"2025-09-30T11:03:01","modified_gmt":"2025-09-30T09:03:01","slug":"monge-monoprotein-pate-dog-adult-only-rabbit-150-g","status":"publish","type":"product","link":"https:\/\/pawz.rs\/en\/monge-monoprotein-pate-dog-adult-only-rabbit-150-g\/","title":{"rendered":"Monge Monoprotein Pate Dog Adult Only Rabbit 150 g"},"content":{"rendered":"<p><strong>Monge Monoprotein Pate Dog Adult Only Rabbit 150 g<\/strong><\/p>\n<p><strong>Minimalna kupovina 24 komada<\/strong><\/p>\n<p>Monge Monoprotein Pate Dog Adult Only Rabbit je pa\u0161teta formulisana* sa jedinstvenim izvorom \u017eivotinjskih proteina, odabranom ze\u010detinom najvi\u0161eg kvaliteta.<\/p>\n<ul>\n<li>Proizvodi 100% italijanski i veoma ukusni.<\/li>\n<li>Izbalansirana hrana koja koristi kompleks vitamina A-E-D3 i esencijalne mikronutrijente.<\/li>\n<li>Prirodno, bez boja, konzervansa i \u0161ec\u0301era.<\/li>\n<li>*Formulisan sa jedinstvenim izvorom \u017eivotinjskih proteina, mo\u017ee da sadr\u017ei tragove drugih izvora proteina.<\/li>\n<\/ul>\n<p><strong>Sastav:<br \/>\n<\/strong>Sve\u017e zec (jednako 100% iskori\u0161c\u0301enog mesa), minerali.<\/p>\n<p><strong>Analytical composition:<br \/>\n<\/strong>Sirovi proteini 8,5%, sirova vlakna 0,5%, sirova mast 5%, sirovi pepeo 1,5%, vlaga 80%.<\/p>\n<p><strong>Hranljivi sastojci:<br \/>\n<\/strong>Vitamin A (retinil acetat) 1500 IU, vitamin D3 120 IU, vitamin E (svi rac-alfa-tokoferil-acetat) 25 mg, cink (cinkov oksid 31 mg) 25 mg, jod (kalcijum jodat bezvodni 0,43 mg) 0 ,28 mg, Mangan (mangan sulfat monohidrat 3,8 mg) 1,25 mg, Gvo\u017e\u0111e (Gvo\u017e\u0111e (II) sulfat monohidrat 61 mg) 20 mg.<\/p>\n<p><strong>Uputstvo za upotrebu:<br \/>\n<\/strong>Dnevni obrok se mo\u017ee podeliti na dva obroka.<\/p>\n<p>Prilagodite koli\u010dinu prema veli\u010dini, aktivnosti i na\u010dinu \u017eivota \u017eivotinje.<\/p>\n<p>Poslu\u017eiti na sobnoj temperaturi.<\/p>\n<p>Kada ovaj proizvod zameni drugu vrstu, preporu\u010dljivo je da ga uvodite postepeno u periodu od najmanje 1 nedelje.<\/p>\n<p>\u010cuvati na hladnom i suvom mestu.<\/p>\n<p>Nakon otvaranja \u010duvati u fri\u017eideru i upotrebiti u roku od 2 dana.<\/p>\n<p>Ne otvarajte proizvod ako je nadut.<\/p>\n<p>Poslu\u017eiti hranu uz dostupnu sve\u017eu vodu.<br \/>\nFor your pet&#039;s health, consult a veterinarian regularly.<\/p>\n<div class=\"ccvoYb EjH7wc\">\n<div class=\"AxqVh\">\n<div class=\"OPPzxe\">\n<div class=\"QcsUad BDJ8fb BLojaf sMVRZe wneUed\">\n<div class=\"usGWQd\">\n<div class=\"KkbLmb\">\n<div class=\"VO9ucd\">\n<div class=\"aJIq1d\" data-language-code=\"sr\" data-language-name=\"srpski\" data-text=\"\u0412\u0438\u0442\u0430\u043c\u0438\u043d \u0410 (\u0440\u0435\u0442\u0438\u043d\u0438\u043b \u0430\u0446\u0435\u0442\u0430\u0442) 3000 \u0418\u0423, \u0432\u0438\u0442\u0430\u043c\u0438\u043d \u04143 150 \u0418\u0423, \u0432\u0438\u0442\u0430\u043c\u0438\u043d \u0415 (\u0430\u043b\u043b-\u0440\u0430\u0446-\u0430\u043b\u0444\u0430-\u0442\u043e\u043a\u043e\u0444\u0435\u0440\u0438\u043b \u0430\u0446\u0435\u0442\u0430\u0442) 6 \u043c\u0433, \u0442\u0430\u0443\u0440\u0438\u043d 500 \u043c\u0433.\" data-crosslingual-hint=\"\" data-location=\"2\" data-enable-toggle-playback-speed=\"true\" data-results-count=\"1\" data-result-index=\"1\">\n<div class=\"m0Qfkd\">\n<div class=\"VfPpkd-Bz112c-Jh9lGc\">Proizvo\u0111a\u010d: Monge &amp; C. S.p.a. Via Savigliano, Italy<br \/>\nZemlja porekla: Italija (EU)<\/div>\n<\/div>\n<\/div>\n<\/div>\n<\/div>\n<\/div>\n<\/div>\n<\/div>\n<\/div>\n<\/div>\n\n    <div class=\"xs_social_share_widget xs_share_url after_content \t\tmain_content  wslu-style-1 wslu-share-box-shaped wslu-fill-colored wslu-none wslu-share-horizontal wslu-theme-font-no wslu-main_content\">\n\n\t\t\n        <ul>\n\t\t\t        <\/ul>\n    <\/div>","protected":false},"excerpt":{"rendered":"<p>Monge Monoprotein Pate Dog Adult Only Rabbit je pa\u0161teta formulisana* sa jedinstvenim izvorom \u017eivotinjskih proteina, odabranom ze\u010detinom najvi\u0161eg kvaliteta.<\/p>","protected":false},"featured_media":18099,"comment_status":"open","ping_status":"closed","template":"","meta":{"_acf_changed":false},"pwb-brand":[],"product_cat":[48,47,50],"product_tag":[208],"class_list":{"0":"post-17666","1":"product","2":"type-product","3":"status-publish","4":"has-post-thumbnail","6":"product_cat-hrana-za-pse","7":"product_cat-psi","8":"product_cat-vlazna-hrana-za-pse","9":"product_tag-bez-zitarica","11":"first","12":"instock","13":"taxable","14":"shipping-taxable","15":"purchasable","16":"product-type-simple"},"acf":[],"brands":[],"_links":{"self":[{"href":"https:\/\/pawz.rs\/en\/wp-json\/wp\/v2\/product\/17666","targetHints":{"allow":["GET"]}}],"collection":[{"href":"https:\/\/pawz.rs\/en\/wp-json\/wp\/v2\/product"}],"about":[{"href":"https:\/\/pawz.rs\/en\/wp-json\/wp\/v2\/types\/product"}],"replies":[{"embeddable":true,"href":"https:\/\/pawz.rs\/en\/wp-json\/wp\/v2\/comments?post=17666"}],"wp:featuredmedia":[{"embeddable":true,"href":"https:\/\/pawz.rs\/en\/wp-json\/wp\/v2\/media\/18099"}],"wp:attachment":[{"href":"https:\/\/pawz.rs\/en\/wp-json\/wp\/v2\/media?parent=17666"}],"wp:term":[{"taxonomy":"pwb-brand","embeddable":true,"href":"https:\/\/pawz.rs\/en\/wp-json\/wp\/v2\/pwb-brand?post=17666"},{"taxonomy":"product_cat","embeddable":true,"href":"https:\/\/pawz.rs\/en\/wp-json\/wp\/v2\/product_cat?post=17666"},{"taxonomy":"product_tag","embeddable":true,"href":"https:\/\/pawz.rs\/en\/wp-json\/wp\/v2\/product_tag?post=17666"}],"curies":[{"name":"wp","href":"https:\/\/api.w.org\/{rel}","templated":true}]}}