{"id":17715,"date":"2023-07-15T13:30:44","date_gmt":"2023-07-15T11:30:44","guid":{"rendered":"https:\/\/pawz.rs\/?post_type=product&#038;p=17715"},"modified":"2026-02-12T21:14:25","modified_gmt":"2026-02-12T20:14:25","slug":"monge-natural-superpremium-dog-mini-adult-monoprotein-salmon-with-rice","status":"publish","type":"product","link":"https:\/\/pawz.rs\/en\/monge-natural-superpremium-dog-mini-adult-monoprotein-salmon-with-rice\/","title":{"rendered":"Monge Natural Superpremium Dog Mini Adult Monoprotein Salmon With Rice"},"content":{"rendered":"<p><strong>Monge Natural Superpremium Dog Mini Adult Monoprotein Salmon With Rice<\/strong><\/p>\n<p>Monge Natural Superpremium Mini Adult Monoprotein Salmon With Rice je kompletna hrana za odrasle pse mini veli\u010dine.<\/p>\n<p>Specijalno razvijen za dobrobit va\u0161eg psa od strane istra\u017eivanja vrhunskih hranljivih materija.<\/p>\n<p>Proizvod formulisan sa jednim izvorom \u017eivotinjskih proteina*, prvi sastojak je losos, a karakteri\u0161e ga njegova svarljivost i ukus zbog uklju\u010divanja sve\u017ee ribe.<\/p>\n<p>Recept je tako\u0111e pobolj\u0161an sa sledec\u0301om generacijom KSOS (ksilooligosaharida), koji su prebiotici za odr\u017eavanje crevnog zdravlja i sa sastojcima i ekstraktima povrc\u0301a, kao \u0161to su koren ehinacee, origano, beli luk, ekstrakt arti\u010doke i spirulina, koji sadr\u017ee antioksidante za neutralizaciju slobodnih radikala.<\/p>\n<p>Veli\u010dina granula je posebno razvijena za male zube i vilice. Bez dodatih boja i ve\u0161ta\u010dkih konzervansa.<\/p>\n<p><strong>Sastav:<br \/>\n<\/strong>Riba (su\u0161eni losos 34%, sve\u017e losos 10%), pirina\u010d (15%), su\u0161ena pulpa cvekle, pivski kvasac, hidrolizovani riblji proteini, riblje ulje (lososovo ulje), minerali, proizvodi od kvasca (manano-oligosaharidi MOS 1%), ksilo-oligosaharidi (KSOS 0,3%), iucca schidigera (0,3%), bra\u0161no od algi (spirulina \u2013 Arthrospira platensis 0,3%), proizvodi prerade biljaka (koren Echinacea purpurea 0,2%, Origanum Vulgare 0,1%), . 0,2%), glukozamin, hondroitin sulfat.<\/p>\n<p><strong>Analytical composition:<br \/>\n<\/strong>Sirovi proteini: 25%, Sirova vlakna: 2,5%, Sirova mast: 14%, Sirovi pepeo: 6,5%, Kalcijum: 1,2%, Fosfor: 0,9%, Omega-3 masne kiseline: 0,6%, Omega-6 masne kiseline: 2,8 %<\/p>\n<p><strong>Energetska vrednost: <\/strong>4,020 kcal\/kg<\/p>\n<p><strong>Hranljivi sastojci:<\/strong><br \/>\nVitamin A (retinil acetat) 30.770 IU, vitamin D3 1.610 IU, vitamin E (sve-rac-alfa-tokoferil-acetat) 72 mg, selen (natrijum selenit 0,4 mg) 0,2 mg, mangan (mangan sulfat) monohidrat 329 mg , cink (cinkov oksid 187 mg) 150 mg, bakar (bakar (II) sulfat pentahidrat 50 mg) 12 mg, gvo\u017e\u0111e (gvo\u017e\u0111e (II) sulfat monohidrat 326 mg) 107 mg, jod (kalcijum jodat bezvodni 2,7 mg, 1,7 mg) L-karnitin: 100 mg, DL-metionin (tehni\u010dki \u010dist): 1.900 mg.<\/p>\n<p><strong>Tehnolo\u0161ki aditivi:<\/strong><br \/>\nAntioksidansi: ekstrakti tokoferola iz biljnih ulja.<\/p>\n<p><strong>Senzorni dodaci:<br \/>\n<\/strong>Ekstrakt kestena (Castanea sativa) 20 mg\/kg, Ekstrakt arti\u010doke (Cinara scolimus L.) 300 mg\/kg<strong><br \/>\n<\/strong><\/p>\n<p><strong>Uputstvo za upotrebu:<\/strong><br \/>\nPreporu\u010deni dnevni unos hrane (vidi tabelu) mo\u017ee se podeliti na 2 dnevna obroka.<\/p>\n<p>Pojedina\u010dne potrebe za ishranom mogu varirati u zavisnosti od veli\u010dine, starosti i nivoa aktivnosti \u017eivotinje.<\/p>\n<p>Kada ovaj proizvod zamenjuje drugu vrstu hrane i\/ili ishranu, savetuje se da se uvodi postepeno tokom perioda od najmanje jedne nedelje.<\/p>\n<p>Nije za ljudsku upotrebu.<\/p>\n<p>Poslu\u017eiti hranu uz dostupnu sve\u017eu vodu.<br \/>\nFor your pet&#039;s health, consult a veterinarian regularly.<\/p>\n<div class=\"ccvoYb EjH7wc\">\n<div class=\"AxqVh\">\n<div class=\"OPPzxe\">\n<div class=\"QcsUad BDJ8fb BLojaf sMVRZe wneUed\">\n<div class=\"usGWQd\">\n<div class=\"KkbLmb\">\n<div class=\"VO9ucd\">\n<div class=\"aJIq1d\" data-language-code=\"sr\" data-language-name=\"srpski\" data-text=\"\u0412\u0438\u0442\u0430\u043c\u0438\u043d \u0410 (\u0440\u0435\u0442\u0438\u043d\u0438\u043b \u0430\u0446\u0435\u0442\u0430\u0442) 3000 \u0418\u0423, \u0432\u0438\u0442\u0430\u043c\u0438\u043d \u04143 150 \u0418\u0423, \u0432\u0438\u0442\u0430\u043c\u0438\u043d \u0415 (\u0430\u043b\u043b-\u0440\u0430\u0446-\u0430\u043b\u0444\u0430-\u0442\u043e\u043a\u043e\u0444\u0435\u0440\u0438\u043b \u0430\u0446\u0435\u0442\u0430\u0442) 6 \u043c\u0433, \u0442\u0430\u0443\u0440\u0438\u043d 500 \u043c\u0433.\" data-crosslingual-hint=\"\" data-location=\"2\" data-enable-toggle-playback-speed=\"true\" data-results-count=\"1\" data-result-index=\"1\">\n<div class=\"m0Qfkd\">\n<div class=\"VfPpkd-Bz112c-Jh9lGc\">Proizvo\u0111a\u010d: Monge &amp; C. S.p.a. Via Savigliano, Italy<br \/>\nZemlja porekla: Italija (EU)<\/div>\n<\/div>\n<\/div>\n<\/div>\n<\/div>\n<\/div>\n<\/div>\n<\/div>\n<\/div>\n<\/div>\n\n    <div class=\"xs_social_share_widget xs_share_url after_content \t\tmain_content  wslu-style-1 wslu-share-box-shaped wslu-fill-colored wslu-none wslu-share-horizontal wslu-theme-font-no wslu-main_content\">\n\n\t\t\n        <ul>\n\t\t\t        <\/ul>\n    <\/div>","protected":false},"excerpt":{"rendered":"<p>Monge Natural Superpremium Mini Adult Monoprotein Salmon With Rice je kompletna hrana za odrasle pse mini veli\u010dine.<\/p>","protected":false},"featured_media":18086,"comment_status":"open","ping_status":"closed","template":"","meta":{"_acf_changed":false},"pwb-brand":[672,688],"product_cat":[47,48,49],"product_tag":[],"class_list":{"0":"post-17715","1":"product","2":"type-product","3":"status-publish","4":"has-post-thumbnail","6":"pwb-brand-monge","7":"pwb-brand-monge-hrana-za-pse","8":"product_cat-psi","9":"product_cat-hrana-za-pse","10":"product_cat-granule-za-pse","12":"first","13":"instock","14":"taxable","15":"shipping-taxable","16":"purchasable","17":"product-type-variable","18":"has-default-attributes"},"acf":[],"brands":[{"id":672,"name":"Monge","slug":"monge"},{"id":688,"name":"Monge Dog Food","slug":"monge-hrana-za-pse"}],"_links":{"self":[{"href":"https:\/\/pawz.rs\/en\/wp-json\/wp\/v2\/product\/17715","targetHints":{"allow":["GET"]}}],"collection":[{"href":"https:\/\/pawz.rs\/en\/wp-json\/wp\/v2\/product"}],"about":[{"href":"https:\/\/pawz.rs\/en\/wp-json\/wp\/v2\/types\/product"}],"replies":[{"embeddable":true,"href":"https:\/\/pawz.rs\/en\/wp-json\/wp\/v2\/comments?post=17715"}],"wp:featuredmedia":[{"embeddable":true,"href":"https:\/\/pawz.rs\/en\/wp-json\/wp\/v2\/media\/18086"}],"wp:attachment":[{"href":"https:\/\/pawz.rs\/en\/wp-json\/wp\/v2\/media?parent=17715"}],"wp:term":[{"taxonomy":"pwb-brand","embeddable":true,"href":"https:\/\/pawz.rs\/en\/wp-json\/wp\/v2\/pwb-brand?post=17715"},{"taxonomy":"product_cat","embeddable":true,"href":"https:\/\/pawz.rs\/en\/wp-json\/wp\/v2\/product_cat?post=17715"},{"taxonomy":"product_tag","embeddable":true,"href":"https:\/\/pawz.rs\/en\/wp-json\/wp\/v2\/product_tag?post=17715"}],"curies":[{"name":"wp","href":"https:\/\/api.w.org\/{rel}","templated":true}]}}