{"id":17731,"date":"2023-08-10T09:50:44","date_gmt":"2023-08-10T07:50:44","guid":{"rendered":"https:\/\/pawz.rs\/?post_type=product&#038;p=17731"},"modified":"2026-02-12T21:02:56","modified_gmt":"2026-02-12T20:02:56","slug":"monge-natural-superpremium-dog-all-breeds-puppy-and-junior-lamb-with-rice","status":"publish","type":"product","link":"https:\/\/pawz.rs\/en\/monge-natural-superpremium-dog-all-breeds-puppy-and-junior-lamb-with-rice\/","title":{"rendered":"Monge Natural Superpremium Dog All Breeds Puppy And Junior Lamb With Rice"},"content":{"rendered":"<p><strong>Monge Natural Superpremium Dog All Breeds Puppy And Junior Lamb With Rice<\/strong><\/p>\n<p>Monge Natural Superpremium Dog All Breeds Puppy And Junior Lamb With Rice je kompletna hrana za kuc\u0301ne ljubimce za \u0161tence svih veli\u010dina.<\/p>\n<p>Specijalno razvijen za dobrobit va\u0161eg psa od strane istra\u017eivanja vrhunskih hranljivih materija.<\/p>\n<p>Prvi sastojak je jagnjetina, a formulaciju karakteri\u0161e njena svarljivost i ukus zbog uklju\u010divanja sve\u017eeg mesa.<\/p>\n<p>Recept je tako\u0111e pobolj\u0161an sa sledec\u0301om generacijom KSOS (ksilo-oligosaharida), koji su prebiotici koji podr\u017eavaju zdravlje creva.<\/p>\n<p>\u0160tavi\u0161e, formulacija sadr\u017ei glukozamin i hondroitin sulfat koji podr\u017eavaju razvoj artikulacije i uravnote\u017een odnos kalcijum\/fosfor za pravilan rast kostiju i zglobova \u0161teneta.<\/p>\n<p>Bez dodatih boja i ve\u0161ta\u010dkih konzervansa.<\/p>\n<p><strong>Sastav:<\/strong><br \/>\nJagnjetina (su\u0161eno 30%, sve\u017ee meso 10%), pirina\u010d (15%), kukuruz, \u017eivotinjska mast (pilec\u0301e ulje pre\u010di\u0161c\u0301eno na 99,5%), proteini krompira, su\u0161ena pulpa cvekle, pivski kvasac, hidrolizovani \u017eivotinjski proteini (jetra), zob, su\u0161ena jaja, minerali, proizvodi kvasca (manano-oligosaharidi MOS 1%), ksilo-oligosaharidi (KSOS 0,3%), iucca schidigera (0,3%), bra\u0161no od algi (spirulina \u2013 Arthrospira platensis 0,3%), proizvodi od prerade biljaka ( koren Echinacea purpurea 0,2%, Origanum Vulgare 0,1%), su\u0161eni beli luk (0,2%), glukozamin (0,057%), hondroitin sulfat (0,04%)<\/p>\n<p><strong>Analytical composition:<\/strong><br \/>\nSirovi proteini: 30%, Sirova vlakna: 2%, Sirova mast: 18%, Sirovi pepeo: 7%, Kalcijum: 1,6%,<br \/>\nFosfor: 1,1%, Kalcijum\/fosfor = 1,4, Omega-3 masne kiseline: 0,5%, Omega-6 masnih kiselina: 5,2%.<\/p>\n<p><strong>Energetska vrednost:<\/strong> 4,200 kcal\/kg<\/p>\n<p><strong>Hranljivi sastojci:<\/strong><br \/>\nVitamin A (retinil acetat) 30.700 IU, vitamin D3 1.610 IU, vitamin E (all-rac-alfa-tokoferil-acetat) 72 mg, selen (natrijum selenit 0.4 mg) 0.2 mg, mangan (mangan sulfat) monohidrat 90 mg , Cink (cink oksid 170 mg) 136 mg, Bakar (Bakar (II) sulfat pentahidrat 46 mg) 11,7 mg, Gvo\u017e\u0111e (Gvo\u017e\u0111e (II) sulfat monohidrat 296 mg) 97,5 mg, Jod (Kalcijum jodat 4 mg, anhidrovani) 12. -karnitin: 135 mg, DLMetionin (tehni\u010dki \u010dist): 1,400 mg.<\/p>\n<p><strong>Tehnolo\u0161ki aditivi:<\/strong><br \/>\nAntioksidansi: ekstrakti tokoferola iz biljnih ulja.<\/p>\n<p><strong>Senzorni dodaci:<\/strong><br \/>\nEkstrakt kestena (Castanea sativa) 20 mg\/kg, Ekstrakt arti\u010doke (Cinara scolimus L.) 300 mg\/kg.<\/p>\n<p><strong>Uputstvo za upotrebu:<\/strong><br \/>\nPreporu\u010deni dnevni unos hrane (vidi tabelu) mo\u017ee se podeliti na 3 dnevna obroka.<\/p>\n<p>Pojedina\u010dne potrebe za ishranom mogu varirati u zavisnosti od veli\u010dine, starosti i nivoa aktivnosti \u017eivotinje.<\/p>\n<p>Kada ovaj proizvod zamenjuje drugu vrstu hrane i\/ili ishranu, savetuje se da se uvodi postepeno tokom perioda od najmanje jedne nedelje.<\/p>\n<p>Nije za ljudsku upotrebu.<\/p>\n<p>Poslu\u017eiti hranu uz dostupnu sve\u017eu vodu.<br \/>\nFor your pet&#039;s health, consult a veterinarian regularly.<\/p>\n<div class=\"ccvoYb EjH7wc\">\n<div class=\"AxqVh\">\n<div class=\"OPPzxe\">\n<div class=\"QcsUad BDJ8fb BLojaf sMVRZe wneUed\">\n<div class=\"usGWQd\">\n<div class=\"KkbLmb\">\n<div class=\"VO9ucd\">\n<div class=\"aJIq1d\" data-language-code=\"sr\" data-language-name=\"srpski\" data-text=\"\u0412\u0438\u0442\u0430\u043c\u0438\u043d \u0410 (\u0440\u0435\u0442\u0438\u043d\u0438\u043b \u0430\u0446\u0435\u0442\u0430\u0442) 3000 \u0418\u0423, \u0432\u0438\u0442\u0430\u043c\u0438\u043d \u04143 150 \u0418\u0423, \u0432\u0438\u0442\u0430\u043c\u0438\u043d \u0415 (\u0430\u043b\u043b-\u0440\u0430\u0446-\u0430\u043b\u0444\u0430-\u0442\u043e\u043a\u043e\u0444\u0435\u0440\u0438\u043b \u0430\u0446\u0435\u0442\u0430\u0442) 6 \u043c\u0433, \u0442\u0430\u0443\u0440\u0438\u043d 500 \u043c\u0433.\" data-crosslingual-hint=\"\" data-location=\"2\" data-enable-toggle-playback-speed=\"true\" data-results-count=\"1\" data-result-index=\"1\">\n<div class=\"m0Qfkd\">\n<div class=\"VfPpkd-Bz112c-Jh9lGc\">Proizvo\u0111a\u010d: Monge &amp; C. S.p.a. Via Savigliano, Italy<br \/>\nZemlja porekla: Italija (EU)<\/div>\n<\/div>\n<\/div>\n<\/div>\n<\/div>\n<\/div>\n<\/div>\n<\/div>\n<\/div>\n<\/div>\n\n    <div class=\"xs_social_share_widget xs_share_url after_content \t\tmain_content  wslu-style-1 wslu-share-box-shaped wslu-fill-colored wslu-none wslu-share-horizontal wslu-theme-font-no wslu-main_content\">\n\n\t\t\n        <ul>\n\t\t\t        <\/ul>\n    <\/div>","protected":false},"excerpt":{"rendered":"<p>Monge Natural Superpremium Dog All Breeds Puppy And Junior Lamb With Rice je kompletna hrana za kuc\u0301ne ljubimce za \u0161tence svih veli\u010dina, ukus jagnjetine<\/p>","protected":false},"featured_media":17922,"comment_status":"open","ping_status":"closed","template":"","meta":{"_acf_changed":false},"pwb-brand":[672,688],"product_cat":[47,48,49],"product_tag":[],"class_list":{"0":"post-17731","1":"product","2":"type-product","3":"status-publish","4":"has-post-thumbnail","6":"pwb-brand-monge","7":"pwb-brand-monge-hrana-za-pse","8":"product_cat-psi","9":"product_cat-hrana-za-pse","10":"product_cat-granule-za-pse","12":"first","13":"instock","14":"taxable","15":"shipping-taxable","16":"purchasable","17":"product-type-variable","18":"has-default-attributes"},"acf":[],"brands":[{"id":672,"name":"Monge","slug":"monge"},{"id":688,"name":"Monge Dog Food","slug":"monge-hrana-za-pse"}],"_links":{"self":[{"href":"https:\/\/pawz.rs\/en\/wp-json\/wp\/v2\/product\/17731","targetHints":{"allow":["GET"]}}],"collection":[{"href":"https:\/\/pawz.rs\/en\/wp-json\/wp\/v2\/product"}],"about":[{"href":"https:\/\/pawz.rs\/en\/wp-json\/wp\/v2\/types\/product"}],"replies":[{"embeddable":true,"href":"https:\/\/pawz.rs\/en\/wp-json\/wp\/v2\/comments?post=17731"}],"wp:featuredmedia":[{"embeddable":true,"href":"https:\/\/pawz.rs\/en\/wp-json\/wp\/v2\/media\/17922"}],"wp:attachment":[{"href":"https:\/\/pawz.rs\/en\/wp-json\/wp\/v2\/media?parent=17731"}],"wp:term":[{"taxonomy":"pwb-brand","embeddable":true,"href":"https:\/\/pawz.rs\/en\/wp-json\/wp\/v2\/pwb-brand?post=17731"},{"taxonomy":"product_cat","embeddable":true,"href":"https:\/\/pawz.rs\/en\/wp-json\/wp\/v2\/product_cat?post=17731"},{"taxonomy":"product_tag","embeddable":true,"href":"https:\/\/pawz.rs\/en\/wp-json\/wp\/v2\/product_tag?post=17731"}],"curies":[{"name":"wp","href":"https:\/\/api.w.org\/{rel}","templated":true}]}}