{"id":17754,"date":"2023-07-27T12:09:59","date_gmt":"2023-07-27T10:09:59","guid":{"rendered":"https:\/\/pawz.rs\/?post_type=product&#038;p=17754"},"modified":"2026-02-12T21:14:06","modified_gmt":"2026-02-12T20:14:06","slug":"monge-natural-superpremium-dog-all-breeds-adult-monoprotein-duck-with-rice-and-potatoes","status":"publish","type":"product","link":"https:\/\/pawz.rs\/en\/monge-natural-superpremium-dog-all-breeds-adult-monoprotein-duck-with-rice-and-potatoes\/","title":{"rendered":"Monge Natural Superpremium Dog All Breeds Adult Monoprotein Duck With Rice And Potatoes"},"content":{"rendered":"<p><strong>Monge Natural Superpremium Dog All Breeds Adult Monoprotein Duck With Rice And Potatoes<\/strong><\/p>\n<p>Monge Natural Superpremium Dog All Breeds Adult Monoprotein* Duck With Rice And Potatoes je kompletna hrana za kuc\u0301ne ljubimce za odrasle pse svih veli\u010dina.<\/p>\n<p>Specijalno razvijen za dobrobit va\u0161eg psa od strane istra\u017eivanja vrhunskih hranljivih materija.<\/p>\n<p>Proizvod formulisan sa jednim izvorom \u017eivotinjskih proteina*, prvi sastojak je patka, a karakteri\u0161e ga svarljivost i ukus zbog uklju\u010divanja sve\u017eeg mesa.<\/p>\n<p>Recept je tako\u0111e pobolj\u0161an sa sledec\u0301om generacijom KSOS (ksilo-oligosaharida), koji su prebiotici za odr\u017eavanje crevnog zdravlja, kao i sa sastojcima i ekstraktima povrc\u0301a, kao \u0161to su koren ehinacee, origano, beli luk i ekstrakt arti\u010doke.<\/p>\n<p>\u0160tavi\u0161e, formulacija sadr\u017ei L-karnitin za odr\u017eavanje \u010diste mase.<\/p>\n<p>Bez dodatih boja i ve\u0161ta\u010dkih konzervansa.<\/p>\n<p><strong>Sastav:<br \/>\n<\/strong>Pa\u010detina (su\u0161eno 30%, sve\u017ee meso 10%), pirina\u010d (15%), proteini krompira (5%), kukuruz, su\u0161ena pulpa cvekle, pivski kvasac, hidrolizovani \u017eivotinjski proteini (jetra), \u017eivotinjska mast (pa\u010dje ulje pre\u010di\u0161c\u0301eno na 99,5%) ), minerali, proizvodi kvasca (manano-oligosaharidi MOS 1%), ksilo-oligosaharidi (KSOS 0,3%), iucca schidigera (0,3%), bra\u0161no od algi (spirulina \u2013 Arthrospira platensis 0,3%), proizvodi od prerade biljaka (koren Echinacea purpurea 0,2%, Origanum Vulgare 0,1%), su\u0161eni beli luk (0,2%), glukozamin, hondroitin sulfat.<\/p>\n<p><strong>Analytical composition:<br \/>\n<\/strong>Sirovi proteini: 25%, Sirova vlakna: 2,5%, Sirova mast: 16%, Sirovi pepeo: 7%, Kalcijum: 1,7%, Fosfor: 1,1%, Omega-3 masne kiseline: 0,5%, Omega-6 masne kiseline: 3,5 %<\/p>\n<p><strong>Energetska vrednost:<\/strong> 4,100 kcal\/kg<\/p>\n<p><strong>Hranljivi sastojci:<br \/>\n<\/strong>Vitamin A (retinil acetat) 30.770 IU, vitamin D3 1.610 IU, vitamin E (sve-rakalfa-tokoferil-acetat) 72 mg, selen (natrijum selenit 0,4 mg) 0,2 mg, mangan (mangan sulfat monohidrat 30 mg, cink 92 mg) (Cink oksid 174 mg) 140 mg, Bakar (Bakar (II) sulfat pentahidrat 47 mg) 12 mg, Gvo\u017e\u0111e (II) sulfat monohidrat 304 mg) 100 mg, Jod (Kalcijum jodat anhidrovani 2,4 mg, L-1,6 mg) karnitin: 100 mg, DL-metionin (tehni\u010dki \u010dist) 1.500 mg.<\/p>\n<p><strong>Tehnolo\u0161ki aditivi:<\/strong><br \/>\nAntioksidansi: ekstrakti tokoferola iz biljnih ulja.<\/p>\n<p><strong>Senzorni dodaci:<\/strong><br \/>\nEkstrakt kestena (Castanea sativa) 20 mg\/kg, Ekstrakt arti\u010doke (Cinara scolimus L.) 300 mg\/kg.<\/p>\n<p><strong>Uputstvo za upotrebu:<\/strong><br \/>\nPreporu\u010deni dnevni unos hrane (vidi tabelu) mo\u017ee se podeliti na 2 dnevna obroka.<\/p>\n<p>Pojedina\u010dne potrebe za ishranom mogu varirati u zavisnosti od veli\u010dine, starosti i nivoa aktivnosti \u017eivotinje.<\/p>\n<p>Kada ovaj proizvod zamenjuje drugu vrstu hrane i\/ili ishranu, savetuje se da se uvodi postepeno tokom perioda od najmanje jedne nedelje.<\/p>\n<p>*Mo\u017ee da sadr\u017ei tragove drugih izvora proteina<\/p>\n<p>Nije za ljudsku upotrebu.<\/p>\n<p>Poslu\u017eiti hranu uz dostupnu sve\u017eu vodu.<br \/>\nFor your pet&#039;s health, consult a veterinarian regularly.<\/p>\n<div class=\"ccvoYb EjH7wc\">\n<div class=\"AxqVh\">\n<div class=\"OPPzxe\">\n<div class=\"QcsUad BDJ8fb BLojaf sMVRZe wneUed\">\n<div class=\"usGWQd\">\n<div class=\"KkbLmb\">\n<div class=\"VO9ucd\">\n<div class=\"aJIq1d\" data-language-code=\"sr\" data-language-name=\"srpski\" data-text=\"\u0412\u0438\u0442\u0430\u043c\u0438\u043d \u0410 (\u0440\u0435\u0442\u0438\u043d\u0438\u043b \u0430\u0446\u0435\u0442\u0430\u0442) 3000 \u0418\u0423, \u0432\u0438\u0442\u0430\u043c\u0438\u043d \u04143 150 \u0418\u0423, \u0432\u0438\u0442\u0430\u043c\u0438\u043d \u0415 (\u0430\u043b\u043b-\u0440\u0430\u0446-\u0430\u043b\u0444\u0430-\u0442\u043e\u043a\u043e\u0444\u0435\u0440\u0438\u043b \u0430\u0446\u0435\u0442\u0430\u0442) 6 \u043c\u0433, \u0442\u0430\u0443\u0440\u0438\u043d 500 \u043c\u0433.\" data-crosslingual-hint=\"\" data-location=\"2\" data-enable-toggle-playback-speed=\"true\" data-results-count=\"1\" data-result-index=\"1\">\n<div class=\"m0Qfkd\">\n<div class=\"VfPpkd-Bz112c-Jh9lGc\">Proizvo\u0111a\u010d: Monge &amp; C. S.p.a. Via Savigliano, Italy<br \/>\nZemlja porekla: Italija (EU)<\/div>\n<\/div>\n<\/div>\n<\/div>\n<\/div>\n<\/div>\n<\/div>\n<\/div>\n<\/div>\n<\/div>\n\n    <div class=\"xs_social_share_widget xs_share_url after_content \t\tmain_content  wslu-style-1 wslu-share-box-shaped wslu-fill-colored wslu-none wslu-share-horizontal wslu-theme-font-no wslu-main_content\">\n\n\t\t\n        <ul>\n\t\t\t        <\/ul>\n    <\/div>","protected":false},"excerpt":{"rendered":"<p>Monge Natural Superpremium Dog All Breeds Adult Monoprotein* Duck With Rice And Potatoes je kompletna hrana za kuc\u0301ne ljubimce za odrasle pse svih veli\u010dina sa ukusom pa\u010detine<\/p>","protected":false},"featured_media":17914,"comment_status":"open","ping_status":"closed","template":"","meta":{"_acf_changed":false},"pwb-brand":[672,688],"product_cat":[49,48,47],"product_tag":[],"class_list":{"0":"post-17754","1":"product","2":"type-product","3":"status-publish","4":"has-post-thumbnail","6":"pwb-brand-monge","7":"pwb-brand-monge-hrana-za-pse","8":"product_cat-granule-za-pse","9":"product_cat-hrana-za-pse","10":"product_cat-psi","12":"first","13":"instock","14":"taxable","15":"shipping-taxable","16":"purchasable","17":"product-type-variable","18":"has-default-attributes"},"acf":[],"brands":[{"id":672,"name":"Monge","slug":"monge"},{"id":688,"name":"Monge Dog Food","slug":"monge-hrana-za-pse"}],"_links":{"self":[{"href":"https:\/\/pawz.rs\/en\/wp-json\/wp\/v2\/product\/17754","targetHints":{"allow":["GET"]}}],"collection":[{"href":"https:\/\/pawz.rs\/en\/wp-json\/wp\/v2\/product"}],"about":[{"href":"https:\/\/pawz.rs\/en\/wp-json\/wp\/v2\/types\/product"}],"replies":[{"embeddable":true,"href":"https:\/\/pawz.rs\/en\/wp-json\/wp\/v2\/comments?post=17754"}],"wp:featuredmedia":[{"embeddable":true,"href":"https:\/\/pawz.rs\/en\/wp-json\/wp\/v2\/media\/17914"}],"wp:attachment":[{"href":"https:\/\/pawz.rs\/en\/wp-json\/wp\/v2\/media?parent=17754"}],"wp:term":[{"taxonomy":"pwb-brand","embeddable":true,"href":"https:\/\/pawz.rs\/en\/wp-json\/wp\/v2\/pwb-brand?post=17754"},{"taxonomy":"product_cat","embeddable":true,"href":"https:\/\/pawz.rs\/en\/wp-json\/wp\/v2\/product_cat?post=17754"},{"taxonomy":"product_tag","embeddable":true,"href":"https:\/\/pawz.rs\/en\/wp-json\/wp\/v2\/product_tag?post=17754"}],"curies":[{"name":"wp","href":"https:\/\/api.w.org\/{rel}","templated":true}]}}