{"id":17769,"date":"2023-07-27T12:55:47","date_gmt":"2023-07-27T10:55:47","guid":{"rendered":"https:\/\/pawz.rs\/?post_type=product&#038;p=17769"},"modified":"2026-02-12T21:14:16","modified_gmt":"2026-02-12T20:14:16","slug":"monge-natural-superpremium-dog-all-breeds-adult-hypo-salmon-with-tuna","status":"publish","type":"product","link":"https:\/\/pawz.rs\/en\/monge-natural-superpremium-dog-all-breeds-adult-hypo-salmon-with-tuna\/","title":{"rendered":"Monge Natural Superpremium Dog All Breeds Adult Hypo Salmon With Tuna"},"content":{"rendered":"<p><strong>Monge Natural Superpremium Dog All Breeds Adult Hypo Salmon With Tuna<\/strong><\/p>\n<p>Monge Natural Superpremium Dog All Breeds Adult Hypo Salmon With Tuna je kompletna dijetetska hrana za odrasle pse svih veli\u010dina.<\/p>\n<p>Formulisana za smanjenje intolerancije na sastojke i hranljive materije sa odabranim izvorom ugljenih hidrata (pirina\u010d).<\/p>\n<p>Dobrobit va\u0161eg psa je zagarantovana zahvaljujuc\u0301i veoma visokokvalitetnim hranljivim sastojcima, koji su rezultat istra\u017eivanja.<\/p>\n<p>Bogat ribom i ksilo-oligosaharidima (KSOS), poslednja generacija prebiotika za dobrobit creva.<\/p>\n<p>Formulaciju karakteri\u0161u esencijalne masne kiseline koje podr\u017eavaju ko\u017eu i dlaku.<\/p>\n<p><strong>Sastav:<br \/>\n<\/strong>Pirina\u010d (58%), losos (su\u0161eni 10% i sve\u017e 8%), tunjevina (su\u0161ena 10%), pivski kvasac, biljno ulje (rafinisano kukuruzno ulje), riblje ulje (lososovo ulje pre\u010di\u0161c\u0301eno na 99,5%), su\u0161ena pulpa cvekle , minerali, ksilo-oligosaharid (KSOS 0,3%), Iucca schidigera, proizvodi kvasca (izvor mannano-oligo-saharida-MOS), hondroitin sulfat, glukozamin.<\/p>\n<p>Odabrani izvor ugljenih hidrata: pirina\u010d.<\/p>\n<p><strong>Analytical composition:<br \/>\n<\/strong>Sirovi proteini: 24%, Sirova vlakna: 2,0%, Sirova mast: 12%, Sirovi pepeo: 6,5%, Kalcijum: 1,4%, Fosfor: 1,1%, Omega-6 masne kiseline: 3,6%, Omega-3 masne kiseline : 0,9%<\/p>\n<p><strong>Energetska vrednost:<\/strong> 3,940 kcal\/kg<\/p>\n<p><strong>Hranljivi sastojci:<br \/>\n<\/strong>Vitamin A (retinil acetat) 35.000 IU, vitamin D3 1.850 IU, vitamin E (sve-rac-alfa-tokoferil-acetat) 80 mg, holin hlorid 3.600 mg, mangan (mangan sulfat monohidrat 99 mg) 32 mg, cink oksid ( 187 mg) 150 mg, bakar (bakar (II) sulfat pentahidrat 50 mg) 12 mg, gvo\u017e\u0111e (gvo\u017e\u0111e (II) sulfat monohidrat 326 mg) 107 mg, selen (natrijum selenit 0,4 mg) 0,2 mg, jod (kalcijum 2 i hidrat). mg) 1,7 mg, L-karnitin: 100 mg.<\/p>\n<p><strong>Tehnolo\u0161ki aditivi:<\/strong><br \/>\nAntioksidansi: ekstrakti tokoferola iz biljnih ulja<\/p>\n<p><strong>Uputstvo za upotrebu:<br \/>\n<\/strong>Preporu\u010duje se da se pre upotrebe i pre produ\u017eenja perioda upotrebe zatra\u017ei mi\u0161ljenje veterinara.<\/p>\n<p>Preporu\u010deno trajanje: 3 do 8 nedelja. Ako znaci intolerancije nestanu, ova hrana se mo\u017ee koristiti u po\u010detku do godinu dana.<\/p>\n<p>Preporu\u010deni dnevni unos hrane (vidi tabelu) mo\u017ee se podeliti na 2 dnevna obroka.<\/p>\n<p>Pojedina\u010dne potrebe za ishranom mogu varirati u zavisnosti od veli\u010dine, starosti i nivoa aktivnosti \u017eivotinje.<\/p>\n<p>Ovo je samo smernica i mo\u017eda c\u0301e biti potrebno da se prilagodi kako bi se odr\u017ealo optimalno stanje tela.<\/p>\n<div class=\"UdTY9 BwTYAc WdefRb\" aria-hidden=\"true\" data-location=\"2\">\n<div class=\"kO6q6e\">Pre\u0111ite na novu hranu u periodu od 1 nedelje.<\/div>\n<\/div>\n<p>Nije za ljudsku upotrebu.<\/p>\n<p>Poslu\u017eiti hranu uz dostupnu sve\u017eu vodu.<br \/>\nFor your pet&#039;s health, consult a veterinarian regularly.<\/p>\n<div class=\"ccvoYb EjH7wc\">\n<div class=\"AxqVh\">\n<div class=\"OPPzxe\">\n<div class=\"QcsUad BDJ8fb BLojaf sMVRZe wneUed\">\n<div class=\"usGWQd\">\n<div class=\"KkbLmb\">\n<div class=\"VO9ucd\">\n<div class=\"aJIq1d\" data-language-code=\"sr\" data-language-name=\"srpski\" data-text=\"\u0412\u0438\u0442\u0430\u043c\u0438\u043d \u0410 (\u0440\u0435\u0442\u0438\u043d\u0438\u043b \u0430\u0446\u0435\u0442\u0430\u0442) 3000 \u0418\u0423, \u0432\u0438\u0442\u0430\u043c\u0438\u043d \u04143 150 \u0418\u0423, \u0432\u0438\u0442\u0430\u043c\u0438\u043d \u0415 (\u0430\u043b\u043b-\u0440\u0430\u0446-\u0430\u043b\u0444\u0430-\u0442\u043e\u043a\u043e\u0444\u0435\u0440\u0438\u043b \u0430\u0446\u0435\u0442\u0430\u0442) 6 \u043c\u0433, \u0442\u0430\u0443\u0440\u0438\u043d 500 \u043c\u0433.\" data-crosslingual-hint=\"\" data-location=\"2\" data-enable-toggle-playback-speed=\"true\" data-results-count=\"1\" data-result-index=\"1\">\n<div class=\"m0Qfkd\">\n<div class=\"VfPpkd-Bz112c-Jh9lGc\">Proizvo\u0111a\u010d: Monge &amp; C. S.p.a. Via Savigliano, Italy<br \/>\nZemlja porekla: Italija (EU)<\/div>\n<\/div>\n<\/div>\n<\/div>\n<\/div>\n<\/div>\n<\/div>\n<\/div>\n<\/div>\n<\/div>\n\n    <div class=\"xs_social_share_widget xs_share_url after_content \t\tmain_content  wslu-style-1 wslu-share-box-shaped wslu-fill-colored wslu-none wslu-share-horizontal wslu-theme-font-no wslu-main_content\">\n\n\t\t\n        <ul>\n\t\t\t        <\/ul>\n    <\/div>","protected":false},"excerpt":{"rendered":"<p>Monge Natural Superpremium Dog All Breeds Adult Hypo Salmon With Tuna je kompletna dijetetska hrana za odrasle pse svih veli\u010dina.<\/p>","protected":false},"featured_media":17921,"comment_status":"open","ping_status":"closed","template":"","meta":{"_acf_changed":false},"pwb-brand":[672,688],"product_cat":[47,48,49],"product_tag":[],"class_list":{"0":"post-17769","1":"product","2":"type-product","3":"status-publish","4":"has-post-thumbnail","6":"pwb-brand-monge","7":"pwb-brand-monge-hrana-za-pse","8":"product_cat-psi","9":"product_cat-hrana-za-pse","10":"product_cat-granule-za-pse","12":"first","13":"instock","14":"taxable","15":"shipping-taxable","16":"purchasable","17":"product-type-variable","18":"has-default-attributes"},"acf":[],"brands":[{"id":672,"name":"Monge","slug":"monge"},{"id":688,"name":"Monge Dog Food","slug":"monge-hrana-za-pse"}],"_links":{"self":[{"href":"https:\/\/pawz.rs\/en\/wp-json\/wp\/v2\/product\/17769","targetHints":{"allow":["GET"]}}],"collection":[{"href":"https:\/\/pawz.rs\/en\/wp-json\/wp\/v2\/product"}],"about":[{"href":"https:\/\/pawz.rs\/en\/wp-json\/wp\/v2\/types\/product"}],"replies":[{"embeddable":true,"href":"https:\/\/pawz.rs\/en\/wp-json\/wp\/v2\/comments?post=17769"}],"wp:featuredmedia":[{"embeddable":true,"href":"https:\/\/pawz.rs\/en\/wp-json\/wp\/v2\/media\/17921"}],"wp:attachment":[{"href":"https:\/\/pawz.rs\/en\/wp-json\/wp\/v2\/media?parent=17769"}],"wp:term":[{"taxonomy":"pwb-brand","embeddable":true,"href":"https:\/\/pawz.rs\/en\/wp-json\/wp\/v2\/pwb-brand?post=17769"},{"taxonomy":"product_cat","embeddable":true,"href":"https:\/\/pawz.rs\/en\/wp-json\/wp\/v2\/product_cat?post=17769"},{"taxonomy":"product_tag","embeddable":true,"href":"https:\/\/pawz.rs\/en\/wp-json\/wp\/v2\/product_tag?post=17769"}],"curies":[{"name":"wp","href":"https:\/\/api.w.org\/{rel}","templated":true}]}}