{"id":17795,"date":"2023-07-28T09:03:24","date_gmt":"2023-07-28T07:03:24","guid":{"rendered":"https:\/\/pawz.rs\/?post_type=product&#038;p=17795"},"modified":"2026-02-12T21:14:16","modified_gmt":"2026-02-12T20:14:16","slug":"monge-natural-superpremium-cat-sterilised-monoprotein-trout","status":"publish","type":"product","link":"https:\/\/pawz.rs\/en\/monge-natural-superpremium-cat-sterilised-monoprotein-trout\/","title":{"rendered":"Monge Natural Superpremium Cat Sterilised Monoprotein Trout"},"content":{"rendered":"<p><strong>Monge Natural Superpremium Cat Sterilised Monoprotein Trout<\/strong><\/p>\n<p>Monge Natural Superpremium Cat Sterilised Monoprotein Trout je kompletna hrana za kuc\u0301ne ljubimce za odrasle sterilisane ma\u010dke.<\/p>\n<p>Formulisan za dobrobit va\u0161e sterilisane ma\u010dke zahvaljujuc\u0301i niskom sadr\u017eaju masti** kako bi pomogao u odr\u017eavanju idealne telesne te\u017eine.<\/p>\n<p>*Formulisan sa jedinstvenim izvorom \u017eivotinjskih proteina (pastrmka), obogac\u0301enim ksilo-oligosaharidima (KSOS), prebioticima, koji odr\u017eavaju zdravlje creva.<\/p>\n<p>Uklju\u010divanje funkcionalnih sastojaka kao \u0161to su \u0161ipak, sa antioksidativnim dejstvom, i juka \u0161idigera, za kontrolu arome fekalija, promovi\u0161u kvalitet \u017eivota na\u0161ih ma\u010daka.<\/p>\n<p>Bez dodatih boja i ve\u0161ta\u010dkih konzervansa.<\/p>\n<p>**U pore\u0111enju sa standardnim proizvodom (Monge Natural Superpremium odrasla ma\u010dka bogata piletinom)<\/p>\n<p><strong>Sastav:<\/strong><br \/>\nSu\u0161ena pastrmka (26%), p\u0161enica, kukuruzni gluten, \u017eivotinjska mast (pilec\u0301e ulje pre\u010di\u0161c\u0301eno na 99,5%), hidrolizovani \u017eivotinjski proteini (jetra), riblje ulje (lososovo ulje pre\u010di\u0161c\u0301eno na 99,5%), gra\u0161ka vlakna, ksilo-oligosaharid (KSOS 0,3 %), minerali, juka schidigera (0,1%), proizvodi od prerade bilja (\u0161ipak 0,1%).<\/p>\n<p><strong>Analytical composition:<\/strong><br \/>\nSirovi proteini 37%, Sirova vlakna 3%, Sirova mast 12%, Sirovi pepeo 5,5%, Kalcijum 0,6%, Fosfor 0,5%, Magnezijum 0,07%, Natrijum 0,1%, Omega-3 masne kiseline: 0,3%, Omega-6 masne kiseline : 3,0%<\/p>\n<p><strong>Energetska vrednost:<\/strong> 3,980 kcal\/kg<\/p>\n<p><strong>Hranljivi sastojci:<\/strong><br \/>\nVitamin A (retinil acetat): 30.700 IU\/kg, Vitamin D3: 1.620 IU\/kg, Vitamin E (all-rac-alfa tokoferil acetat): 72 mg\/kg, selen (natrijum selenit 0.4 mg\/kg): 0.2 mg\/ kg, mangan (mangan sulfat monohidrat 103 mg\/kg): 33 mg\/kg, cink (cink oksid 196 mg\/kg): 157 mg\/kg, bakar (Bakar (II) sulfat pentahidrat 53 mg\/kg): 13 mg\/ kg, gvo\u017e\u0111e (gvo\u017e\u0111e (II) sulfat monohidrat 342 mg\/kg): 112 mg\/kg, jod (bezvodni kalcijum jodat 2,7 mg\/kg): 1,8 mg\/kg, L-karnitin: 500 mg\/kg, DL-metionin tehni\u010dki \u010dist: 1.000 mg\/kg, taurin: 1.200 mg\/kg.<\/p>\n<p><strong>Tehnolo\u0161ki aditivi:<\/strong><br \/>\nEkstrakti tokoferola iz biljnih ulja.<\/p>\n<p><strong>Uputstvo za upotrebu:<\/strong><br \/>\nPreporu\u010deni dnevni unos hrane (vidi tabelu) mo\u017ee se podeliti na 2 dnevna obroka.<\/p>\n<p>Pojedina\u010dne potrebe za ishranom mogu varirati u zavisnosti od veli\u010dine, starosti i nivoa aktivnosti \u017eivotinje.<\/p>\n<p>Kada ovaj proizvod zamenjuje drugu vrstu hrane i\/ili ishranu, savetuje se da se uvodi postepeno tokom perioda od najmanje jedne nedelje.<\/p>\n<p>*Mo\u017ee da sadr\u017ei tragove drugih izvora proteina.<\/p>\n<p>Nije za ljudsku upotrebu.<\/p>\n<p>Poslu\u017eiti hranu uz dostupnu sve\u017eu vodu.<br \/>\nFor your pet&#039;s health, consult a veterinarian regularly.<\/p>\n<div class=\"ccvoYb EjH7wc\">\n<div class=\"AxqVh\">\n<div class=\"OPPzxe\">\n<div class=\"QcsUad BDJ8fb BLojaf sMVRZe wneUed\">\n<div class=\"usGWQd\">\n<div class=\"KkbLmb\">\n<div class=\"VO9ucd\">\n<div class=\"aJIq1d\" data-language-code=\"sr\" data-language-name=\"srpski\" data-text=\"\u0412\u0438\u0442\u0430\u043c\u0438\u043d \u0410 (\u0440\u0435\u0442\u0438\u043d\u0438\u043b \u0430\u0446\u0435\u0442\u0430\u0442) 3000 \u0418\u0423, \u0432\u0438\u0442\u0430\u043c\u0438\u043d \u04143 150 \u0418\u0423, \u0432\u0438\u0442\u0430\u043c\u0438\u043d \u0415 (\u0430\u043b\u043b-\u0440\u0430\u0446-\u0430\u043b\u0444\u0430-\u0442\u043e\u043a\u043e\u0444\u0435\u0440\u0438\u043b \u0430\u0446\u0435\u0442\u0430\u0442) 6 \u043c\u0433, \u0442\u0430\u0443\u0440\u0438\u043d 500 \u043c\u0433.\" data-crosslingual-hint=\"\" data-location=\"2\" data-enable-toggle-playback-speed=\"true\" data-results-count=\"1\" data-result-index=\"1\">\n<div class=\"m0Qfkd\">\n<div class=\"VfPpkd-Bz112c-Jh9lGc\">Proizvo\u0111a\u010d: Monge &amp; C. S.p.a. Via Savigliano, Italy<br \/>\nZemlja porekla: Italija (EU)<\/div>\n<\/div>\n<\/div>\n<\/div>\n<\/div>\n<\/div>\n<\/div>\n<\/div>\n<\/div>\n<\/div>\n\n    <div class=\"xs_social_share_widget xs_share_url after_content \t\tmain_content  wslu-style-1 wslu-share-box-shaped wslu-fill-colored wslu-none wslu-share-horizontal wslu-theme-font-no wslu-main_content\">\n\n\t\t\n        <ul>\n\t\t\t        <\/ul>\n    <\/div>","protected":false},"excerpt":{"rendered":"<p>Monge Natural Superpremium Cat Sterilised Monoprotein Trout je kompletna hrana za kuc\u0301ne ljubimce za odrasle sterilisane ma\u010dke.<\/p>","protected":false},"featured_media":18176,"comment_status":"open","ping_status":"closed","template":"","meta":{"_acf_changed":false,"_aa_vp_cena":"","_aa_online_cena":""},"pwb-brand":[672,689],"product_cat":[149,21,23],"product_tag":[],"class_list":{"0":"post-17795","1":"product","2":"type-product","3":"status-publish","4":"has-post-thumbnail","6":"pwb-brand-monge","7":"pwb-brand-monge-hrana-za-macke","8":"product_cat-granule-za-macke","9":"product_cat-hrana-za-macke","10":"product_cat-macke","12":"first","13":"instock","14":"taxable","15":"shipping-taxable","16":"purchasable","17":"product-type-variable","18":"has-default-attributes"},"acf":[],"brands":[{"id":672,"name":"Monge","slug":"monge"},{"id":689,"name":"Monge Cat Food","slug":"monge-hrana-za-macke"}],"_links":{"self":[{"href":"https:\/\/pawz.rs\/en\/wp-json\/wp\/v2\/product\/17795","targetHints":{"allow":["GET"]}}],"collection":[{"href":"https:\/\/pawz.rs\/en\/wp-json\/wp\/v2\/product"}],"about":[{"href":"https:\/\/pawz.rs\/en\/wp-json\/wp\/v2\/types\/product"}],"replies":[{"embeddable":true,"href":"https:\/\/pawz.rs\/en\/wp-json\/wp\/v2\/comments?post=17795"}],"wp:featuredmedia":[{"embeddable":true,"href":"https:\/\/pawz.rs\/en\/wp-json\/wp\/v2\/media\/18176"}],"wp:attachment":[{"href":"https:\/\/pawz.rs\/en\/wp-json\/wp\/v2\/media?parent=17795"}],"wp:term":[{"taxonomy":"pwb-brand","embeddable":true,"href":"https:\/\/pawz.rs\/en\/wp-json\/wp\/v2\/pwb-brand?post=17795"},{"taxonomy":"product_cat","embeddable":true,"href":"https:\/\/pawz.rs\/en\/wp-json\/wp\/v2\/product_cat?post=17795"},{"taxonomy":"product_tag","embeddable":true,"href":"https:\/\/pawz.rs\/en\/wp-json\/wp\/v2\/product_tag?post=17795"}],"curies":[{"name":"wp","href":"https:\/\/api.w.org\/{rel}","templated":true}]}}