{"id":17812,"date":"2023-07-29T11:22:45","date_gmt":"2023-07-29T09:22:45","guid":{"rendered":"https:\/\/pawz.rs\/?post_type=product&#038;p=17812"},"modified":"2026-02-12T21:03:06","modified_gmt":"2026-02-12T20:03:06","slug":"monge-natural-superpremium-cat-sterilised","status":"publish","type":"product","link":"https:\/\/pawz.rs\/en\/monge-natural-superpremium-cat-sterilised\/","title":{"rendered":"Monge Natural Superpremium Cat Sterilised"},"content":{"rendered":"<p><strong>Monge Natural Superpremium Cat Adult Sterilised\u00a0<\/strong><\/p>\n<p>Monge Natural Superpremium Cat Sterilised je potpuna hrana za odrasle sterilisane ma\u010dke.<\/p>\n<p>Formulisan sa piletinom kao glavnim sastojkom i sa lososovim uljem, bogatim izvorom omega-3 masnih kiselina, za meko i sjajno krzno.<\/p>\n<p>Formulacija je obogac\u0301ena KSOS (ksilo-oligosaharidi) i MOS (manan-oligosaharidi), prebioticima koji promovi\u0161u zdravlje creva.<\/p>\n<p>Formulacija ima nizak sadr\u017eaj masti* koji poma\u017ee u odr\u017eavanju idealne telesne te\u017eine i bogata je vlaknima* kako bi se ograni\u010dila energetska gustina proizvoda.<\/p>\n<p>Bez dodatih boja i ve\u0161ta\u010dkih konzervansa.<\/p>\n<p>*U pore\u0111enju sa standardnim proizvodom (Monge Natural Superpremium Adult Cat Rich in Chicken).<\/p>\n<p><strong>Sastav:<\/strong><br \/>\nPiletina (26% dehidrirano meso, 10% sve\u017ee), p\u0161enica, kukuruzni gluten, kukuruz, hidrolizovani \u017eivotinjski protein (jetra), \u017eivotinjska mast (pilec\u0301e ulje pre\u010di\u0161c\u0301eno do 99,5%), vlakna gra\u0161ka (3%), suvo jaje, riba (su\u0161ena) losos), riblje ulje 2% (lososovo ulje pre\u010di\u0161c\u0301eno do 99,5%), minerali, proizvodi kvasca (mano-oligo-saharidi MOS 1%), ksilo-oligosaharidi (KSOS 0,3%), proizvodi od prerade bilja (\u0161ipak 0,1%) %), Iucca schidigera (0,1%).<\/p>\n<p><strong>Analytical composition:<\/strong><br \/>\nSirovi proteini: 35%, Sirova vlakna: 5%, Sirove masti: 10%, Sirovi pepeo: 6,0%, Kalcijum: 1,2%, Fosfor: 1%, Magnezijum: 0,08%, Natrijum: 0,2%, Omega-3 masne kiseline: 0,4%,Omega-6 masne kiseline: 3,6%<\/p>\n<p><strong>Energetska vrednost:\u00a0<\/strong>3,590 kcal\/kg<\/p>\n<p><strong>Hranljivi sastojci:<\/strong><br \/>\nVitamin A (retinil acetat) 26.000 IU\/kg, vitamin D3 1.830 IU\/kg, vitamin E (all-rac-alfa-tokoferil-acetat) 130 mg\/kg, selen (natrijum selenit 0.2 mg\/kg) 0.09 mg\/kg, Mangan (mangan sulfat monohidrat 32 mg\/kg) 10,4 mg\/kg, cink (cinkov oksid 150 mg\/kg): 120,4 mg\/kg, bakar (bakar (II) sulfat pentahidrat 13 mg\/kg) 3,3 mg\/kg, gvo\u017e\u0111e ( Gvo\u017e\u0111e (II) sulfat monohidrat 110 mg\/kg) 39,2 mg\/kg, jod (kalcijum jodat bezvodni 1,8 mg\/kg) 1,17 mg\/kg; L-karnitin 700 mg\/kg; tehni\u010dki \u010dist DL-metionin: 2.500 mg\/kg, taurin 2.400 mg\/kg.<\/p>\n<p><strong>Tehnolo\u0161ki aditivi:<\/strong><br \/>\nAntioksidansi: ekstrakti tokoferola iz biljnih ulja.<\/p>\n<p><strong>Uputstvo za upotrebu:<\/strong><br \/>\nDnevni unos se mo\u017ee prilagoditi veli\u010dini ma\u010dke, fizi\u010dkoj aktivnosti i uslovima \u017eivota.<\/p>\n<p>Preporu\u010dene dnevne doze navedene u tabeli mogu se podeliti na 2 obroka.<\/p>\n<p>Kada ovaj proizvod zamenjuje drugu vrstu hrane i\/ili ishranu, preporu\u010dljivo je da ga uvodite postepeno tokom perioda od najmanje 1 nedelje.<\/p>\n<p>Nije za ljudsku upotrebu.<\/p>\n<p>Poslu\u017eiti hranu uz dostupnu sve\u017eu vodu.<br \/>\nFor your pet&#039;s health, consult a veterinarian regularly.<\/p>\n<div class=\"ccvoYb EjH7wc\">\n<div class=\"AxqVh\">\n<div class=\"OPPzxe\">\n<div class=\"QcsUad BDJ8fb BLojaf sMVRZe wneUed\">\n<div class=\"usGWQd\">\n<div class=\"KkbLmb\">\n<div class=\"VO9ucd\">\n<div class=\"aJIq1d\" data-language-code=\"sr\" data-language-name=\"srpski\" data-text=\"\u0412\u0438\u0442\u0430\u043c\u0438\u043d \u0410 (\u0440\u0435\u0442\u0438\u043d\u0438\u043b \u0430\u0446\u0435\u0442\u0430\u0442) 3000 \u0418\u0423, \u0432\u0438\u0442\u0430\u043c\u0438\u043d \u04143 150 \u0418\u0423, \u0432\u0438\u0442\u0430\u043c\u0438\u043d \u0415 (\u0430\u043b\u043b-\u0440\u0430\u0446-\u0430\u043b\u0444\u0430-\u0442\u043e\u043a\u043e\u0444\u0435\u0440\u0438\u043b \u0430\u0446\u0435\u0442\u0430\u0442) 6 \u043c\u0433, \u0442\u0430\u0443\u0440\u0438\u043d 500 \u043c\u0433.\" data-crosslingual-hint=\"\" data-location=\"2\" data-enable-toggle-playback-speed=\"true\" data-results-count=\"1\" data-result-index=\"1\">\n<div class=\"m0Qfkd\">\n<div class=\"VfPpkd-Bz112c-Jh9lGc\">Proizvo\u0111a\u010d: Monge &amp; C. S.p.a. Via Savigliano, Italy<br \/>\nZemlja porekla: Italija (EU)<\/div>\n<\/div>\n<\/div>\n<\/div>\n<\/div>\n<\/div>\n<\/div>\n<\/div>\n<\/div>\n<\/div>\n\n    <div class=\"xs_social_share_widget xs_share_url after_content \t\tmain_content  wslu-style-1 wslu-share-box-shaped wslu-fill-colored wslu-none wslu-share-horizontal wslu-theme-font-no wslu-main_content\">\n\n\t\t\n        <ul>\n\t\t\t        <\/ul>\n    <\/div>","protected":false},"excerpt":{"rendered":"<p>Monge Natural Superpremium Cat Sterilised je potpuna hrana za odrasle sterilisane ma\u010dke.<\/p>","protected":false},"featured_media":18171,"comment_status":"open","ping_status":"closed","template":"","meta":{"_acf_changed":false},"pwb-brand":[672,689],"product_cat":[23,21,149],"product_tag":[],"class_list":{"0":"post-17812","1":"product","2":"type-product","3":"status-publish","4":"has-post-thumbnail","6":"pwb-brand-monge","7":"pwb-brand-monge-hrana-za-macke","8":"product_cat-macke","9":"product_cat-hrana-za-macke","10":"product_cat-granule-za-macke","12":"first","13":"instock","14":"taxable","15":"shipping-taxable","16":"purchasable","17":"product-type-variable","18":"has-default-attributes"},"acf":[],"brands":[{"id":672,"name":"Monge","slug":"monge"},{"id":689,"name":"Monge Cat Food","slug":"monge-hrana-za-macke"}],"_links":{"self":[{"href":"https:\/\/pawz.rs\/en\/wp-json\/wp\/v2\/product\/17812","targetHints":{"allow":["GET"]}}],"collection":[{"href":"https:\/\/pawz.rs\/en\/wp-json\/wp\/v2\/product"}],"about":[{"href":"https:\/\/pawz.rs\/en\/wp-json\/wp\/v2\/types\/product"}],"replies":[{"embeddable":true,"href":"https:\/\/pawz.rs\/en\/wp-json\/wp\/v2\/comments?post=17812"}],"wp:featuredmedia":[{"embeddable":true,"href":"https:\/\/pawz.rs\/en\/wp-json\/wp\/v2\/media\/18171"}],"wp:attachment":[{"href":"https:\/\/pawz.rs\/en\/wp-json\/wp\/v2\/media?parent=17812"}],"wp:term":[{"taxonomy":"pwb-brand","embeddable":true,"href":"https:\/\/pawz.rs\/en\/wp-json\/wp\/v2\/pwb-brand?post=17812"},{"taxonomy":"product_cat","embeddable":true,"href":"https:\/\/pawz.rs\/en\/wp-json\/wp\/v2\/product_cat?post=17812"},{"taxonomy":"product_tag","embeddable":true,"href":"https:\/\/pawz.rs\/en\/wp-json\/wp\/v2\/product_tag?post=17812"}],"curies":[{"name":"wp","href":"https:\/\/api.w.org\/{rel}","templated":true}]}}