{"id":17816,"date":"2023-07-29T11:32:10","date_gmt":"2023-07-29T09:32:10","guid":{"rendered":"https:\/\/pawz.rs\/?post_type=product&#038;p=17816"},"modified":"2026-02-12T21:03:15","modified_gmt":"2026-02-12T20:03:15","slug":"monge-natural-superpremium-cat-urinary","status":"publish","type":"product","link":"https:\/\/pawz.rs\/en\/monge-natural-superpremium-cat-urinary\/","title":{"rendered":"Monge Natural Superpremium Cat Urinary"},"content":{"rendered":"<p><strong>Monge Natural Superpremium Cat Urinary<\/strong><\/p>\n<p>Monge Natural Superpremium Cat Urinary je kompletna dijetetska hrana za odrasle ma\u010dke.<\/p>\n<p>Posebno je prilago\u0111ena ma\u010dkama sklonim problemima urinarnog trakta i problemima nastalim usled pojave mokra\u0107nog kamenca.<\/p>\n<p>Formulaciju karakteri\u0161u svojstva kiselosti urina i umeren nivo magnezijuma (Mg).<\/p>\n<p>Glavni \u017eivotinjski sastojak je piletina, a formulaciju karakteri\u0161e njena svarljivost i ukus zbog uklju\u010divanja sve\u017eeg mesa.<\/p>\n<p>Formulacija je obogac\u0301ena KSOS (ksilo-oligosaharidima), prebioticima sledec\u0301e generacije koji podr\u017eavaju zdravlje creva.<\/p>\n<p>Uklju\u010divanje odabranih sastojaka, kao \u0161to je iucca schidigera za ograni\u010davanje crevnih mirisa, rezultat je istra\u017eivanja kako bi se podr\u017eao kvalitet \u017eivota na\u0161e ma\u010dke.<\/p>\n<p>Bez dodatih boja i ve\u0161ta\u010dkih konzervansa.<\/p>\n<p><strong>Sastav:<\/strong><br \/>\nPirina\u010d, kukuruzni gluten, piletina (su\u0161eno 18%, sve\u017ee meso 5%), riba (su\u0161eni losos), \u017eivotinjska mast (pilec\u0301e ulje pre\u010di\u0161c\u0301eno na 99,5%), ovas, hidrolizovani \u017eivotinjski proteini (jetra), su\u0161eni gra\u0161ak, su\u0161ena jaja, riba ulje (lososovo ulje 1%), minerali, proizvodi od kvasca (manano-oligosaharidi MOS 1%), ksilo-oligosaharidi (KSOS 0,3%), iucca schidigera (0,1%).<\/p>\n<p><strong>Analytical composition:<\/strong><br \/>\nSirovi proteini: 31%, Sirova vlakna: 2,5%, Sirova mast: 16%, Sirovi pepeo: 5%, Kalcijum: 0,8%, Fosfor: 0,8%, Natrijum: 0,2%, Magnezijum: 0,06%, Kalijum: 1,2%, hlorid : 1,9%, Sumpor: 0,16%, Omega 3 masne kiseline 0,4%, Omega 6 masne kiseline 4,5%.<\/p>\n<p>Supstance koje zakiseljuju urin: amonijum hlorid 0,2%, kalijum hlorid 0,4%.<\/p>\n<p><strong>Energetska vrednost: <\/strong>4,200 kcal\/kg<\/p>\n<p><strong>Hranljivi sastojci:<\/strong><br \/>\nVitamin A (retinil acetat) 32.300 IU, vitamin D3 1.690 IU, vitamin E (allrac-alfa-tokoferil-acetat) 75 mg, selen (natrijum selenit 0.27 mg) 0.12 mg, mangan (mangan sulfat mg) cink monohidrat 198 mg (Cink oksid 109 mg) 87,5 mg, Bakar (Bakar (II) sulfat pentahidrat 29 mg) 7,5 mg, Gvo\u017e\u0111e (Gvo\u017e\u0111e (II) sulfat monohidrat 190 mg) 62,5 mg, Jod (Kalcijum jodat bezvodni 1,5 mg ) 1 mg, L-karnitin 1.000 mg, DL-metionin (tehni\u010dki \u010dist) 1.000 mg, taurin 1.100 mg.<\/p>\n<p><strong>Tehnolo\u0161ki aditivi:<\/strong><br \/>\nEkstrakti tokoferola iz biljnih ulja.<\/p>\n<p><strong>Uputstvo za upotrebu:<\/strong><br \/>\nPreporu\u010duje se da se pre upotrebe i pre produ\u017eenja perioda upotrebe zatra\u017ei savet veterinara.<\/p>\n<p>Preporu\u010deno trajanje u po\u010detku do 6 meseci.<\/p>\n<p>Preporu\u010deni dnevni unos hrane (vidi tabelu) mo\u017ee se podeliti na 2 dnevna obroka.<\/p>\n<p>Pojedina\u010dne potrebe za ishranom mogu varirati u zavisnosti od veli\u010dine, starosti i nivoa aktivnosti \u017eivotinje.<\/p>\n<p>Kada ovaj proizvod zamenjuje drugu vrstu hrane i\/ili ishranu, preporu\u010dljivo je da ga uvodite postepeno tokom perioda od najmanje 1 nedelje.<\/p>\n<p>Nije za ljudsku upotrebu.<\/p>\n<p>Poslu\u017eiti hranu uz dostupnu sve\u017eu vodu.<br \/>\nFor your pet&#039;s health, consult a veterinarian regularly.<\/p>\n<div class=\"ccvoYb EjH7wc\">\n<div class=\"AxqVh\">\n<div class=\"OPPzxe\">\n<div class=\"QcsUad BDJ8fb BLojaf sMVRZe wneUed\">\n<div class=\"usGWQd\">\n<div class=\"KkbLmb\">\n<div class=\"VO9ucd\">\n<div class=\"aJIq1d\" data-language-code=\"sr\" data-language-name=\"srpski\" data-text=\"\u0412\u0438\u0442\u0430\u043c\u0438\u043d \u0410 (\u0440\u0435\u0442\u0438\u043d\u0438\u043b \u0430\u0446\u0435\u0442\u0430\u0442) 3000 \u0418\u0423, \u0432\u0438\u0442\u0430\u043c\u0438\u043d \u04143 150 \u0418\u0423, \u0432\u0438\u0442\u0430\u043c\u0438\u043d \u0415 (\u0430\u043b\u043b-\u0440\u0430\u0446-\u0430\u043b\u0444\u0430-\u0442\u043e\u043a\u043e\u0444\u0435\u0440\u0438\u043b \u0430\u0446\u0435\u0442\u0430\u0442) 6 \u043c\u0433, \u0442\u0430\u0443\u0440\u0438\u043d 500 \u043c\u0433.\" data-crosslingual-hint=\"\" data-location=\"2\" data-enable-toggle-playback-speed=\"true\" data-results-count=\"1\" data-result-index=\"1\">\n<div class=\"m0Qfkd\">\n<div class=\"VfPpkd-Bz112c-Jh9lGc\">Proizvo\u0111a\u010d: Monge &amp; C. S.p.a. Via Savigliano, Italy<br \/>\nZemlja porekla: Italija (EU)<\/div>\n<\/div>\n<\/div>\n<\/div>\n<\/div>\n<\/div>\n<\/div>\n<\/div>\n<\/div>\n<\/div>\n\n    <div class=\"xs_social_share_widget xs_share_url after_content \t\tmain_content  wslu-style-1 wslu-share-box-shaped wslu-fill-colored wslu-none wslu-share-horizontal wslu-theme-font-no wslu-main_content\">\n\n\t\t\n        <ul>\n\t\t\t        <\/ul>\n    <\/div>","protected":false},"excerpt":{"rendered":"<p>Monge Natural Superpremium Cat Urinary je kompletna dijetetska hrana za odrasle ma\u010dke.<\/p>","protected":false},"featured_media":18107,"comment_status":"open","ping_status":"closed","template":"","meta":{"_acf_changed":false},"pwb-brand":[672,689],"product_cat":[23,21,149],"product_tag":[],"class_list":{"0":"post-17816","1":"product","2":"type-product","3":"status-publish","4":"has-post-thumbnail","6":"pwb-brand-monge","7":"pwb-brand-monge-hrana-za-macke","8":"product_cat-macke","9":"product_cat-hrana-za-macke","10":"product_cat-granule-za-macke","12":"first","13":"instock","14":"taxable","15":"shipping-taxable","16":"purchasable","17":"product-type-variable","18":"has-default-attributes"},"acf":[],"brands":[{"id":672,"name":"Monge","slug":"monge"},{"id":689,"name":"Monge Cat Food","slug":"monge-hrana-za-macke"}],"_links":{"self":[{"href":"https:\/\/pawz.rs\/en\/wp-json\/wp\/v2\/product\/17816","targetHints":{"allow":["GET"]}}],"collection":[{"href":"https:\/\/pawz.rs\/en\/wp-json\/wp\/v2\/product"}],"about":[{"href":"https:\/\/pawz.rs\/en\/wp-json\/wp\/v2\/types\/product"}],"replies":[{"embeddable":true,"href":"https:\/\/pawz.rs\/en\/wp-json\/wp\/v2\/comments?post=17816"}],"wp:featuredmedia":[{"embeddable":true,"href":"https:\/\/pawz.rs\/en\/wp-json\/wp\/v2\/media\/18107"}],"wp:attachment":[{"href":"https:\/\/pawz.rs\/en\/wp-json\/wp\/v2\/media?parent=17816"}],"wp:term":[{"taxonomy":"pwb-brand","embeddable":true,"href":"https:\/\/pawz.rs\/en\/wp-json\/wp\/v2\/pwb-brand?post=17816"},{"taxonomy":"product_cat","embeddable":true,"href":"https:\/\/pawz.rs\/en\/wp-json\/wp\/v2\/product_cat?post=17816"},{"taxonomy":"product_tag","embeddable":true,"href":"https:\/\/pawz.rs\/en\/wp-json\/wp\/v2\/product_tag?post=17816"}],"curies":[{"name":"wp","href":"https:\/\/api.w.org\/{rel}","templated":true}]}}