{"id":18423,"date":"2023-09-02T13:53:44","date_gmt":"2023-09-02T11:53:44","guid":{"rendered":"https:\/\/pawz.rs\/?post_type=product&#038;p=18423"},"modified":"2026-04-14T21:56:25","modified_gmt":"2026-04-14T19:56:25","slug":"josera-mini-10-kg","status":"publish","type":"product","link":"https:\/\/pawz.rs\/en\/josera-mini-10-kg\/","title":{"rendered":"Josera Mini 10 kg"},"content":{"rendered":"<p><strong>Josera Mini 10 kg<\/strong><\/p>\n<p>Josera Mini je hrana namenjena odraslim psima malih rasa i veli\u010dina.<\/p>\n<p>Sadr\u017ei odabrane sastojke pogodne za zdravu ko\u017eu i sjajnu dlaku.<\/p>\n<ul>\n<li>Sadr\u017ei pa\u010dje meso (idealno za pse sa osetljivim stomakom).<\/li>\n<li>78% proteina \u017eivotinjskog porekla.<\/li>\n<li>Sadr\u017ei mleveni koren cikorije (prirodan izvor inulina).<\/li>\n<li>Sitna granula prilago\u0111ena malim psima.<\/li>\n<li>Bez glutena.<\/li>\n<li>Bez dodavanja soje, \u0161ec\u0301era ili mle\u010dnih proizvoda.<\/li>\n<li>Bez ve\u0161ta\u010dkih boja, aroma i konzervansa.<\/li>\n<\/ul>\n<p><strong>Sastav:<\/strong><br \/>\nIntegralni kukuruz,su\u0161eni protein piletine, pirina\u010d, vlakna cvekle, \u017eivinska mast, su\u0161eni protein patke, hidrolizovani \u017eivotinjski protein, minerali, kvasac, cikorija u prahu, su\u0161eno meso novozelandske zelenousne dagnje (Perna canaliculus).<\/p>\n<p><strong>Analytical composition:<\/strong><br \/>\nSirovi proteini: 26%, masti: 11%, sirova vlakna: 2,5%, sirovi pepeo: 6,7%, kalcijum: 1,50%, fosfor: 1%, natrijum: 0,4o%, taurin: 1000 mg.<\/p>\n<p><strong>Hranljivi sastojci:<\/strong><br \/>\nVitamin A: 24 ooo i.u., vitamin D3: 1800 i.u., vitamin E: 220 mg, vitamin B1: 15 mg, vitamin B2: 20 mg, vitamin B6: 20 mg, vitamin B12: 100 mcg, pantotenska kiselina: 50 mg, niacin: 90 mg, folna kiselina: 5 mg, biotin: 1000 mcg, L-karnitin: 200 mg, gvo\u017e\u0111e: 200 mg (gvo\u017e\u0111e sulfat, monohidrat), cink: 160 mg (glicin-cink-helat, hidrat), mangan: 16 mg (mangan oksid), bakar: 20 mg (glicin-bakar-helat, hidrat), jod: 2 mg (kalcijum jodat), selen: 0,25 mg (natrijum selenit).<\/p>\n<p><strong>Tehnolo\u0161ki dodaci:\u00a0<\/strong><br \/>\nAntioksidans: ekstrakt tokoferola prirodnog porekla<\/p>\n<p><strong>Uputstvo za upotrebu:<\/strong><br \/>\nVidi tabelu. Koli\u010dine koje su nazna\u010dene slu\u017ee kao smernice i moraju se prilagoditi nutritivnom statusu i aktivnostima va\u0161eg ljubimca.<\/p>\n<p>Serve food in dry form with available fresh water.<br \/>\nFor your pet&#039;s health, consult a veterinarian regularly.<\/p>\n<p>\u010cuvati na tamnom, hladnom i suvom mestu.<\/p>\n<p>Proizvo\u0111a\u010d: Josera petfood GmbH<br \/>\nCountry of origin: Germany<\/p>\n\n    <div class=\"xs_social_share_widget xs_share_url after_content \t\tmain_content  wslu-style-1 wslu-share-box-shaped wslu-fill-colored wslu-none wslu-share-horizontal wslu-theme-font-no wslu-main_content\">\n\n\t\t\n        <ul>\n\t\t\t        <\/ul>\n    <\/div>","protected":false},"excerpt":{"rendered":"<p>Josera Mini je hrana namenjena odraslim psima malih rasa i veli\u010dina.<\/p>","protected":false},"featured_media":18424,"comment_status":"open","ping_status":"closed","template":"","meta":{"_acf_changed":false},"pwb-brand":[300],"product_cat":[47,48,49],"product_tag":[1237],"class_list":{"0":"post-18423","1":"product","2":"type-product","3":"status-publish","4":"has-post-thumbnail","6":"pwb-brand-josera-hrana-za-pse","7":"product_cat-psi","8":"product_cat-hrana-za-pse","9":"product_cat-granule-za-pse","10":"product_tag-bump-psi","12":"first","13":"instock","14":"taxable","15":"shipping-taxable","16":"purchasable","17":"product-type-simple"},"acf":[],"brands":[{"id":300,"name":"josera Dog Food","slug":"josera-hrana-za-pse"}],"_links":{"self":[{"href":"https:\/\/pawz.rs\/en\/wp-json\/wp\/v2\/product\/18423","targetHints":{"allow":["GET"]}}],"collection":[{"href":"https:\/\/pawz.rs\/en\/wp-json\/wp\/v2\/product"}],"about":[{"href":"https:\/\/pawz.rs\/en\/wp-json\/wp\/v2\/types\/product"}],"replies":[{"embeddable":true,"href":"https:\/\/pawz.rs\/en\/wp-json\/wp\/v2\/comments?post=18423"}],"wp:featuredmedia":[{"embeddable":true,"href":"https:\/\/pawz.rs\/en\/wp-json\/wp\/v2\/media\/18424"}],"wp:attachment":[{"href":"https:\/\/pawz.rs\/en\/wp-json\/wp\/v2\/media?parent=18423"}],"wp:term":[{"taxonomy":"pwb-brand","embeddable":true,"href":"https:\/\/pawz.rs\/en\/wp-json\/wp\/v2\/pwb-brand?post=18423"},{"taxonomy":"product_cat","embeddable":true,"href":"https:\/\/pawz.rs\/en\/wp-json\/wp\/v2\/product_cat?post=18423"},{"taxonomy":"product_tag","embeddable":true,"href":"https:\/\/pawz.rs\/en\/wp-json\/wp\/v2\/product_tag?post=18423"}],"curies":[{"name":"wp","href":"https:\/\/api.w.org\/{rel}","templated":true}]}}