{"id":18428,"date":"2023-08-30T17:49:10","date_gmt":"2023-08-30T15:49:10","guid":{"rendered":"https:\/\/pawz.rs\/?post_type=product&#038;p=18428"},"modified":"2026-04-28T09:43:54","modified_gmt":"2026-04-28T07:43:54","slug":"josera-regular-18-kg","status":"publish","type":"product","link":"https:\/\/pawz.rs\/en\/josera-regular-18-kg\/","title":{"rendered":"Josera Regular 18 kg"},"content":{"rendered":"<p><strong>Josera Regular 18 kg<\/strong><\/p>\n<p>Josera Regular je hrana za srednje aktivne odrasle pse. Idealna je hrana za pse sa normalnim, blago pove\u0107anim energetskim potrebama.<\/p>\n<ul>\n<li>80% proteina \u017eivotinjskog porekla.<\/li>\n<li>Sadr\u017ei protein novozelandske \u0161koljke (za zdrave zglobove).<\/li>\n<li>Bez glutena- lako svarljiva hrana.<\/li>\n<li>Pa\u017eljivo balansirana i sa svim va\u017enim nutrijentima.<\/li>\n<li>Bez dodavanja soje, \u0161ec\u0301era ili mle\u010dnih proizvoda.<\/li>\n<li>Bez ve\u0161ta\u010dkih boja, aroma i konzervansa.<\/li>\n<\/ul>\n<p><strong>Sastav:<\/strong><br \/>\nIntegralni kukuruz,su\u0161eni protein piletine, \u017eivinska mast, vlakna cvekle, meso- i ko\u0161tano bra\u0161no, hidrolizovani \u017eivotinjski protein, minerali, cikorija u prahu, su\u0161eno meso novozelandske zelenousne dagnje (Perna canaliculus).<\/p>\n<p><strong>Analytical composition:<\/strong><br \/>\nSirovi proteini: 25%, masti: 15%, sirova vlakna: 2,6%, sirovi pepeo: 8%, kalcijum: 2,10%, fosfor: 1,20%, natrijum: 0,45%, taurin: 1000 mg.<\/p>\n<p><strong>Hranljivi sastojci:<\/strong><br \/>\nVitamin A: 17 3oo i.u., vitamin D3: 1300 i.u., vitamin E: 150 mg, vitamin B1: 10 mg, vitamin B2: 15 mg, vitamin B6: 15 mg, vitamin B12: 70 mcg, pantotenska kiselina: 35 mg, niacin: 60 mg, folna kiselina: 4 mg, biotin: 650 mcg, L-karnitin: 200 mg, gvo\u017e\u0111e: 180 mg (gvo\u017e\u0111e sulfat, monohidrat), cink: 160 mg (glicin-cink-helat, hidrat), mangan: 16 mg (mangan oksid), bakar: 20 mg (glicin-bakar-helat, hidrat), jod: 2 mg (kalcijum jodat), selen: 0,25 mg (natrijum selenit).<\/p>\n<p><strong>Tehnolo\u0161ki dodaci:\u00a0<\/strong><br \/>\nAntioksidans: ekstrakt tokoferola prirodnog porekla<\/p>\n<p><strong>Uputstvo za upotrebu:<\/strong><br \/>\nVidi tabelu. Koli\u010dine koje su nazna\u010dene slu\u017ee kao smernice i moraju se prilagoditi nutritivnom statusu i aktivnostima va\u0161eg ljubimca.<\/p>\n<p>Serve food in dry form with available fresh water.<br \/>\nFor your pet&#039;s health, consult a veterinarian regularly.<\/p>\n<p>\u010cuvati na tamnom, hladnom i suvom mestu.<\/p>\n<p>Proizvo\u0111a\u010d: Josera petfood GmbH<br \/>\nCountry of origin: Germany<\/p>\n<p>&nbsp;<\/p>\n\n    <div class=\"xs_social_share_widget xs_share_url after_content \t\tmain_content  wslu-style-1 wslu-share-box-shaped wslu-fill-colored wslu-none wslu-share-horizontal wslu-theme-font-no wslu-main_content\">\n\n\t\t\n        <ul>\n\t\t\t        <\/ul>\n    <\/div>","protected":false},"excerpt":{"rendered":"<p>Josera Regular je hrana za srednje aktivne odrasle pse.<\/p>","protected":false},"featured_media":18425,"comment_status":"open","ping_status":"closed","template":"","meta":{"_acf_changed":false},"pwb-brand":[300],"product_cat":[49,48,47],"product_tag":[1237],"class_list":{"0":"post-18428","1":"product","2":"type-product","3":"status-publish","4":"has-post-thumbnail","6":"pwb-brand-josera-hrana-za-pse","7":"product_cat-granule-za-pse","8":"product_cat-hrana-za-pse","9":"product_cat-psi","10":"product_tag-bump-psi","12":"first","13":"outofstock","14":"taxable","15":"shipping-taxable","16":"purchasable","17":"product-type-simple"},"acf":[],"brands":[{"id":300,"name":"josera Dog Food","slug":"josera-hrana-za-pse"}],"_links":{"self":[{"href":"https:\/\/pawz.rs\/en\/wp-json\/wp\/v2\/product\/18428","targetHints":{"allow":["GET"]}}],"collection":[{"href":"https:\/\/pawz.rs\/en\/wp-json\/wp\/v2\/product"}],"about":[{"href":"https:\/\/pawz.rs\/en\/wp-json\/wp\/v2\/types\/product"}],"replies":[{"embeddable":true,"href":"https:\/\/pawz.rs\/en\/wp-json\/wp\/v2\/comments?post=18428"}],"wp:featuredmedia":[{"embeddable":true,"href":"https:\/\/pawz.rs\/en\/wp-json\/wp\/v2\/media\/18425"}],"wp:attachment":[{"href":"https:\/\/pawz.rs\/en\/wp-json\/wp\/v2\/media?parent=18428"}],"wp:term":[{"taxonomy":"pwb-brand","embeddable":true,"href":"https:\/\/pawz.rs\/en\/wp-json\/wp\/v2\/pwb-brand?post=18428"},{"taxonomy":"product_cat","embeddable":true,"href":"https:\/\/pawz.rs\/en\/wp-json\/wp\/v2\/product_cat?post=18428"},{"taxonomy":"product_tag","embeddable":true,"href":"https:\/\/pawz.rs\/en\/wp-json\/wp\/v2\/product_tag?post=18428"}],"curies":[{"name":"wp","href":"https:\/\/api.w.org\/{rel}","templated":true}]}}