{"id":18685,"date":"2023-11-02T13:18:29","date_gmt":"2023-11-02T12:18:29","guid":{"rendered":"https:\/\/pawz.rs\/?post_type=product&#038;p=18685"},"modified":"2025-02-08T11:51:06","modified_gmt":"2025-02-08T10:51:06","slug":"tauro-pro-line-ultra-natural-care-keratingloss-mask","status":"publish","type":"product","link":"https:\/\/pawz.rs\/en\/tauro-pro-line-ultra-natural-care-keratingloss-mask\/","title":{"rendered":"Tauro Pro Line Ultra Natural Care Keratin&#038;Gloss Mask"},"content":{"rendered":"<p><strong>Tauro Pro Line Ultra Natural Care<\/strong> <strong>Keratin&amp;Gloss Mask\u00a0<\/strong><\/p>\n<p>Maska\/Kondicioner sa\u010dinjen od sastojaka najvi\u0161eg kvaliteta i keratinom hrani i vla\u017ei ko\u017eu i dlaku ljubimaca iznutra.<\/p>\n<p><strong>3 Korak &#8211; fiksiranje &#8211; kondicioniranje dlake, fiksiranje rezultata i odr\u017eavanje vla\u017enosti dlake<\/strong><\/p>\n<p>Tre\u0107i korak dovodi do fiksiranja rezultata prethodna dva koraka.<\/p>\n<p>Tre\u0107i korak je poslednji u procesu.<\/p>\n<p>Maska ili kondicioner treba da budu odabrani na osnovu rezultata koji \u017eelite da postignete sa dlakom va\u0161eg ljubimca.<\/p>\n<p>Va\u017eno je uzeti u obzir tip dlake ljubimca i da li \u017eelite da postignete maksimalni volumen dlake i npr intenzivnu hidrataciju.<\/p>\n<p>Maska ili kondicioner \u0107e pa\u017eljivo zatvoriti vrhove dlake, pru\u017eiti za\u0161titu od nepovoljnih uticaja okolinei spremiti dlaku za su\u0161enje i \u010de\u0161ljanje.<\/p>\n<p>Zatvaranje folukula dlake je jako va\u017eno zato \u0161to, ako se to ne uradi, dlaka postaje \u010dupava a prljav\u0161tina se lak\u0161e lepi za nju.<\/p>\n<p>Tre\u0107i korak pru\u017ea dugotrajne rezultate.<\/p>\n<p><strong>Benefiti:<\/strong><\/p>\n<ul>\n<li>97% sastojaka su prirodnog porekla<\/li>\n<li>Ne sadr\u017ei SLS, parabene, mineralna ulja i silikone<\/li>\n<li>Pogodan za pse i ma\u010dke<\/li>\n<li>Pogodan za sve tipove dlake<\/li>\n<li>Napravljen u saradnji sa odgajiva\u010dima<\/li>\n<\/ul>\n<p><strong>Aktivni sastojci:<\/strong><\/p>\n<ul>\n<li>Glicerin &#8211; hidrira ko\u017eu i dlaku<\/li>\n<li>Keratin &#8211; obnavlja, dubinski vla\u017ei i hidrira dlaku i oja\u010dava je iznutra<\/li>\n<li>Pantenol &#8211; smiruje dlaku, olak\u0161ava ra\u0161\u0107e\u0161ljavanje i daje joj zdravi sjaj<\/li>\n<li>Ulje Jojobe &#8211; \u010dini ko\u017eu optimalno vla\u017enom, smanjuje crvenilo, \u0161titi ko\u017eu od \u0161tetnih uticaja okoline<\/li>\n<\/ul>\n<p>Maska oja\u010dava dlaku, dubinski vla\u017ei ko\u017eu i dlaku i daje joj sjaj.<\/p>\n<p>Zahvaljuju\u0107i jedinstvenom sastavu aktivnih supstanci struktura dlake je vla\u017ena, obnovljena i mek\u0161a a samim tim lak\u0161ka za \u010detkanje i oblikovanje.<\/p>\n<p>Zahvaljuju\u0107i ne\u017enoj formuli pogodan je za ljubimce sa osetljivom ko\u017eom i dlakom.<\/p>\n<p>Cela linija prizvoda je proizvedena koriste\u0107i &#8220;Zelenu energiju&#8221; i dolazi u pakovanju koje je lako za recikla\u017eu.<\/p>\n<p><strong>Sastav:<\/strong><br \/>\nVoda, Cetearil Alkohol, Glicerin, Behenamidopropil Dimethilamin, Behentrimonijum hlorid, Koko-Caprilat, Betain, Hidrolizovani Keratin, Ulje semena Simmondsia Chinensis, Tokoferil Acetat, Pantenol, Lakti\u010dka kiselina, Alantoin, Citri\u010dna kiselina, Izopropil Alkohol, Aroma, Fenoksetanol, Etilhexilglicerin.<\/p>\n<p><strong>Uputstvo za upotrebu:<br \/>\n<\/strong>Razbla\u017eite masku sa mlakom vodom u srazmeri 1:10 i ravnomerno utrljajte po celoj dlaci.<\/p>\n<p>Masirati 3 minuta i isprati mlakom vodom.<br \/>\n<strong>Upozorenje:<br \/>\n<\/strong>Samo za spolja\u0161nju upotrebu.<\/p>\n<p>Dr\u017eati dalje od doma\u0161aja dece.<\/p>\n<p>Proizvo\u0111a\u010d: AKVATERA LT, UAB; EU<br \/>\nZemlja porekla: Litvanija<\/p>\n\n    <div class=\"xs_social_share_widget xs_share_url after_content \t\tmain_content  wslu-style-1 wslu-share-box-shaped wslu-fill-colored wslu-none wslu-share-horizontal wslu-theme-font-no wslu-main_content\">\n\n\t\t\n        <ul>\n\t\t\t        <\/ul>\n    <\/div>","protected":false},"excerpt":{"rendered":"<p>Maska\/Kondicioner sa\u010dinjen od sastojaka najvi\u0161eg kvaliteta i keratinom hrani i vla\u017ei ko\u017eu i dlaku ljubimaca iznutra.<\/p>","protected":false},"featured_media":18748,"comment_status":"open","ping_status":"closed","template":"","meta":{"_acf_changed":false},"pwb-brand":[374],"product_cat":[344,80,47,104,368,389],"product_tag":[],"class_list":{"0":"post-18685","1":"product","2":"type-product","3":"status-publish","4":"has-post-thumbnail","6":"pwb-brand-tauro-pro-line","7":"product_cat-regeneratori-za-macke","8":"product_cat-higijena-nega-macaka","9":"product_cat-psi","10":"product_cat-higijena-i-nega-pasa","11":"product_cat-regeneratori-za-pse","12":"product_cat-higijenski-proizvodi-higijena-i-nega-pasa","14":"first","15":"instock","16":"taxable","17":"shipping-taxable","18":"purchasable","19":"product-type-variable","20":"has-default-attributes"},"acf":[],"brands":[{"id":374,"name":"Tauro Pro Line","slug":"tauro-pro-line"}],"_links":{"self":[{"href":"https:\/\/pawz.rs\/en\/wp-json\/wp\/v2\/product\/18685","targetHints":{"allow":["GET"]}}],"collection":[{"href":"https:\/\/pawz.rs\/en\/wp-json\/wp\/v2\/product"}],"about":[{"href":"https:\/\/pawz.rs\/en\/wp-json\/wp\/v2\/types\/product"}],"replies":[{"embeddable":true,"href":"https:\/\/pawz.rs\/en\/wp-json\/wp\/v2\/comments?post=18685"}],"wp:featuredmedia":[{"embeddable":true,"href":"https:\/\/pawz.rs\/en\/wp-json\/wp\/v2\/media\/18748"}],"wp:attachment":[{"href":"https:\/\/pawz.rs\/en\/wp-json\/wp\/v2\/media?parent=18685"}],"wp:term":[{"taxonomy":"pwb-brand","embeddable":true,"href":"https:\/\/pawz.rs\/en\/wp-json\/wp\/v2\/pwb-brand?post=18685"},{"taxonomy":"product_cat","embeddable":true,"href":"https:\/\/pawz.rs\/en\/wp-json\/wp\/v2\/product_cat?post=18685"},{"taxonomy":"product_tag","embeddable":true,"href":"https:\/\/pawz.rs\/en\/wp-json\/wp\/v2\/product_tag?post=18685"}],"curies":[{"name":"wp","href":"https:\/\/api.w.org\/{rel}","templated":true}]}}