{"id":18689,"date":"2023-11-02T13:18:28","date_gmt":"2023-11-02T12:18:28","guid":{"rendered":"https:\/\/pawz.rs\/?post_type=product&#038;p=18689"},"modified":"2024-02-25T10:59:52","modified_gmt":"2024-02-25T09:59:52","slug":"tauro-pro-line-ultra-natural-care-repairnourish-mask-1l","status":"publish","type":"product","link":"https:\/\/pawz.rs\/en\/tauro-pro-line-ultra-natural-care-repairnourish-mask-1l\/","title":{"rendered":"Tauro Pro Line Ultra Natural Care Repair&#038;Nourish Mask 1L"},"content":{"rendered":"<p><strong>Tauro Pro Line Ultra Natural Care Repair&amp;Nourish Mask 1L<\/strong><\/p>\n<p>Maska\/kondicioner sa\u010dinjen od sastojaka najvi\u0161eg kvaliteta oja\u010dava dlaku, dubinski vla\u017ei ko\u017eu i dlaku a dlaci daje sjaj.<\/p>\n<p><strong>3 Korak &#8211; fiksiranje &#8211; kondicioniranje dlake, fiksiranje rezultata i odr\u017eavanje vla\u017enosti dlake<\/strong><\/p>\n<p>Tre\u0107i korak dovodi do fiksiranja rezultata prethodna dva koraka.<\/p>\n<p>Tre\u0107i korak je poslednji u procesu.<\/p>\n<p>Maska ili kondicioner treba da budu odabrani na osnovu rezultata koji \u017eelite da postignete sa dlakom va\u0161eg ljubimca.<\/p>\n<p>Va\u017eno je uzeti u obzir tip dlake ljubimca i da li \u017eelite da postignete maksimalni volumen dlake i npr intenzivnu hidrataciju.<\/p>\n<p>Maska ili kondicioner \u0107e pa\u017eljivo zatvoriti vrhove dlake, pru\u017eiti za\u0161titu od nepovoljnih uticaja okolinei spremiti dlaku za su\u0161enje i \u010de\u0161ljanje.<\/p>\n<p>Zatvaranje folukula dlake je jako va\u017eno zato \u0161to, ako se to ne uradi, dlaka postaje \u010dupava a prljav\u0161tina se lak\u0161e lepi za nju.<\/p>\n<p>Tre\u0107i korak pru\u017ea dugotrajne rezultate.<\/p>\n<p><strong>Benefiti:<\/strong><\/p>\n<ul>\n<li>97% sastojaka su prirodnog porekla<\/li>\n<li>Ne sadr\u017ei SLS, parabene, mineralna ulja i silikone<\/li>\n<li>Pogodan za pse i ma\u010dke<\/li>\n<li>Pogodan za sve tipove dlake<\/li>\n<li>Napravljen u saradnji sa odgajiva\u010dima<\/li>\n<\/ul>\n<p><strong>Aktivni sastojci:<\/strong><\/p>\n<ul>\n<li>Ekstrakt avokada &#8211; obla\u017ee i obnavlja strukturu dlake, vla\u017ei ko\u017eu<\/li>\n<li>\u0160i puter &#8211; hrani ko\u017eu i dlaku i daje im vla\u017enost<\/li>\n<li>Hidrolizovana svila &#8211; \u0161titi od UV zra\u010denja, zagla\u0111uje dlaku \u010dine\u0107i je lak\u0161om za ra\u0161\u010de\u0161ljavanje<\/li>\n<li>Glicerin &#8211; hidrira ko\u017eu i dlaku<\/li>\n<\/ul>\n<p>Maska oja\u010dava dlaku, dubinski vla\u017ei ko\u017eu i dlaku i daje joj sjaj.<\/p>\n<p>Zahvaljuju\u0107i jedinstvenom sastavu aktivnih supstanci struktura dlake je vla\u017ena, obnovljena i mek\u0161a a samim tim lak\u0161ka za \u010detkanje i oblikovanje.<\/p>\n<p>Glicerin omek\u0161ava dlaku, spre\u010dava prekomerno linjanje, i daje dlaci elasti\u010dnost.<\/p>\n<p>Zahvaljuju\u0107i ne\u017enoj formuli pogodan je za ljubimce sa osetljivom ko\u017eom i dlakom.<\/p>\n<p>Cela linija prizvoda je proizvedena koriste\u0107i &#8220;Zelenu energiju&#8221; i dolazi u pakovanju koje je lako za recikla\u017eu.<\/p>\n<p><strong>Sastav:<br \/>\n<\/strong>Voda, Glicerin, Bitirospermum Parkii (\u0160i) Puter, Cetearil Alkohol, Gliceril Stearat SE, Behentrimonijum hlorid, Hidrolizovana svila, Ekstrakt Persea Gratissima (Avokado), Urea, Guar Hydroksipropiltrimonijum hlorid, Natrijum Laktat, Skrob Hidroxipropiltrimonijum hlorid, Lakti\u010dka kiselina , Kalijum Sorbat, Natrijum Benzoat, Izopropil Alkohol, Natrijum hlorid, Etilheksilglicerin, Fenoksietanol, Parfem, Linalol.<\/p>\n<p><strong>Uputstvo za upotrebu:<br \/>\n<\/strong>Razbla\u017eite masku sa mlakom vodom u srazmeri 1:10 i ravnomerno utrljajte po celoj dlaci.<\/p>\n<p>Masirati 3 minuta i isprati mlakom vodom.<\/p>\n<p><strong>Upozorenje:<br \/>\n<\/strong>Samo za spolja\u0161nju upotrebu.<\/p>\n<p>Dr\u017eati dalje od doma\u0161aja dece<\/p>\n<p>Proizvo\u0111a\u010d: AKVATERA LT, UAB; EU<br \/>\nZemlja porekla: Litvanija<\/p>\n\n    <div class=\"xs_social_share_widget xs_share_url after_content \t\tmain_content  wslu-style-1 wslu-share-box-shaped wslu-fill-colored wslu-none wslu-share-horizontal wslu-theme-font-no wslu-main_content\">\n\n\t\t\n        <ul>\n\t\t\t        <\/ul>\n    <\/div>","protected":false},"excerpt":{"rendered":"<p>Maska\/kondicioner sa\u010dinjen od sastojaka najvi\u0161eg kvaliteta oja\u010dava dlaku, dubinski vla\u017ei ko\u017eu i dlaku a dlaci daje sjaj.<\/p>","protected":false},"featured_media":18750,"comment_status":"open","ping_status":"closed","template":"","meta":{"_acf_changed":false},"pwb-brand":[374],"product_cat":[344,80,47,104,368,389],"product_tag":[],"class_list":{"0":"post-18689","1":"product","2":"type-product","3":"status-publish","4":"has-post-thumbnail","6":"pwb-brand-tauro-pro-line","7":"product_cat-regeneratori-za-macke","8":"product_cat-higijena-nega-macaka","9":"product_cat-psi","10":"product_cat-higijena-i-nega-pasa","11":"product_cat-regeneratori-za-pse","12":"product_cat-higijenski-proizvodi-higijena-i-nega-pasa","14":"first","15":"outofstock","16":"taxable","17":"shipping-taxable","18":"purchasable","19":"product-type-simple"},"acf":[],"brands":[{"id":374,"name":"Tauro Pro Line","slug":"tauro-pro-line"}],"_links":{"self":[{"href":"https:\/\/pawz.rs\/en\/wp-json\/wp\/v2\/product\/18689","targetHints":{"allow":["GET"]}}],"collection":[{"href":"https:\/\/pawz.rs\/en\/wp-json\/wp\/v2\/product"}],"about":[{"href":"https:\/\/pawz.rs\/en\/wp-json\/wp\/v2\/types\/product"}],"replies":[{"embeddable":true,"href":"https:\/\/pawz.rs\/en\/wp-json\/wp\/v2\/comments?post=18689"}],"wp:featuredmedia":[{"embeddable":true,"href":"https:\/\/pawz.rs\/en\/wp-json\/wp\/v2\/media\/18750"}],"wp:attachment":[{"href":"https:\/\/pawz.rs\/en\/wp-json\/wp\/v2\/media?parent=18689"}],"wp:term":[{"taxonomy":"pwb-brand","embeddable":true,"href":"https:\/\/pawz.rs\/en\/wp-json\/wp\/v2\/pwb-brand?post=18689"},{"taxonomy":"product_cat","embeddable":true,"href":"https:\/\/pawz.rs\/en\/wp-json\/wp\/v2\/product_cat?post=18689"},{"taxonomy":"product_tag","embeddable":true,"href":"https:\/\/pawz.rs\/en\/wp-json\/wp\/v2\/product_tag?post=18689"}],"curies":[{"name":"wp","href":"https:\/\/api.w.org\/{rel}","templated":true}]}}