{"id":18693,"date":"2023-11-02T13:12:44","date_gmt":"2023-11-02T12:12:44","guid":{"rendered":"https:\/\/pawz.rs\/?post_type=product&#038;p=18693"},"modified":"2025-02-08T12:05:40","modified_gmt":"2025-02-08T11:05:40","slug":"tauro-pro-line-pure-nature-herbal-detox-deep-clean-shampoo-400-ml","status":"publish","type":"product","link":"https:\/\/pawz.rs\/en\/tauro-pro-line-pure-nature-herbal-detox-deep-clean-shampoo-400-ml\/","title":{"rendered":"Tauro Pro Line Pure Nature Herbal Detox Deep Clean Shampoo 400 ml"},"content":{"rendered":"<p><strong>Tauro Pro Line Pure Nature Herbal Detox Deep Clean Shampoo 400 ml<\/strong><\/p>\n<p>\u0160ampon za dubinsko pranje dlake i ko\u017ee ljubimaca sa esencijalnim uljima 6 biljaka.<\/p>\n<p><strong>1 Korak &#8211; \u010di\u0161\u0107enje<\/strong><\/p>\n<p>\u0160ampon uklanja prljav\u0161tinu, vi\u0161ak ulja, \u010destice pra\u0161ine i tragove prethodno kori\u0161\u010denih proizvoda za \u0107i\u0161\u0107enje dlake i ko\u017ee.<\/p>\n<p>Prvi korak je veoma bitan kako \u0161ampon dubinski ukljanja prljav\u0161tinu poput vi\u0161ka ulja (veoma \u010desta pojava kod ljubimaca sa masnijom ko\u017eom), \u010destica pra\u0161ine koji se nagomilavaju usled delovanja spolja\u0161nje okoline i zaga\u0111enja pogotovo \u0161to su ljubimci bli\u017ee zemlji i tragova prethodno kori\u0161\u0107enih proizvoda za \u010di\u0161\u0107enje dlake i ko\u017ee (de\u0161ava se u slu\u010daju da nisu dobro isprani prilikom kupanja ljubimca).<\/p>\n<p><strong>Benefiti:<\/strong><\/p>\n<ul>\n<li>97% sastojaka su prirodnog porekla<\/li>\n<li>\u00a06 aktivnih sastojaka<\/li>\n<li>Bogat esencijalnim i prirodnim uljima<\/li>\n<li>Ne sadr\u017ei SLS, parabene, mineralna ulja i silikone<\/li>\n<li>Pogodan za pse i ma\u010dke svih rasa<\/li>\n<li>Pogodan za sve tipove dlake<\/li>\n<li>Napravljen u saradnji sa odgajiva\u010dima<\/li>\n<\/ul>\n<p><strong>Aktivni sastojci:<\/strong><\/p>\n<ul>\n<li>Ulje No\u0107urka &#8211; vla\u017ei i hrani ko\u017eu<\/li>\n<li>Ulje p\u0161eni\u010dnih klica &#8211; vla\u017ei dlaku i oja\u010dava folikul<\/li>\n<li>Esencijalno ulje limunove trave &#8211; bori se protiv peruti<\/li>\n<li>Esencijalno ulje komora\u010da &#8211; oja\u010dava dlaku iznutra<\/li>\n<li>Ulje \u0161ipka &#8211; pobolj\u0161ava cirkulaciju krvi i oja\u010dava folikul dlake<\/li>\n<li>Esencijalno ulje nane &#8211; pobolj\u0161ava cirkulaciju krvi<\/li>\n<\/ul>\n<p>Ovaj \u0161ampon, zahvaljuju\u0107i svom sastavu vla\u017ei i hrani ko\u017eu, vla\u017ei dlaku i oja\u010dava folikul, bori se protiv peruti, pobolj\u0161ava cirkulaciju krvi<\/p>\n<p>Cela linija proizvoda je proizvedena koriste\u0107i &#8220;Zelenu energiju&#8221; i dolazi u pakovanju koje je lako za recikla\u017eu.<\/p>\n<p><strong>Sastav:<\/strong><br \/>\nVoda, Natrijum Koko-Sulfat, Glicerin, Koko-Glukozid, Koko-Betain, Lauril Glukozide, Ulje Oenothera Biennis (No\u0107urak), Ulje lista Cymbopogon Flexuosus (Limunova trava), Ulje Triticum Vulgare (P\u0161eni\u010dne klice),Ulje semena Foeniculum Vulgare Dulce (Slatki Komora\u010d), Ekstrakt cveta Hibiscus Rosa-Sinensis (Hibiskus), Ulje semena Helianthus Annuus (Suncokret) Seed Oil, Ulje lista Mentha Piperita (Nana), Gliceril Oleat, Alantoin, Polikuaternijum-10, Caprilil Glikcl, Fenetil Alkohol, Citri\u010dna kiselina, PEG-40 Hidrogenizovano Ricinusovo ulje, Citral<\/p>\n<p><strong>Uputstvo za upotrebu:<br \/>\n<\/strong>Razbla\u017eite \u0161ampon sa mlakom vodom u srazmeri 1:10, pokvasite dlaku i ravnomerno utrljajte po celoj dlaci.<\/p>\n<p>Masirati 3 minuta i isprati mlakom vodom.<\/p>\n<p><strong>Upozorenje:<br \/>\n<\/strong>Samo za spolja\u0161nju upotrebu.<\/p>\n<p>Dr\u017eati dalje od doma\u0161aja dece<\/p>\n<p>Proizvo\u0111a\u010d: AKVATERA LT, UAB; EU<br \/>\nZemlja porekla: Litvanija<\/p>\n\n    <div class=\"xs_social_share_widget xs_share_url after_content \t\tmain_content  wslu-style-1 wslu-share-box-shaped wslu-fill-colored wslu-none wslu-share-horizontal wslu-theme-font-no wslu-main_content\">\n\n\t\t\n        <ul>\n\t\t\t        <\/ul>\n    <\/div>","protected":false},"excerpt":{"rendered":"<p>\u0160ampon za dubinsko pranje dlake i ko\u017ee ljubimaca sa esencijalnim uljima 6 biljaka.<\/p>","protected":false},"featured_media":18739,"comment_status":"open","ping_status":"closed","template":"","meta":{"_acf_changed":false},"pwb-brand":[374],"product_cat":[80,343,47,104,369],"product_tag":[],"class_list":{"0":"post-18693","1":"product","2":"type-product","3":"status-publish","4":"has-post-thumbnail","6":"pwb-brand-tauro-pro-line","7":"product_cat-higijena-nega-macaka","8":"product_cat-samponi-za-macke","9":"product_cat-psi","10":"product_cat-higijena-i-nega-pasa","11":"product_cat-samponi-za-pse","13":"first","14":"instock","15":"taxable","16":"shipping-taxable","17":"purchasable","18":"product-type-simple"},"acf":[],"brands":[{"id":374,"name":"Tauro Pro Line","slug":"tauro-pro-line"}],"_links":{"self":[{"href":"https:\/\/pawz.rs\/en\/wp-json\/wp\/v2\/product\/18693","targetHints":{"allow":["GET"]}}],"collection":[{"href":"https:\/\/pawz.rs\/en\/wp-json\/wp\/v2\/product"}],"about":[{"href":"https:\/\/pawz.rs\/en\/wp-json\/wp\/v2\/types\/product"}],"replies":[{"embeddable":true,"href":"https:\/\/pawz.rs\/en\/wp-json\/wp\/v2\/comments?post=18693"}],"wp:featuredmedia":[{"embeddable":true,"href":"https:\/\/pawz.rs\/en\/wp-json\/wp\/v2\/media\/18739"}],"wp:attachment":[{"href":"https:\/\/pawz.rs\/en\/wp-json\/wp\/v2\/media?parent=18693"}],"wp:term":[{"taxonomy":"pwb-brand","embeddable":true,"href":"https:\/\/pawz.rs\/en\/wp-json\/wp\/v2\/pwb-brand?post=18693"},{"taxonomy":"product_cat","embeddable":true,"href":"https:\/\/pawz.rs\/en\/wp-json\/wp\/v2\/product_cat?post=18693"},{"taxonomy":"product_tag","embeddable":true,"href":"https:\/\/pawz.rs\/en\/wp-json\/wp\/v2\/product_tag?post=18693"}],"curies":[{"name":"wp","href":"https:\/\/api.w.org\/{rel}","templated":true}]}}