{"id":18694,"date":"2023-11-02T13:12:45","date_gmt":"2023-11-02T12:12:45","guid":{"rendered":"https:\/\/pawz.rs\/?post_type=product&#038;p=18694"},"modified":"2025-02-08T12:05:39","modified_gmt":"2025-02-08T11:05:39","slug":"tauro-pro-line-pure-nature-fur-growth-shampoo-400-ml","status":"publish","type":"product","link":"https:\/\/pawz.rs\/en\/tauro-pro-line-pure-nature-fur-growth-shampoo-400-ml\/","title":{"rendered":"Tauro Pro Line Pure Nature Fur Growth Shampoo 400 ml"},"content":{"rendered":"<p><strong>Tauro Pro Line Pure Nature Fur Growth Shampoo 400 ml<\/strong><\/p>\n<p>\u0160ampon koji stimuli\u0161e rast dlake, pobolj\u0161a njenu strukturu i nahrani je korisnim materijama.<\/p>\n<p><strong>2 Korak &#8211; funkcionalnost<\/strong><\/p>\n<p>Drugi korak dovodi do izra\u017eaja i poja\u010dava \u017eeljene rezultate kupanja.<\/p>\n<p>Drugi korak je dovo\u0111enje ko\u017ee i dlake u optimalno funkcionalno stanje.<\/p>\n<p>Kako bi se dobili najbolji rezultati neophodno je pravilno obaviti prvi korak a to je \u010di\u0161\u0107enje.<\/p>\n<p>Funkcionalni \u0161ampon \u0107e svoj posao odraditi kako treba isklju\u010divo ukoliko su dlaka i ko\u017ea pravilno pripremljeni ( temeljno oprani, pore su otvorene a ko\u017ea i dlaka spremni da apsorbuju prirodne i efktne supstance ).<\/p>\n<p>U ovom koraku odre\u0111ujemo koja nam je primarna funkcionalnost koju treba da imaju dlaka i ko\u017ea na\u0161eg ljubimca.<\/p>\n<p>To mo\u017ee biti intenzivna hidratacija, dodavanje volumena dlaci ili oja\u010davanje dlake.<\/p>\n<p>Svaki tip dlake zahteva razli\u010dit tretman te je jako bitno kakav tretman je neophodan tipu dlake Va\u0161eg ljubimca.<\/p>\n<p><strong>Benefiti:<\/strong><\/p>\n<ul>\n<li>96% sastojaka su prirodnog porekla<\/li>\n<li>8 aktivnih sastojaka<\/li>\n<li>Sastav je bogat esencijalnim i prirodnim uljima<\/li>\n<li>Pogodan za pse i ma\u010dke svih rasa<\/li>\n<li>Ne sadr\u017ei silikone, SLS i parabene<\/li>\n<li>Napravljen u saradnji sa odgajiva\u010dima<\/li>\n<\/ul>\n<p><strong>Aktivni sastojci:<\/strong><\/p>\n<ul>\n<li>Esencijalno ulje Lavande &#8211; Poma\u017ee rast dlake<\/li>\n<li>Esencijalno ulje Kedra &#8211; poma\u017ee rast dlake i i hrani folikule<\/li>\n<li>Esencijalno ulje Limunove trave &#8211; poma\u017ee smanjenju peruti<\/li>\n<li>Esencijalnu ulje Ylang Ylang &#8211; popravlja teksturu dlake<\/li>\n<li>Esencijalno ulje Mu\u0161katnog ora\u0161\u010di\u0107a &#8211; poma\u017ee tanjoj dlaci<\/li>\n<li>Esencijalno ulje Nane &#8211; poma\u017ee rast dlake<\/li>\n<li>Esencijalno ulje drveta \u010cajevca &#8211; poma\u017ee kod \u010di\u0161\u0107enja dlake<\/li>\n<\/ul>\n<p>Ovaj \u0161ampon poma\u017ee rast dlake i i hrani folikule, poma\u017ee smanjenju peruti, popravlja teksturu dlake, poma\u017ee tanjoj dlaci<\/p>\n<p>Cela linija proizvoda je proizvedena koriste\u0107i &#8220;Zelenu energiju&#8221; i dolazi u pakovanju koje je lako za recikla\u017eu.<\/p>\n<p><strong>Sastav:<br \/>\n<\/strong>Voda, Natrijum Koko-Sulfat, Glicerin, Koko-Glukozid, Koko-Betain, Lauril Glukozid, Ulje Lavandula Angustifolia, Ulje Cedrus Atlantica, Ulje lista Cymbopogon Flexuosus, Ekstrakt vo\u0107a\u00a0 Vanilla Planifolia, Ulje semena Simmondsia Chinensis, Ulje lista Rosmarinus Officinalis, Ulje cveta Cananga Odorata, Ulje ljuske Myristica Fragrans Kernel, Ulje biljke Mentha Arvensis, Ulje lista Melaleuca Alternifolia, Gliceril Oleat, PEG-40 Hidrogenizovano Ricinusovo ulje, Alantoin, Natrijum hlorid, Etilheksilglicerin, Fenoksietanol, Citri\u010dna kiselina, Polikuaternijum-10, Linalol, Citral.<\/p>\n<p><strong>Uputstvo za upotrebu:<br \/>\n<\/strong>Razbla\u017eite \u0161ampon sa mlakom vodom u srazmeri 1:10, pokvasite dlaku i ravnomerno utrljajte po celoj dlaci.<\/p>\n<p>Masirati 3 minuta i isprati mlakom vodom.<\/p>\n<p><strong>Upozorenje:<br \/>\n<\/strong>Samo za spolja\u0161nju upotrebu.<\/p>\n<p>Dr\u017eati dalje od doma\u0161aja dece<\/p>\n<p>Proizvo\u0111a\u010d: AKVATERA LT, UAB; EU<br \/>\nZemlja porekla: Litvanija<\/p>\n\n    <div class=\"xs_social_share_widget xs_share_url after_content \t\tmain_content  wslu-style-1 wslu-share-box-shaped wslu-fill-colored wslu-none wslu-share-horizontal wslu-theme-font-no wslu-main_content\">\n\n\t\t\n        <ul>\n\t\t\t        <\/ul>\n    <\/div>","protected":false},"excerpt":{"rendered":"<p>\u0160ampon koji stimuli\u0161e rast dlake, pobolj\u0161a njenu strukturu i nahrani je korisnim materijama.<\/p>","protected":false},"featured_media":18736,"comment_status":"open","ping_status":"closed","template":"","meta":{"_acf_changed":false},"pwb-brand":[374],"product_cat":[80,343,47,104,369],"product_tag":[],"class_list":{"0":"post-18694","1":"product","2":"type-product","3":"status-publish","4":"has-post-thumbnail","6":"pwb-brand-tauro-pro-line","7":"product_cat-higijena-nega-macaka","8":"product_cat-samponi-za-macke","9":"product_cat-psi","10":"product_cat-higijena-i-nega-pasa","11":"product_cat-samponi-za-pse","13":"first","14":"instock","15":"taxable","16":"shipping-taxable","17":"purchasable","18":"product-type-simple"},"acf":[],"brands":[{"id":374,"name":"Tauro Pro Line","slug":"tauro-pro-line"}],"_links":{"self":[{"href":"https:\/\/pawz.rs\/en\/wp-json\/wp\/v2\/product\/18694","targetHints":{"allow":["GET"]}}],"collection":[{"href":"https:\/\/pawz.rs\/en\/wp-json\/wp\/v2\/product"}],"about":[{"href":"https:\/\/pawz.rs\/en\/wp-json\/wp\/v2\/types\/product"}],"replies":[{"embeddable":true,"href":"https:\/\/pawz.rs\/en\/wp-json\/wp\/v2\/comments?post=18694"}],"wp:featuredmedia":[{"embeddable":true,"href":"https:\/\/pawz.rs\/en\/wp-json\/wp\/v2\/media\/18736"}],"wp:attachment":[{"href":"https:\/\/pawz.rs\/en\/wp-json\/wp\/v2\/media?parent=18694"}],"wp:term":[{"taxonomy":"pwb-brand","embeddable":true,"href":"https:\/\/pawz.rs\/en\/wp-json\/wp\/v2\/pwb-brand?post=18694"},{"taxonomy":"product_cat","embeddable":true,"href":"https:\/\/pawz.rs\/en\/wp-json\/wp\/v2\/product_cat?post=18694"},{"taxonomy":"product_tag","embeddable":true,"href":"https:\/\/pawz.rs\/en\/wp-json\/wp\/v2\/product_tag?post=18694"}],"curies":[{"name":"wp","href":"https:\/\/api.w.org\/{rel}","templated":true}]}}