{"id":18703,"date":"2023-11-02T13:14:10","date_gmt":"2023-11-02T12:14:10","guid":{"rendered":"https:\/\/pawz.rs\/?post_type=product&#038;p=18703"},"modified":"2024-02-21T13:55:54","modified_gmt":"2024-02-21T12:55:54","slug":"tauro-pro-line-pure-nature-moisturizing-coat-conditioner-400-ml","status":"publish","type":"product","link":"https:\/\/pawz.rs\/en\/tauro-pro-line-pure-nature-moisturizing-coat-conditioner-400-ml\/","title":{"rendered":"Tauro Pro Line Pure Nature Moisturizing Coat Conditioner 400 ml"},"content":{"rendered":"<p><strong>Tauro Pro Line Pure Nature Moisturizing Coat Conditioner 400 ml<\/strong><\/p>\n<p>Maska\/kondicioner koji ne\u017eno revitalizuje dlaku ljubimaca ne\u017eno je hidriraju\u0107i.<\/p>\n<p>Idealan je za suvu i o\u0161te\u0107enu dlaku.<\/p>\n<p><strong>3 Korak &#8211; fiksiranje &#8211; kondicioniranje dlake, fiksiranje rezultata i odr\u017eavanje vla\u017enosti dlake<\/strong><\/p>\n<p>Tre\u0107i korak dovodi do fiksiranja rezultata prethodna dva koraka.<\/p>\n<p>Tre\u0107i korak je poslednji u procesu.<\/p>\n<p>Maska ili kondicioner treba da budu odabrani na osnovu rezultata koji \u017eelite da postignete sa dlakom va\u0161eg ljubimca.<\/p>\n<p>Va\u017eno je uzeti u obzir tip dlake ljubimca i da li \u017eelite da postignete maksimalni volumen dlake i npr intenzivnu hidrataciju.<\/p>\n<p>Maska ili kondicioner \u0107e pa\u017eljivo zatvoriti vrhove dlake, pru\u017eiti za\u0161titu od nepovoljnih uticaja okolinei spremiti dlaku za su\u0161enje i \u010de\u0161ljanje.<\/p>\n<p>Zatvaranje folukula dlake je jako va\u017eno zato \u0161to, ako se to ne uradi, dlaka postaje \u010dupava a prljav\u0161tina se lak\u0161e lepi za nju.<\/p>\n<p>Tre\u0107i korak pru\u017ea dugotrajne rezultate.<\/p>\n<p><strong>Benefiti:<\/strong><\/p>\n<ul>\n<li>97% sastojaka su prirodnog porekla<\/li>\n<li>6 aktivnih sastojaka<\/li>\n<li>Sastav je bogat esencijalnim i prirodnim uljima<\/li>\n<li>Pogodan za pse i ma\u010dke svih rasa<\/li>\n<li>Ne sadr\u017ei silikone, SLS i parabene<\/li>\n<li>Napravljen u saradnji sa odgajiva\u010dima<\/li>\n<\/ul>\n<p><strong>Aktivni sastojci:<\/strong><\/p>\n<ul>\n<li>Maslinovo Ulje &#8211; pove\u0107ava elsati\u010dnost dlake<\/li>\n<li>Esencijalno ulje slatke pomorand\u017ee &#8211; hidrira dlaku<\/li>\n<li>Muru Muru puter &#8211; hidrira dlaku i ko\u017eu<\/li>\n<li>Esencijalno Ylang Ylang &#8211; pobolj\u0161ava strukturu dlake i spre\u010dava njeno lomljenje<\/li>\n<li>Esencijalno ulje Ruzmarina &#8211; spre\u010dava opadanje dlake\u00a0 i pobolj\u0161ava njen rast<\/li>\n<li>Esencijalno Ulje Limete\u00a0 &#8211; daje dlaci bujnost<\/li>\n<\/ul>\n<p>Ova maska\/kondicioner pove\u0107ava elsati\u010dnost dlake, hidrira dlaku i ko\u017eu, pobolj\u0161ava strukturu dlake i spre\u010dava njeno lomljenje, spre\u010dava opadanje dlake\u00a0 i pobolj\u0161ava njen rast, daje dlaci bujnost<\/p>\n<p>Cela linija proizvoda je proizvedena koriste\u0107i &#8220;Zelenu energiju&#8221; i dolazi u pakovanju koje je lako za recikla\u017eu.<\/p>\n<p><strong>Sastav:<\/strong><br \/>\nVoda, Cetearil Alkohol, koko-Caprilate, Glicerin, Behenamidopropil Dimetilamin, Behentrimonijum hlorid, Ulje vo\u0107a Olea Europaea, Presovano ulje kore Citrus Sinensis, Seme putera Astrocaryum Murumuru, Ulje cveta Cananga Odorata, Ulje lista Rosmarinus Officinalis, Ulje Citrus Aurantifolia, Tokoferol Acetat, Pantenol, Lakti\u010dka kiselina, Izopropil Alkohol, fenoksietanol, Etilheksilglicerin, Limonena, Linalol, Citronelol.<\/p>\n<p><strong>Uputstvo za upotrebu:<br \/>\n<\/strong>Razbla\u017eite masku\/kondicioner sa mlakom vodom u srazmeri 1:10, pokvasite dlaku i ravnomerno utrljajte po celoj dlaci.<\/p>\n<p>Ostaviti da stoji 3 minuta i isprati mlakom vodom.<\/p>\n<p><strong>Upozorenje:<br \/>\n<\/strong>Samo za spolja\u0161nju upotrebu.<\/p>\n<p>Dr\u017eati dalje od doma\u0161aja dece<\/p>\n<p>Proizvo\u0111a\u010d: AKVATERA LT, UAB; EU<br \/>\nZemlja porekla: Litvanija<\/p>\n\n    <div class=\"xs_social_share_widget xs_share_url after_content \t\tmain_content  wslu-style-1 wslu-share-box-shaped wslu-fill-colored wslu-none wslu-share-horizontal wslu-theme-font-no wslu-main_content\">\n\n\t\t\n        <ul>\n\t\t\t        <\/ul>\n    <\/div>","protected":false},"excerpt":{"rendered":"<p>Maska\/kondicioner koji ne\u017eno revitalizuje dlaku ljubimaca ne\u017eno je hidriraju\u0107i.<\/p>","protected":false},"featured_media":18759,"comment_status":"open","ping_status":"closed","template":"","meta":{"_acf_changed":false},"pwb-brand":[374],"product_cat":[344,80,47,104,368,389],"product_tag":[],"class_list":{"0":"post-18703","1":"product","2":"type-product","3":"status-publish","4":"has-post-thumbnail","6":"pwb-brand-tauro-pro-line","7":"product_cat-regeneratori-za-macke","8":"product_cat-higijena-nega-macaka","9":"product_cat-psi","10":"product_cat-higijena-i-nega-pasa","11":"product_cat-regeneratori-za-pse","12":"product_cat-higijenski-proizvodi-higijena-i-nega-pasa","14":"first","15":"instock","16":"taxable","17":"shipping-taxable","18":"purchasable","19":"product-type-simple"},"acf":[],"brands":[{"id":374,"name":"Tauro Pro Line","slug":"tauro-pro-line"}],"_links":{"self":[{"href":"https:\/\/pawz.rs\/en\/wp-json\/wp\/v2\/product\/18703","targetHints":{"allow":["GET"]}}],"collection":[{"href":"https:\/\/pawz.rs\/en\/wp-json\/wp\/v2\/product"}],"about":[{"href":"https:\/\/pawz.rs\/en\/wp-json\/wp\/v2\/types\/product"}],"replies":[{"embeddable":true,"href":"https:\/\/pawz.rs\/en\/wp-json\/wp\/v2\/comments?post=18703"}],"wp:featuredmedia":[{"embeddable":true,"href":"https:\/\/pawz.rs\/en\/wp-json\/wp\/v2\/media\/18759"}],"wp:attachment":[{"href":"https:\/\/pawz.rs\/en\/wp-json\/wp\/v2\/media?parent=18703"}],"wp:term":[{"taxonomy":"pwb-brand","embeddable":true,"href":"https:\/\/pawz.rs\/en\/wp-json\/wp\/v2\/pwb-brand?post=18703"},{"taxonomy":"product_cat","embeddable":true,"href":"https:\/\/pawz.rs\/en\/wp-json\/wp\/v2\/product_cat?post=18703"},{"taxonomy":"product_tag","embeddable":true,"href":"https:\/\/pawz.rs\/en\/wp-json\/wp\/v2\/product_tag?post=18703"}],"curies":[{"name":"wp","href":"https:\/\/api.w.org\/{rel}","templated":true}]}}