{"id":18719,"date":"2023-11-02T13:18:19","date_gmt":"2023-11-02T12:18:19","guid":{"rendered":"https:\/\/pawz.rs\/?post_type=product&#038;p=18719"},"modified":"2025-02-08T11:58:04","modified_gmt":"2025-02-08T10:58:04","slug":"tauro-pro-line-pure-ultra-natural-white-coat-intense-hydrate-mask","status":"publish","type":"product","link":"https:\/\/pawz.rs\/en\/tauro-pro-line-pure-ultra-natural-white-coat-intense-hydrate-mask\/","title":{"rendered":"Tauro Pro Line Pure Ultra Natural White Coat Intense Hydrate Mask"},"content":{"rendered":"<p><strong>Tauro Pro Line Pure Ultra Natural White Coat Intense Hydrate Mask<\/strong><\/p>\n<p>Maska\/Kondicioner koji oja\u010dava dlaku, dubinski hidrira ko\u017eu i dlaku a dlaci daje zdravi sjaj i intenzivira njenu prirodnu belu ili svetlu boju.<\/p>\n<p><strong>3 Korak &#8211; fiksiranje &#8211; kondicioniranje dlake, fiksiranje rezultata i odr\u017eavanje vla\u017enosti dlake<\/strong><\/p>\n<p>Tre\u0107i korak dovodi do fiksiranja rezultata prethodna dva koraka.<\/p>\n<p>Tre\u0107i korak je poslednji u procesu.<\/p>\n<p>Maska ili kondicioner treba da budu odabrani na osnovu rezultata koji \u017eelite da postignete sa dlakom va\u0161eg ljubimca.<\/p>\n<p>Va\u017eno je uzeti u obzir tip dlake ljubimca i da li \u017eelite da postignete maksimalni volumen dlake i npr intenzivnu hidrataciju.<\/p>\n<p>Maska ili kondicioner \u0107e pa\u017eljivo zatvoriti vrhove dlake, pru\u017eiti za\u0161titu od nepovoljnih uticaja okolinei spremiti dlaku za su\u0161enje i \u010de\u0161ljanje.<\/p>\n<p>Zatvaranje folukula dlake je jako va\u017eno zato \u0161to, ako se to ne uradi, dlaka postaje \u010dupava a prljav\u0161tina se lak\u0161e lepi za nju.<\/p>\n<p>Tre\u0107i korak pru\u017ea dugotrajne rezultate.<\/p>\n<p><strong>Benefiti:<\/strong><\/p>\n<ul>\n<li>97% sastojaka su prirodnog porekla<\/li>\n<li>Ne sadr\u017ei SLS, parabene, mineralna ulja i silikone<\/li>\n<li>Pogodan za pse i ma\u010dke<\/li>\n<li>Pogodan belu i svetlu boju dlake<\/li>\n<li>Napravljen u saradnji sa odgajiva\u010dima<\/li>\n<\/ul>\n<p><strong>Aktivni sastojci:<\/strong><\/p>\n<ul>\n<li>Ekstrakt badema &#8211; potpoma\u017ee funkciju za\u0161titnog sloja ko\u017ee kao i njeno op\u0161te stanje, obnavlja strukturu dlake, vla\u017ei ko\u017eu i ima prijatan miris<\/li>\n<li>Ekstrakt meda &#8211; omek\u0161ava i hrani ko\u017eu, daje dlaci svilenkasti sjaj, smanjuje opadanje dlake i poja\u010dava njenu elasti\u010dnost<\/li>\n<li>Pantenol &#8211; smiruje dlaku, olak\u0161ava ra\u0161\u0107e\u0161ljavanje i daje joj zdravi sjaj<\/li>\n<li>Glicerin &#8211; Hidrira ko\u017eu i dlaku<\/li>\n<\/ul>\n<p>Ova maska potpoma\u017ee funkciju za\u0161titnog sloja ko\u017ee kao i njeno op\u0161te stanje, obnavlja strukturu dlake, vla\u017ei ko\u017eu i ima prijatan miris, omek\u0161ava i hrani ko\u017eu, daje dlaci svilenkasti sjaj, smanjuje opadanje dlake i poja\u010dava njenu elasti\u010dnost, dubinski vla\u017ei ko\u017eu i dlaku<\/p>\n<p>Cela linija proizvoda je proizvedena koriste\u0107i &#8220;Zelenu energiju&#8221; i dolazi u pakovanju koje je lako za recikla\u017eu.<\/p>\n<p><strong>Sastav:<br \/>\n<\/strong>Voda, Glicerin, Cetearil Alkohol, Behentrimonium hlorid, Behenamidopropil Dimetilamine, Betain, Gliceril Stearat SE, Ekstrakt meda, Prunus Ekstrakt semena Amygdalus Dulcis (Badem), Pantenol, Alantoin, Ethilheksilglicerin, Fenoksietanol, Lakti\u010dka kiselina, Natrijum Benzoat, Kalijum Sorbat, Izopropil Alkohol, Parfem, Limonena.<\/p>\n<p><strong>Uputstvo za upotrebu:<br \/>\n<\/strong>Razbla\u017eite masku sa mlakom vodom u srazmeri 1:10 i ravnomerno utrljajte po celoj dlaci.<\/p>\n<p>Masirati 3 minuta i isprati mlakom vodom.<\/p>\n<p><strong>Upozorenje:<br \/>\n<\/strong>Samo za spolja\u0161nju upotrebu.<\/p>\n<p>Dr\u017eati dalje od doma\u0161aja dece<\/p>\n<p>Proizvo\u0111a\u010d: AKVATERA LT, UAB; EU<br \/>\nZemlja porekla: Litvanija<\/p>\n\n    <div class=\"xs_social_share_widget xs_share_url after_content \t\tmain_content  wslu-style-1 wslu-share-box-shaped wslu-fill-colored wslu-none wslu-share-horizontal wslu-theme-font-no wslu-main_content\">\n\n\t\t\n        <ul>\n\t\t\t        <\/ul>\n    <\/div>","protected":false},"excerpt":{"rendered":"<p>Maska\/Kondicioner koji oja\u010dava dlaku, dubinski hidrira ko\u017eu i dlaku a dlaci daje zdravi sjaj i intenzivira njenu prirodnu belu ili svetlu boju.<\/p>","protected":false},"featured_media":18733,"comment_status":"open","ping_status":"closed","template":"","meta":{"_acf_changed":false},"pwb-brand":[374],"product_cat":[344,80,47,104,368,389],"product_tag":[],"class_list":{"0":"post-18719","1":"product","2":"type-product","3":"status-publish","4":"has-post-thumbnail","6":"pwb-brand-tauro-pro-line","7":"product_cat-regeneratori-za-macke","8":"product_cat-higijena-nega-macaka","9":"product_cat-psi","10":"product_cat-higijena-i-nega-pasa","11":"product_cat-regeneratori-za-pse","12":"product_cat-higijenski-proizvodi-higijena-i-nega-pasa","14":"first","15":"instock","16":"taxable","17":"shipping-taxable","18":"purchasable","19":"product-type-variable","20":"has-default-attributes"},"acf":[],"brands":[{"id":374,"name":"Tauro Pro Line","slug":"tauro-pro-line"}],"_links":{"self":[{"href":"https:\/\/pawz.rs\/en\/wp-json\/wp\/v2\/product\/18719","targetHints":{"allow":["GET"]}}],"collection":[{"href":"https:\/\/pawz.rs\/en\/wp-json\/wp\/v2\/product"}],"about":[{"href":"https:\/\/pawz.rs\/en\/wp-json\/wp\/v2\/types\/product"}],"replies":[{"embeddable":true,"href":"https:\/\/pawz.rs\/en\/wp-json\/wp\/v2\/comments?post=18719"}],"wp:featuredmedia":[{"embeddable":true,"href":"https:\/\/pawz.rs\/en\/wp-json\/wp\/v2\/media\/18733"}],"wp:attachment":[{"href":"https:\/\/pawz.rs\/en\/wp-json\/wp\/v2\/media?parent=18719"}],"wp:term":[{"taxonomy":"pwb-brand","embeddable":true,"href":"https:\/\/pawz.rs\/en\/wp-json\/wp\/v2\/pwb-brand?post=18719"},{"taxonomy":"product_cat","embeddable":true,"href":"https:\/\/pawz.rs\/en\/wp-json\/wp\/v2\/product_cat?post=18719"},{"taxonomy":"product_tag","embeddable":true,"href":"https:\/\/pawz.rs\/en\/wp-json\/wp\/v2\/product_tag?post=18719"}],"curies":[{"name":"wp","href":"https:\/\/api.w.org\/{rel}","templated":true}]}}