{"id":18780,"date":"2023-11-02T13:14:56","date_gmt":"2023-11-02T12:14:56","guid":{"rendered":"https:\/\/pawz.rs\/?post_type=product&#038;p=18780"},"modified":"2025-02-08T11:58:48","modified_gmt":"2025-02-08T10:58:48","slug":"tauro-pro-line-ultra-natural-care-volume-boost-mask","status":"publish","type":"product","link":"https:\/\/pawz.rs\/en\/tauro-pro-line-ultra-natural-care-volume-boost-mask\/","title":{"rendered":"Tauro Pro Line Ultra Natural Care Volume Boost Mask"},"content":{"rendered":"<p><strong>Tauro Pro Line Ultra Natural Care Volume Boost Mask<\/strong><\/p>\n<p>Maska\/kondicioner sa\u010dinjen od sastojaka najvi\u0161eg kvaliteta koji pove\u0107ava volumen dlake.<\/p>\n<p><strong>3 Korak &#8211; fiksiranje &#8211; kondicioniranje dlake, fiksiranje rezultata i odr\u017eavanje vla\u017enosti dlake<\/strong><\/p>\n<p>Tre\u0107i korak dovodi do fiksiranja rezultata prethodna dva koraka.<\/p>\n<p>Tre\u0107i korak je poslednji u procesu.<\/p>\n<p>Maska ili kondicioner treba da budu odabrani na osnovu rezultata koji \u017eelite da postignete sa dlakom va\u0161eg ljubimca.<\/p>\n<p>Va\u017eno je uzeti u obzir tip dlake ljubimca i da li \u017eelite da postignete maksimalni volumen dlake i npr intenzivnu hidrataciju.<\/p>\n<p>Maska ili kondicioner \u0107e pa\u017eljivo zatvoriti vrhove dlake, pru\u017eiti za\u0161titu od nepovoljnih uticaja okolinei spremiti dlaku za su\u0161enje i \u010de\u0161ljanje.<\/p>\n<p>Zatvaranje folukula dlake je jako va\u017eno zato \u0161to, ako se to ne uradi, dlaka postaje \u010dupava a prljav\u0161tina se lak\u0161e lepi za nju.<\/p>\n<p>Tre\u0107i korak pru\u017ea dugotrajne rezultate.<\/p>\n<p><strong>Benefiti:<\/strong><\/p>\n<ul>\n<li>95% sastojaka su prirodnog porekla<\/li>\n<li>Ne sadr\u017ei SLS, parabene, mineralna ulja i silikone<\/li>\n<li>Pogodan za pse i ma\u010dke<\/li>\n<li>Pogodan za sve tipove dlake<\/li>\n<li>Napravljen u saradnji sa odgajiva\u010dima<\/li>\n<\/ul>\n<p><strong>Aktivni sastojci:<\/strong><\/p>\n<ul>\n<li>Proteini p\u0161enice &#8211; obnavljaju dlaku, i pru\u017eaju vla\u017enost dlaci i ko\u017ei<\/li>\n<li>Ulje slatkog badema &#8211; omek\u0161ava i hrani ko\u017eu, smanjuje linjanje, daje dlaci svilenkasti sjaj, poja\u010dava elsati\u010dnost dlake<\/li>\n<\/ul>\n<p>Maska poma\u017ee da dlaka Va\u0161eg ljubimca bude gu\u0161\u0107a, da joj se vrati prirodna lepota, zdrav sjaj i volumen.<\/p>\n<p>Ulje slatkog badema omek\u0161ava i hrani ko\u017eu, smanjuje linjanje, daje dlaci svilenkasti sjaj, poja\u010dava elsati\u010dnost dlake.<\/p>\n<p>Proteini p\u0161enice obnavljaju dlaku, i pru\u017eaju vla\u017enost dlaci i ko\u017ei.<\/p>\n<p>Zahvaljuju\u0107i ne\u017enoj formuli pogodan je za ljubimce sa osetljivom ko\u017eom i dlakom.<\/p>\n<p>Cela linija proizvoda je proizvedena koriste\u0107i &#8220;Zelenu energiju&#8221; i dolazi u pakovanju koje je lako za recikla\u017eu.<\/p>\n<p><strong>Sastav:<br \/>\n<\/strong>Voda, Cetearil Alkohol, Behenamidopropil Dimetilamin, Gliceril Stearat SE, Hidrogenizovani skrob hidrolizat, Prunus Amigdalus Dulcis Ulje, lakti\u010dka kiselina, PPG-3 Caprilil Eter, Hidrolizovani proteini p\u0161enice, Polikuaternijum-10, Olus Ulje, Fenoxietanol, Etilheksilglicerin, Natrijum Benzoate, Parfem, Benzil Salikilat, Hexil Cinnmal.<\/p>\n<p><strong>Uputstvo za upotrebu:<br \/>\n<\/strong>Razbla\u017eite masku sa mlakom vodom u srazmeri 1:10 i ravnomerno utrljajte po celoj dlaci.<\/p>\n<p>Masirati 3 minuta i isprati mlakom vodom.<\/p>\n<p><strong>Upozorenje:<br \/>\n<\/strong>Samo za spolja\u0161nju upotrebu.<\/p>\n<p>Dr\u017eati dalje od doma\u0161aja dece<\/p>\n<p>Proizvo\u0111a\u010d: AKVATERA LT, UAB; EU<br \/>\nZemlja porekla: Litvanija<\/p>\n\n    <div class=\"xs_social_share_widget xs_share_url after_content \t\tmain_content  wslu-style-1 wslu-share-box-shaped wslu-fill-colored wslu-none wslu-share-horizontal wslu-theme-font-no wslu-main_content\">\n\n\t\t\n        <ul>\n\t\t\t        <\/ul>\n    <\/div>","protected":false},"excerpt":{"rendered":"<p>Maska\/kondicioner sa\u010dinjen od sastojaka najvi\u0161eg kvaliteta koji pove\u0107ava volumen dlake.<\/p>","protected":false},"featured_media":18746,"comment_status":"open","ping_status":"closed","template":"","meta":{"_acf_changed":false},"pwb-brand":[374],"product_cat":[344,80,47,104,368,389],"product_tag":[],"class_list":{"0":"post-18780","1":"product","2":"type-product","3":"status-publish","4":"has-post-thumbnail","6":"pwb-brand-tauro-pro-line","7":"product_cat-regeneratori-za-macke","8":"product_cat-higijena-nega-macaka","9":"product_cat-psi","10":"product_cat-higijena-i-nega-pasa","11":"product_cat-regeneratori-za-pse","12":"product_cat-higijenski-proizvodi-higijena-i-nega-pasa","14":"first","15":"instock","16":"taxable","17":"shipping-taxable","18":"purchasable","19":"product-type-variable","20":"has-default-attributes"},"acf":[],"brands":[{"id":374,"name":"Tauro Pro Line","slug":"tauro-pro-line"}],"_links":{"self":[{"href":"https:\/\/pawz.rs\/en\/wp-json\/wp\/v2\/product\/18780","targetHints":{"allow":["GET"]}}],"collection":[{"href":"https:\/\/pawz.rs\/en\/wp-json\/wp\/v2\/product"}],"about":[{"href":"https:\/\/pawz.rs\/en\/wp-json\/wp\/v2\/types\/product"}],"replies":[{"embeddable":true,"href":"https:\/\/pawz.rs\/en\/wp-json\/wp\/v2\/comments?post=18780"}],"wp:featuredmedia":[{"embeddable":true,"href":"https:\/\/pawz.rs\/en\/wp-json\/wp\/v2\/media\/18746"}],"wp:attachment":[{"href":"https:\/\/pawz.rs\/en\/wp-json\/wp\/v2\/media?parent=18780"}],"wp:term":[{"taxonomy":"pwb-brand","embeddable":true,"href":"https:\/\/pawz.rs\/en\/wp-json\/wp\/v2\/pwb-brand?post=18780"},{"taxonomy":"product_cat","embeddable":true,"href":"https:\/\/pawz.rs\/en\/wp-json\/wp\/v2\/product_cat?post=18780"},{"taxonomy":"product_tag","embeddable":true,"href":"https:\/\/pawz.rs\/en\/wp-json\/wp\/v2\/product_tag?post=18780"}],"curies":[{"name":"wp","href":"https:\/\/api.w.org\/{rel}","templated":true}]}}