{"id":18784,"date":"2023-11-02T13:14:55","date_gmt":"2023-11-02T12:14:55","guid":{"rendered":"https:\/\/pawz.rs\/?post_type=product&#038;p=18784"},"modified":"2025-01-29T09:59:32","modified_gmt":"2025-01-29T08:59:32","slug":"tauro-pro-line-pure-nature-reparing-elixir-no-2-30ml","status":"publish","type":"product","link":"https:\/\/pawz.rs\/en\/tauro-pro-line-pure-nature-reparing-elixir-no-2-30ml\/","title":{"rendered":"Tauro Pro Line Pure Nature Reparing Elixir No.2 &#8211; 30ml"},"content":{"rendered":"<p class=\"my-3 tamnozelena2\"><strong>Tauro Pro Line Pure Nature Reparing Elixir No.2 &#8211; 30ml<\/strong><\/p>\n<p>Hranljivi eliksir koji poma\u017ee da se poprave o\u0161te\u0107enja dlake i povrati joj se sjaj.<\/p>\n<p><strong>Benefiti:<\/strong><\/p>\n<ul>\n<li>18 aktivnih sastojaka<\/li>\n<li>Bogat esencijalnim i prirodnim uljima<\/li>\n<li>Pogodan za pse i ma\u010dke svih rasa<\/li>\n<li>Ne sadr\u017ei silokone, SLS i parabene<\/li>\n<li>Napravljen u saradnji sa odgajiva\u010dima<\/li>\n<\/ul>\n<p><strong>Klju\u010dni sastojci:<\/strong><\/p>\n<ul>\n<li>Esencijalno ulje Eukaliptusa &#8211; ima anti-upalna dejstva<\/li>\n<li>Ulje Konoplje &#8211; pobolj\u0161ava rast dlake<\/li>\n<li>Esencijalno ulje Kopaibe &#8211; balansira masno\u0107u ko\u017ee<\/li>\n<li>Esencijalno ulje Lavande &#8211; spre\u010dava svrab ko\u017ee i pojavu peruti<\/li>\n<li>Esencijalno ulje himalajskog Kedra &#8211; smanjuje gubitak dlake i poma\u017ee njen rast<\/li>\n<li>Ulje ko\u0161tice Kajsije &#8211; hrani i oja\u010dava dlaku<\/li>\n<li>Ulje pirin\u010danih mekinja &#8211; hrani dlaku<\/li>\n<li>Ulje ploda Masline &#8211; hrani i vla\u017ei ko\u017eu<\/li>\n<li>Ulje \u0160ipurka &#8211; smanjuje gubitak dlake<\/li>\n<li>Ulje Andirobe &#8211; pobolj\u0161ava cirkulaciju krvi<\/li>\n<li>Ulje semenki Limuna &#8211; spre\u010dava da ko\u017ea bude masna<\/li>\n<li>Ulje \u0160i oraha &#8211; hrani i vla\u017ei dlaku i ko\u017eu<\/li>\n<li>Ulje semena Argana &#8211; smanjuje kovrd\u017eanje dlake i daje joj sjaj<\/li>\n<li>Esencijalnu ulje Ruzmarina &#8211; ima anti-upalna svojstva<\/li>\n<li>Esencijalno ulje Maj\u010dine du\u0161ice &#8211; poma\u017ee optimalno stanje ko\u017ee<\/li>\n<li>Esencijalno ulje Ylang Ylang &#8211; nagla\u0161ava strukturu dlake<\/li>\n<li>Esencijalno ulje \u017dalfije &#8211; pobolj\u0161ava rast dlake i oja\u010dava je<\/li>\n<\/ul>\n<p><strong>Sastav:<\/strong><br \/>\nLauri\u010dna kiselina, Ulje Cannabis Sativa (Konoplja), Ulje ko\u0161tica Prunus Armeniaca (Kajsija), Glicerin iz povr\u0107a, Esencijalno ulje Eucalyptus Dives (Eukaliptus), PEG-40 Hidrogenizovano ricinusovo ulje, Ulje Pirin\u010danih mekinja Oryza Sativa, Ulje Olea Europaea (Plod Masline) Oil, Ulje ko\u0161tica Citrus Limon (Limun), Esencijalno ulje Copaifera Officinalis (Copaiba Oleoresin), Esencijalno ulje Lavandula Angustifolia (Lavanda), Ulje\u00a0 Hibiscus Rosa \u2013 Sinensis (Hibiskus), Ulje ko\u0161tice Butyrospermum Parkii (\u0160i), Ulje Aloe Barbadensis (Alja Vera) Macerated, Esencijalno ulje Cedrus Deodara (Himalajski Kedar), Ulje\u00a0 Carapa Guianensis (Andiroba), Ulje Argania Spinosa (Argan), Esencijalno ulje Rosmarinus Officinalis (Ruzmarin), Esencijalno ulje Thymus Vulgaris (Thyme Linalool), esencijalno ulje Cananga Odorata (Ylang Ylang), Esencijalno ulje Salvia Sclarea (Clary Sage).<\/p>\n<p><strong>Uputstvo za upotrebu:<br \/>\n<\/strong>Dodati 10-15 kapi eliksira u \u0161ampon ili kondicioner.<\/p>\n<p>Umasirati u ko\u017eu i dlaku od korena do krajeva. Ostaviti da deluje 3-5 minuta i isprati.<\/p>\n<p>Koristite ovaj eliksir i kao uljanu masku: umasirati u dlaku, ostaviti da deluje 20-30 minuta i isprati \u0161amponom.<\/p>\n<p>Proizvo\u0111a\u010d: AKVATERA LT, UAB; EU<br \/>\nZemlja porekla: Litvanija<\/p>\n\n    <div class=\"xs_social_share_widget xs_share_url after_content \t\tmain_content  wslu-style-1 wslu-share-box-shaped wslu-fill-colored wslu-none wslu-share-horizontal wslu-theme-font-no wslu-main_content\">\n\n\t\t\n        <ul>\n\t\t\t        <\/ul>\n    <\/div>","protected":false},"excerpt":{"rendered":"<p>Hranljivi eliksir za oporavak i sjaj dlake Va\u0161eg ljubimca<\/p>","protected":false},"featured_media":18774,"comment_status":"open","ping_status":"closed","template":"","meta":{"_acf_changed":false,"_aa_vp_cena":"1680","_aa_online_cena":"2016"},"pwb-brand":[374],"product_cat":[344,80,104,389,47,368],"product_tag":[],"class_list":{"0":"post-18784","1":"product","2":"type-product","3":"status-publish","4":"has-post-thumbnail","6":"pwb-brand-tauro-pro-line","7":"product_cat-regeneratori-za-macke","8":"product_cat-higijena-nega-macaka","9":"product_cat-higijena-i-nega-pasa","10":"product_cat-higijenski-proizvodi-higijena-i-nega-pasa","11":"product_cat-psi","12":"product_cat-regeneratori-za-pse","14":"first","15":"instock","16":"taxable","17":"shipping-taxable","18":"purchasable","19":"product-type-simple"},"acf":[],"brands":[{"id":374,"name":"Tauro Pro Line","slug":"tauro-pro-line"}],"_links":{"self":[{"href":"https:\/\/pawz.rs\/en\/wp-json\/wp\/v2\/product\/18784","targetHints":{"allow":["GET"]}}],"collection":[{"href":"https:\/\/pawz.rs\/en\/wp-json\/wp\/v2\/product"}],"about":[{"href":"https:\/\/pawz.rs\/en\/wp-json\/wp\/v2\/types\/product"}],"replies":[{"embeddable":true,"href":"https:\/\/pawz.rs\/en\/wp-json\/wp\/v2\/comments?post=18784"}],"wp:featuredmedia":[{"embeddable":true,"href":"https:\/\/pawz.rs\/en\/wp-json\/wp\/v2\/media\/18774"}],"wp:attachment":[{"href":"https:\/\/pawz.rs\/en\/wp-json\/wp\/v2\/media?parent=18784"}],"wp:term":[{"taxonomy":"pwb-brand","embeddable":true,"href":"https:\/\/pawz.rs\/en\/wp-json\/wp\/v2\/pwb-brand?post=18784"},{"taxonomy":"product_cat","embeddable":true,"href":"https:\/\/pawz.rs\/en\/wp-json\/wp\/v2\/product_cat?post=18784"},{"taxonomy":"product_tag","embeddable":true,"href":"https:\/\/pawz.rs\/en\/wp-json\/wp\/v2\/product_tag?post=18784"}],"curies":[{"name":"wp","href":"https:\/\/api.w.org\/{rel}","templated":true}]}}